{"id":549,"date":"2025-03-03T03:16:25","date_gmt":"2025-03-03T03:16:25","guid":{"rendered":"https:\/\/siderealmachine.com\/?page_id=549"},"modified":"2025-12-04T17:53:17","modified_gmt":"2025-12-04T17:53:17","slug":"why-choose-us","status":"publish","type":"page","link":"https:\/\/siderealmachine.com\/es\/why-choose-us\/","title":{"rendered":"Por qu\u00e9 elegirnos"},"content":{"rendered":"<div data-elementor-type=\"wp-page\" data-elementor-id=\"549\" class=\"elementor elementor-549\" data-elementor-post-type=\"page\">\n\t\t\t\t<div class=\"elementor-element elementor-element-19f07cf e-flex e-con-boxed e-con e-parent\" data-id=\"19f07cf\" data-element_type=\"container\" data-settings=\"{&quot;background_background&quot;:&quot;classic&quot;}\">\n\t\t\t\t\t<div class=\"e-con-inner\">\n\t\t\t\t<div class=\"elementor-element elementor-element-94d8493 elementor-widget elementor-widget-heading\" data-id=\"94d8493\" data-element_type=\"widget\" data-widget_type=\"heading.default\">\n\t\t\t\t\t<h1 class=\"elementor-heading-title elementor-size-default\">Por qu\u00e9 elegirnos<\/h1>\t\t\t\t<\/div>\n\t\t\t\t\t<\/div>\n\t\t\t\t<\/div>\n\t\t<div class=\"elementor-element elementor-element-1b61da8 e-flex e-con-boxed e-con e-parent\" data-id=\"1b61da8\" data-element_type=\"container\" data-settings=\"{&quot;background_background&quot;:&quot;classic&quot;}\">\n\t\t\t\t\t<div class=\"e-con-inner\">\n\t\t\t\t<div class=\"elementor-element elementor-element-6d5c2d7 elementor-widget elementor-widget-breadcrumbs\" data-id=\"6d5c2d7\" data-element_type=\"widget\" data-widget_type=\"breadcrumbs.default\">\n\t\t\t\t\t<p id=\"breadcrumbs\"><span><span><a href=\"https:\/\/siderealmachine.com\/es\/\">Inicio<\/a><\/span><\/span><\/p>\t\t\t\t<\/div>\n\t\t\t\t\t<\/div>\n\t\t\t\t<\/div>\n\t\t<div class=\"elementor-element elementor-element-3b2a8e4 e-flex e-con-boxed e-con e-parent\" data-id=\"3b2a8e4\" data-element_type=\"container\">\n\t\t\t\t\t<div class=\"e-con-inner\">\n\t\t\t\t<div class=\"elementor-element elementor-element-18861a6 elementor-widget elementor-widget-text-editor\" data-id=\"18861a6\" data-element_type=\"widget\" data-widget_type=\"text-editor.default\">\n\t\t\t\t\t\t\t\t\t<p>Por qu\u00e9 elegir Sidereal<\/p>\t\t\t\t\t\t\t\t<\/div>\n\t\t\t\t<div class=\"elementor-element elementor-element-e60c974 elementor-widget elementor-widget-text-editor\" data-id=\"e60c974\" data-element_type=\"widget\" data-widget_type=\"text-editor.default\">\n\t\t\t\t\t\t\t\t\t<h4 style=\"padding-left: 40px;\">Calidad sin concesiones<\/h4>\t\t\t\t\t\t\t\t<\/div>\n\t\t\t\t<div class=\"elementor-element elementor-element-443c253 elementor-widget elementor-widget-text-editor\" data-id=\"443c253\" data-element_type=\"widget\" data-widget_type=\"text-editor.default\">\n\t\t\t\t\t\t\t\t\t<p style=\"padding-left: 40px;\">Siempre hemos cre\u00eddo que los productos de calidad con una durabilidad duradera pueden crear un mayor valor para nuestros clientes a largo plazo.<br>Nuestro equipo de llenado est\u00e1 hecho de acero SUS304, las partes en contacto con los materiales est\u00e1n hechas de acero inoxidable 316L y materiales de grado m\u00e9dico. Todos est\u00e1n dise\u00f1ados y fabricados de acuerdo con el est\u00e1ndar GMP.<br>Los interruptores, las fuentes de alimentaci\u00f3n, los rel\u00e9s, los cilindros, el amplificador de fibra \u00f3ptica y otros componentes que desempe\u00f1an papeles importantes en la m\u00e1quina son todos de marcas de calidad internacionalmente conocidas para garantizar la durabilidad, la fiabilidad y el rendimiento a largo plazo de la m\u00e1quina. Las piezas de desgaste Easy est\u00e1n fabricadas con materiales de alta calidad resistentes a la abrasi\u00f3n para prolongar la vida \u00fatil de la m\u00e1quina y reducir la frecuencia de sustituci\u00f3n.<\/p>\t\t\t\t\t\t\t\t<\/div>\n\t\t\t\t<div class=\"elementor-element elementor-element-e3bfc7d elementor-widget elementor-widget-text-editor\" data-id=\"e3bfc7d\" data-element_type=\"widget\" data-widget_type=\"text-editor.default\">\n\t\t\t\t\t\t\t\t\t<h4 style=\"padding-left: 40px;\">Personalizaci\u00f3n flexible<\/h4>\t\t\t\t\t\t\t\t<\/div>\n\t\t\t\t<div class=\"elementor-element elementor-element-96cf6c6 elementor-widget elementor-widget-text-editor\" data-id=\"96cf6c6\" data-element_type=\"widget\" data-widget_type=\"text-editor.default\">\n\t\t\t\t\t\t\t\t\t<p style=\"padding-left: 40px;\">La singularidad marca la diferencia. Tanto si se trata de nuestros equipos de llenado como de sus productos, compartimos los mismos objetivos y la misma visi\u00f3n: marcar la diferencia y servir a los consumidores de todo el mundo.<br \/>El equipo de Sidereal se tomar\u00e1 el tiempo necesario para comprender a fondo sus requisitos de producci\u00f3n, abarcando todos los detalles, desde la velocidad y la precisi\u00f3n de llenado hasta los tama\u00f1os y formas de las botellas, las caracter\u00edsticas de los materiales, los formatos de envasado, la capacidad de producci\u00f3n y los retos espec\u00edficos. Nuestro equipo de ingenieros trabajar\u00e1 estrechamente con usted para dise\u00f1ar conjuntamente una soluci\u00f3n pr\u00e1ctica totalmente personalizada y adaptada a sus objetivos de producci\u00f3n y necesidades operativas.<br \/>Con la escalabilidad en mente, nuestras soluciones est\u00e1n dise\u00f1adas para crecer con su negocio, ofreciendo actualizaciones sencillas y adaptabilidad para alinearse con las nuevas tendencias de envasado o el aumento de la demanda. Adem\u00e1s, todas nuestras m\u00e1quinas est\u00e1n dise\u00f1adas para cumplir las normas y reglamentos internacionales, lo que garantiza la plena conformidad con los requisitos locales y mundiales.<\/p>\t\t\t\t\t\t\t\t<\/div>\n\t\t\t\t<div class=\"elementor-element elementor-element-f4f2a86 elementor-widget elementor-widget-text-editor\" data-id=\"f4f2a86\" data-element_type=\"widget\" data-widget_type=\"text-editor.default\">\n\t\t\t\t\t\t\t\t\t<h4 style=\"padding-left: 40px;\">Servicio de equipo profesional<\/h4>\t\t\t\t\t\t\t\t<\/div>\n\t\t\t\t<div class=\"elementor-element elementor-element-4382744 elementor-widget elementor-widget-text-editor\" data-id=\"4382744\" data-element_type=\"widget\" data-widget_type=\"text-editor.default\">\n\t\t\t\t\t\t\t\t\t<p style=\"padding-left: 40px;\">Gracias a nuestra amplia experiencia en el sector y nuestro compromiso con la excelencia, ofrecemos a nuestros clientes un apoyo personalizado para cada proyecto.<br \/>El equipo de ingenier\u00eda de Sidereal crear\u00e1 un plan exhaustivo de acuerdo con los requisitos espec\u00edficos del cliente, incluidas las especificaciones de la m\u00e1quina y las demandas de funciones opcionales, como sistemas automatizados de taponado, llenado o etiquetado. Para proyectos complejos, crearemos un prototipo para garantizar que el dise\u00f1o se ajusta a sus expectativas antes de la fabricaci\u00f3n. Cada m\u00e1quina se somete a rigurosas pruebas de rendimiento para garantizar un funcionamiento suave y eficaz antes de entregarla a los clientes.<\/p>\t\t\t\t\t\t\t\t<\/div>\n\t\t\t\t<div class=\"elementor-element elementor-element-5cc9b6b elementor-widget elementor-widget-text-editor\" data-id=\"5cc9b6b\" data-element_type=\"widget\" data-widget_type=\"text-editor.default\">\n\t\t\t\t\t\t\t\t\t<h4 style=\"padding-left: 40px;\">Asistencia posventa y orientaci\u00f3n t\u00e9cnica<\/h4>\t\t\t\t\t\t\t\t<\/div>\n\t\t\t\t<div class=\"elementor-element elementor-element-b34729c elementor-widget elementor-widget-text-editor\" data-id=\"b34729c\" data-element_type=\"widget\" data-widget_type=\"text-editor.default\">\n\t\t\t\t\t\t\t\t\t<p style=\"padding-left: 40px;\">Para garantizar un rendimiento \u00f3ptimo de los equipos de llenado, desde la consulta preventa hasta el mantenimiento posventa, el equipo de Sidereal proporciona un apoyo y una orientaci\u00f3n t\u00e9cnica inquebrantables en cada paso del proceso. <br \/>Ofrecemos un a\u00f1o de garant\u00eda para las piezas que no se desgasten, con la opci\u00f3n de ampliar la cobertura seg\u00fan sea necesario.<br \/>Las piezas de repuesto est\u00e1ndar est\u00e1n f\u00e1cilmente disponibles para minimizar el tiempo de inactividad y mantener sus operaciones funcionando sin problemas.<br \/>Con su env\u00edo, recibir\u00e1 un manual impreso del producto e instrucciones de instalaci\u00f3n.<br \/>Adem\u00e1s, le enviaremos una versi\u00f3n electr\u00f3nica del manual y un v\u00eddeo de instalaci\u00f3n directamente a su correo electr\u00f3nico. Si surge alg\u00fan problema durante el funcionamiento, nuestro equipo est\u00e1 disponible 24 horas al d\u00eda, 7 d\u00edas a la semana, para ayudarle. Ofrecemos asistencia personalizada a trav\u00e9s de llamadas de voz o v\u00eddeo y, en caso de problemas m\u00e1s complejos, orientaci\u00f3n y formaci\u00f3n in situ para garantizar que su equipo funcione a la perfecci\u00f3n.<\/p>\t\t\t\t\t\t\t\t<\/div>\n\t\t\t\t<div class=\"elementor-element elementor-element-37c3e67 elementor-widget elementor-widget-text-editor\" data-id=\"37c3e67\" data-element_type=\"widget\" data-widget_type=\"text-editor.default\">\n\t\t\t\t\t\t\t\t\t<h4 style=\"padding-left: 40px;\">Industrias a las que servimos:<\/h4>\t\t\t\t\t\t\t\t<\/div>\n\t\t\t\t<div class=\"elementor-element elementor-element-efa35b1 elementor-widget elementor-widget-text-editor\" data-id=\"efa35b1\" data-element_type=\"widget\" data-widget_type=\"text-editor.default\">\n\t\t\t\t\t\t\t\t\t<p style=\"padding-left: 40px;\">Nuestras soluciones de llenado personalizadas son ideales para una amplia gama de industrias, entre las que se incluyen:<\/p><ul><li style=\"list-style-type: none;\"><ul><li>Alimentaci\u00f3n y bebidas<\/li><li>Productos farmac\u00e9uticos<\/li><li>Productos qu\u00edmicos<\/li><li>Cosm\u00e9tica y cuidado de la piel<\/li><\/ul><\/li><\/ul>\t\t\t\t\t\t\t\t<\/div>\n\t\t\t\t<div class=\"elementor-element elementor-element-a06dfc9 elementor-widget elementor-widget-text-editor\" data-id=\"a06dfc9\" data-element_type=\"widget\" data-widget_type=\"text-editor.default\">\n\t\t\t\t\t\t\t\t\t<p style=\"font-weight: 400; padding-left: 40px;\">No importa lo complejos que sean sus requisitos, el equipo de Sidereal est\u00e1 aqu\u00ed para ofrecerle las soluciones de llenado m\u00e1s eficaces y rentables adaptadas a sus necesidades. P\u00f3ngase en contacto con nosotros hoy mismo para analizar sus necesidades y dar el primer paso hacia la optimizaci\u00f3n de su proceso de producci\u00f3n.<\/p><p style=\"font-weight: 400; padding-left: 40px;\">Gracias por colaborar con nosotros.<\/p>\t\t\t\t\t\t\t\t<\/div>\n\t\t\t\t\t<\/div>\n\t\t\t\t<\/div>\n\t\t\t\t<\/div>","protected":false},"excerpt":{"rendered":"<p>Why Choose Us Why choose Sidereal Uncompromising Quality We always believe that quality products with lasting durability can creat greater value for our clients in the long run.Our filling equipment is made of SUS304 steel, the parts in contact with the materials are made of 316L stainless steel and medical grade materials. All are designed&#8230;<\/p>","protected":false},"author":1,"featured_media":0,"parent":0,"menu_order":0,"comment_status":"closed","ping_status":"closed","template":"","meta":{"_acf_changed":false,"inline_featured_image":false,"_kad_post_transparent":"default","_kad_post_title":"hide","_kad_post_layout":"fullwidth","_kad_post_sidebar_id":"","_kad_post_content_style":"unboxed","_kad_post_vertical_padding":"hide","_kad_post_feature":"hide","_kad_post_feature_position":"","_kad_post_header":false,"_kad_post_footer":false,"footnotes":""},"class_list":["post-549","page","type-page","status-publish","hentry"],"acf":[],"yoast_head":"<!-- This site is optimized with the Yoast SEO plugin v24.5 - https:\/\/yoast.com\/wordpress\/plugins\/seo\/ -->\n<title>Why choose us - Sidereal Machine<\/title>\n<meta name=\"robots\" content=\"index, follow, max-snippet:-1, max-image-preview:large, max-video-preview:-1\" \/>\n<link rel=\"canonical\" href=\"https:\/\/siderealmachine.com\/es\/why-choose-us\/\" \/>\n<meta property=\"og:locale\" content=\"es_ES\" \/>\n<meta property=\"og:type\" content=\"article\" \/>\n<meta property=\"og:title\" content=\"Why choose us - Sidereal Machine\" \/>\n<meta property=\"og:description\" content=\"Why Choose Us Why choose Sidereal Uncompromising Quality We always believe that quality products with lasting durability can creat greater value for our clients in the long run.Our filling equipment is made of SUS304 steel, the parts in contact with the materials are made of 316L stainless steel and medical grade materials. All are designed...\" \/>\n<meta property=\"og:url\" content=\"https:\/\/siderealmachine.com\/es\/why-choose-us\/\" \/>\n<meta property=\"og:site_name\" content=\"Sidereal Machine\" \/>\n<meta property=\"article:modified_time\" content=\"2025-12-04T17:53:17+00:00\" \/>\n<meta name=\"twitter:card\" content=\"summary_large_image\" \/>\n<script type=\"application\/ld+json\" class=\"yoast-schema-graph\">{\"@context\":\"https:\/\/schema.org\",\"@graph\":[{\"@type\":\"WebPage\",\"@id\":\"https:\/\/siderealmachine.com\/why-choose-us\/\",\"url\":\"https:\/\/siderealmachine.com\/why-choose-us\/\",\"name\":\"Why choose us - Sidereal Machine\",\"isPartOf\":{\"@id\":\"https:\/\/siderealmachine.com\/#website\"},\"datePublished\":\"2025-03-03T03:16:25+00:00\",\"dateModified\":\"2025-12-04T17:53:17+00:00\",\"breadcrumb\":{\"@id\":\"https:\/\/siderealmachine.com\/why-choose-us\/#breadcrumb\"},\"inLanguage\":\"es\",\"potentialAction\":[{\"@type\":\"ReadAction\",\"target\":[\"https:\/\/siderealmachine.com\/why-choose-us\/\"]}]},{\"@type\":\"BreadcrumbList\",\"@id\":\"https:\/\/siderealmachine.com\/why-choose-us\/#breadcrumb\",\"itemListElement\":[{\"@type\":\"ListItem\",\"position\":1,\"name\":\"Home\",\"item\":\"https:\/\/siderealmachine.com\/\"},{\"@type\":\"ListItem\",\"position\":2,\"name\":\"Why choose us\"}]},{\"@type\":\"WebSite\",\"@id\":\"https:\/\/siderealmachine.com\/#website\",\"url\":\"https:\/\/siderealmachine.com\/\",\"name\":\"Sidereal Machine\",\"description\":\"\",\"publisher\":{\"@id\":\"https:\/\/siderealmachine.com\/#organization\"},\"potentialAction\":[{\"@type\":\"SearchAction\",\"target\":{\"@type\":\"EntryPoint\",\"urlTemplate\":\"https:\/\/siderealmachine.com\/?s={search_term_string}\"},\"query-input\":{\"@type\":\"PropertyValueSpecification\",\"valueRequired\":true,\"valueName\":\"search_term_string\"}}],\"inLanguage\":\"es\"},{\"@type\":\"Organization\",\"@id\":\"https:\/\/siderealmachine.com\/#organization\",\"name\":\"Sidereal Machine\",\"url\":\"https:\/\/siderealmachine.com\/\",\"logo\":{\"@type\":\"ImageObject\",\"inLanguage\":\"es\",\"@id\":\"https:\/\/siderealmachine.com\/#\/schema\/logo\/image\/\",\"url\":\"https:\/\/siderealmachine.com\/wp-content\/uploads\/2025\/11\/cropped-Sidereal-machine-2.png\",\"contentUrl\":\"https:\/\/siderealmachine.com\/wp-content\/uploads\/2025\/11\/cropped-Sidereal-machine-2.png\",\"width\":686,\"height\":663,\"caption\":\"Sidereal Machine\"},\"image\":{\"@id\":\"https:\/\/siderealmachine.com\/#\/schema\/logo\/image\/\"}}]}<\/script>\n<!-- \/ Yoast SEO plugin. -->","yoast_head_json":{"title":"Why choose us - Sidereal Machine","robots":{"index":"index","follow":"follow","max-snippet":"max-snippet:-1","max-image-preview":"max-image-preview:large","max-video-preview":"max-video-preview:-1"},"canonical":"https:\/\/siderealmachine.com\/es\/why-choose-us\/","og_locale":"es_ES","og_type":"article","og_title":"Why choose us - Sidereal Machine","og_description":"Why Choose Us Why choose Sidereal Uncompromising Quality We always believe that quality products with lasting durability can creat greater value for our clients in the long run.Our filling equipment is made of SUS304 steel, the parts in contact with the materials are made of 316L stainless steel and medical grade materials. All are designed...","og_url":"https:\/\/siderealmachine.com\/es\/why-choose-us\/","og_site_name":"Sidereal Machine","article_modified_time":"2025-12-04T17:53:17+00:00","twitter_card":"summary_large_image","schema":{"@context":"https:\/\/schema.org","@graph":[{"@type":"WebPage","@id":"https:\/\/siderealmachine.com\/why-choose-us\/","url":"https:\/\/siderealmachine.com\/why-choose-us\/","name":"Why choose us - Sidereal Machine","isPartOf":{"@id":"https:\/\/siderealmachine.com\/#website"},"datePublished":"2025-03-03T03:16:25+00:00","dateModified":"2025-12-04T17:53:17+00:00","breadcrumb":{"@id":"https:\/\/siderealmachine.com\/why-choose-us\/#breadcrumb"},"inLanguage":"es","potentialAction":[{"@type":"ReadAction","target":["https:\/\/siderealmachine.com\/why-choose-us\/"]}]},{"@type":"BreadcrumbList","@id":"https:\/\/siderealmachine.com\/why-choose-us\/#breadcrumb","itemListElement":[{"@type":"ListItem","position":1,"name":"Home","item":"https:\/\/siderealmachine.com\/"},{"@type":"ListItem","position":2,"name":"Why choose us"}]},{"@type":"WebSite","@id":"https:\/\/siderealmachine.com\/#website","url":"https:\/\/siderealmachine.com\/","name":"Sidereal Machine","description":"","publisher":{"@id":"https:\/\/siderealmachine.com\/#organization"},"potentialAction":[{"@type":"SearchAction","target":{"@type":"EntryPoint","urlTemplate":"https:\/\/siderealmachine.com\/?s={search_term_string}"},"query-input":{"@type":"PropertyValueSpecification","valueRequired":true,"valueName":"search_term_string"}}],"inLanguage":"es"},{"@type":"Organization","@id":"https:\/\/siderealmachine.com\/#organization","name":"Sidereal Machine","url":"https:\/\/siderealmachine.com\/","logo":{"@type":"ImageObject","inLanguage":"es","@id":"https:\/\/siderealmachine.com\/#\/schema\/logo\/image\/","url":"https:\/\/siderealmachine.com\/wp-content\/uploads\/2025\/11\/cropped-Sidereal-machine-2.png","contentUrl":"https:\/\/siderealmachine.com\/wp-content\/uploads\/2025\/11\/cropped-Sidereal-machine-2.png","width":686,"height":663,"caption":"Sidereal Machine"},"image":{"@id":"https:\/\/siderealmachine.com\/#\/schema\/logo\/image\/"}}]}},"_links":{"self":[{"href":"https:\/\/siderealmachine.com\/es\/wp-json\/wp\/v2\/pages\/549","targetHints":{"allow":["GET"]}}],"collection":[{"href":"https:\/\/siderealmachine.com\/es\/wp-json\/wp\/v2\/pages"}],"about":[{"href":"https:\/\/siderealmachine.com\/es\/wp-json\/wp\/v2\/types\/page"}],"author":[{"embeddable":true,"href":"https:\/\/siderealmachine.com\/es\/wp-json\/wp\/v2\/users\/1"}],"replies":[{"embeddable":true,"href":"https:\/\/siderealmachine.com\/es\/wp-json\/wp\/v2\/comments?post=549"}],"version-history":[{"count":67,"href":"https:\/\/siderealmachine.com\/es\/wp-json\/wp\/v2\/pages\/549\/revisions"}],"predecessor-version":[{"id":2254,"href":"https:\/\/siderealmachine.com\/es\/wp-json\/wp\/v2\/pages\/549\/revisions\/2254"}],"wp:attachment":[{"href":"https:\/\/siderealmachine.com\/es\/wp-json\/wp\/v2\/media?parent=549"}],"curies":[{"name":"wp","href":"https:\/\/api.w.org\/{rel}","templated":true}]}}