{"id":1600,"date":"2025-04-07T19:33:10","date_gmt":"2025-04-07T19:33:10","guid":{"rendered":"https:\/\/siderealmachine.com\/?post_type=product&#038;p=1600"},"modified":"2026-02-28T08:43:01","modified_gmt":"2026-02-28T08:43:01","slug":"automatic-linear-type-liquid-filling-machine","status":"publish","type":"product","link":"https:\/\/siderealmachine.com\/es\/producto\/automatic-linear-type-liquid-filling-machine\/","title":{"rendered":"M\u00e1quina llenadora de l\u00edquidos autom\u00e1tica de tipo lineal"},"content":{"rendered":"<p>The Automatic Linear Type Liquid Filling Machine is designed for efficient and precise filling of a wide range of liquid products, including both water-based and viscous fluids. It integrates high-precision piston or peristaltic pump filling with an automatic capping system, ensuring accurate and efficient production. Operating with high-speed linear motion, this machine offers fast production rates and supports the addition of multiple filling heads, making it highly scalable to meet varying output demands. It adopts multi-station synchronous filling (such as 4-16 filling heads working in parallel).<\/p>\n<p>The filling head, conveyor belt, sealing device and other modules can be independently adjusted or replaced, which is convenient for flexible adaptation to different bottle types (such as containers of different heights and thicknesses). Compared to rotary filling machines, the linear type offers greater flexibility in bottle sizes and easier adjustment or maintenance, making it ideal for manufacturers with diverse product lines or frequent format changes.<\/p>\n<p>The linear type liquid filling machine features advanced PLC control and a user-friendly touch screen interface for simple operation and precise parameter adjustment. Constructed with high-quality SUS304 or 316L stainless steel, it meets GMP standards and is widely used in the pharmaceutical, food and beverage, cosmetics, and chemical industries. It can also be seamlessly integrated with capping, labeling, and packaging systems to form a fully automated production line.<\/p>\n<h4 style=\"font-weight: 400;\"><strong>Caracter\u00edsticas:<\/strong><\/h4>\n<ol>\n<li>Control por pantalla t\u00e1ctil PLC, <span style=\"font-family: var(--global-body-font-family);\">Juego de idiomas m\u00faltiple opcional.<\/span><\/li>\n<li>Parada autom\u00e1tica cuando no se detecta ninguna botella y arranque autom\u00e1tico cuando hay botellas.<\/li>\n<li>Alta precisi\u00f3n de llenado, cabezales de llenado de boquillas m\u00faltiples opcionales para un mayor rendimiento.<\/li>\n<li>Estructura bien dise\u00f1ada para un funcionamiento suave y estable.<\/li>\n<li>Personalizable<\/li>\n<li>Fabricado en acero inoxidable SUS304 y 316L, totalmente conforme <span style=\"font-family: var(--global-body-font-family);\">las \u00faltimas GMP <\/span><span style=\"font-family: var(--global-body-font-family);\">normas.<\/span><\/li>\n<\/ol>\n<p style=\"font-weight: 400;\">Other matched equipments for filling lines: <a href=\"https:\/\/siderealmachine.com\/es\/producto\/bottle-feeder-for-automatic-package-filling-machine\/\">bottle feeder<\/a>, <a href=\"https:\/\/siderealmachine.com\/es\/producto\/automatic-bottle-unscrambler-machine-for-packaging-filling-line\/\">bottle unscrambler<\/a>, bottle washing, filling, capping, <a href=\"https:\/\/siderealmachine.com\/es\/producto\/induction-automatic-labeling-machine\/\">labeling<\/a>, expire date printing, foil sealing, counting, bottle boxing, sterilizing dryer, etc.<\/p>\n<p>&nbsp;<\/p>","protected":false},"excerpt":{"rendered":"<p>Applicable bottle: 30ml-1000ml<\/p>\n<p>Tipos de botellas aplicables: botellas de vidrio, botellas de pl\u00e1stico, botellas de boca ancha, etc.<\/p>\n<p>Production capacity: 40-60 bottles\/ min, 80-100 bottles\/min, 100-150 bottles\/min, can be adjusted as per client\u2019s requirements.<\/p>\n<p>Precisi\u00f3n de llenado: \u226598%<\/p>\n<p>Tensi\u00f3n: 220V 50Hz<\/p>\n<p>Potencia: 2KW<\/p>\n<p>Consumo de aire: 0,8-2m\u00b3\/h 0,3-0,8Mpa<\/p>\n<p>Peso: 500 kg<\/p>\n<p>Dimensions: 2000*1250*1700mm, depends on detailed requirements.<\/p>","protected":false},"featured_media":2156,"template":"","meta":{"_acf_changed":false,"inline_featured_image":false,"_kad_post_transparent":"default","_kad_post_title":"","_kad_post_layout":"default","_kad_post_sidebar_id":"","_kad_post_content_style":"default","_kad_post_vertical_padding":"default","_kad_post_feature":"","_kad_post_feature_position":"","_kad_post_header":false,"_kad_post_footer":false},"product_brand":[],"product_cat":[15,18,19,20],"product_tag":[],"class_list":{"0":"post-1600","1":"product","2":"type-product","3":"status-publish","4":"has-post-thumbnail","6":"product_cat-sidereal-machine-package-filling","7":"product_cat-skin-care-cosmetic-filling-machine","8":"product_cat-food-beverage-filling-machine","9":"product_cat-related-machines","11":"first","12":"instock","13":"shipping-taxable","14":"product-type-simple","15":"entry","16":"content-bg","17":"loop-entry"},"acf":[],"yoast_head":"<!-- This site is optimized with the Yoast SEO plugin v24.5 - https:\/\/yoast.com\/wordpress\/plugins\/seo\/ -->\n<title>Automatic Linear Type Liquid Filling Machine - Sidereal Machine<\/title>\n<meta name=\"description\" content=\"The Automatic Linear Type Liquid Filling Machine is designed for efficient and precise filling of a wide range of liquid products, including both water-base\" \/>\n<meta name=\"robots\" content=\"index, follow, max-snippet:-1, max-image-preview:large, max-video-preview:-1\" \/>\n<link rel=\"canonical\" href=\"https:\/\/siderealmachine.com\/es\/producto\/automatic-linear-type-liquid-filling-machine\/\" \/>\n<meta property=\"og:locale\" content=\"es_ES\" \/>\n<meta property=\"og:type\" content=\"article\" \/>\n<meta property=\"og:title\" content=\"Automatic Linear Type Liquid Filling Machine - Sidereal Machine\" \/>\n<meta property=\"og:description\" content=\"The Automatic Linear Type Liquid Filling Machine is designed for efficient and precise filling of a wide range of liquid products, including both water-base\" \/>\n<meta property=\"og:url\" content=\"https:\/\/siderealmachine.com\/es\/producto\/automatic-linear-type-liquid-filling-machine\/\" \/>\n<meta property=\"og:site_name\" content=\"Sidereal Machine\" \/>\n<meta property=\"article:modified_time\" content=\"2026-02-28T08:43:01+00:00\" \/>\n<meta property=\"og:image\" content=\"https:\/\/siderealmachine.com\/wp-content\/uploads\/2025\/04\/Linear-Type-Liquid-Filling-Machine-1-1.jpg\" \/>\n\t<meta property=\"og:image:width\" content=\"1200\" \/>\n\t<meta property=\"og:image:height\" content=\"1200\" \/>\n\t<meta property=\"og:image:type\" content=\"image\/jpeg\" \/>\n<meta name=\"twitter:card\" content=\"summary_large_image\" \/>\n<meta name=\"twitter:label1\" content=\"Tiempo de lectura\" \/>\n\t<meta name=\"twitter:data1\" content=\"2 minutos\" \/>\n<script type=\"application\/ld+json\" class=\"yoast-schema-graph\">{\"@context\":\"https:\/\/schema.org\",\"@graph\":[{\"@type\":\"WebPage\",\"@id\":\"https:\/\/siderealmachine.com\/product\/automatic-linear-type-liquid-filling-machine\/\",\"url\":\"https:\/\/siderealmachine.com\/product\/automatic-linear-type-liquid-filling-machine\/\",\"name\":\"Automatic Linear Type Liquid Filling Machine - Sidereal Machine\",\"isPartOf\":{\"@id\":\"https:\/\/siderealmachine.com\/#website\"},\"primaryImageOfPage\":{\"@id\":\"https:\/\/siderealmachine.com\/product\/automatic-linear-type-liquid-filling-machine\/#primaryimage\"},\"image\":{\"@id\":\"https:\/\/siderealmachine.com\/product\/automatic-linear-type-liquid-filling-machine\/#primaryimage\"},\"thumbnailUrl\":\"https:\/\/siderealmachine.com\/wp-content\/uploads\/2025\/04\/Linear-Type-Liquid-Filling-Machine-1-1.jpg\",\"datePublished\":\"2025-04-07T19:33:10+00:00\",\"dateModified\":\"2026-02-28T08:43:01+00:00\",\"description\":\"The Automatic Linear Type Liquid Filling Machine is designed for efficient and precise filling of a wide range of liquid products, including both water-base\",\"breadcrumb\":{\"@id\":\"https:\/\/siderealmachine.com\/product\/automatic-linear-type-liquid-filling-machine\/#breadcrumb\"},\"inLanguage\":\"es\",\"potentialAction\":[{\"@type\":\"ReadAction\",\"target\":[\"https:\/\/siderealmachine.com\/product\/automatic-linear-type-liquid-filling-machine\/\"]}]},{\"@type\":\"ImageObject\",\"inLanguage\":\"es\",\"@id\":\"https:\/\/siderealmachine.com\/product\/automatic-linear-type-liquid-filling-machine\/#primaryimage\",\"url\":\"https:\/\/siderealmachine.com\/wp-content\/uploads\/2025\/04\/Linear-Type-Liquid-Filling-Machine-1-1.jpg\",\"contentUrl\":\"https:\/\/siderealmachine.com\/wp-content\/uploads\/2025\/04\/Linear-Type-Liquid-Filling-Machine-1-1.jpg\",\"width\":1200,\"height\":1200},{\"@type\":\"BreadcrumbList\",\"@id\":\"https:\/\/siderealmachine.com\/product\/automatic-linear-type-liquid-filling-machine\/#breadcrumb\",\"itemListElement\":[{\"@type\":\"ListItem\",\"position\":1,\"name\":\"Home\",\"item\":\"https:\/\/siderealmachine.com\/\"},{\"@type\":\"ListItem\",\"position\":2,\"name\":\"Products\",\"item\":\"https:\/\/siderealmachine.com\/products\/\"},{\"@type\":\"ListItem\",\"position\":3,\"name\":\"Automatic Linear Type Liquid Filling Machine\"}]},{\"@type\":\"WebSite\",\"@id\":\"https:\/\/siderealmachine.com\/#website\",\"url\":\"https:\/\/siderealmachine.com\/\",\"name\":\"Sidereal Machine\",\"description\":\"\",\"publisher\":{\"@id\":\"https:\/\/siderealmachine.com\/#organization\"},\"potentialAction\":[{\"@type\":\"SearchAction\",\"target\":{\"@type\":\"EntryPoint\",\"urlTemplate\":\"https:\/\/siderealmachine.com\/?s={search_term_string}\"},\"query-input\":{\"@type\":\"PropertyValueSpecification\",\"valueRequired\":true,\"valueName\":\"search_term_string\"}}],\"inLanguage\":\"es\"},{\"@type\":\"Organization\",\"@id\":\"https:\/\/siderealmachine.com\/#organization\",\"name\":\"Sidereal Machine\",\"url\":\"https:\/\/siderealmachine.com\/\",\"logo\":{\"@type\":\"ImageObject\",\"inLanguage\":\"es\",\"@id\":\"https:\/\/siderealmachine.com\/#\/schema\/logo\/image\/\",\"url\":\"https:\/\/siderealmachine.com\/wp-content\/uploads\/2025\/11\/cropped-Sidereal-machine-2.png\",\"contentUrl\":\"https:\/\/siderealmachine.com\/wp-content\/uploads\/2025\/11\/cropped-Sidereal-machine-2.png\",\"width\":686,\"height\":663,\"caption\":\"Sidereal Machine\"},\"image\":{\"@id\":\"https:\/\/siderealmachine.com\/#\/schema\/logo\/image\/\"}}]}<\/script>\n<!-- \/ Yoast SEO plugin. -->","yoast_head_json":{"title":"Automatic Linear Type Liquid Filling Machine - Sidereal Machine","description":"The Automatic Linear Type Liquid Filling Machine is designed for efficient and precise filling of a wide range of liquid products, including both water-base","robots":{"index":"index","follow":"follow","max-snippet":"max-snippet:-1","max-image-preview":"max-image-preview:large","max-video-preview":"max-video-preview:-1"},"canonical":"https:\/\/siderealmachine.com\/es\/producto\/automatic-linear-type-liquid-filling-machine\/","og_locale":"es_ES","og_type":"article","og_title":"Automatic Linear Type Liquid Filling Machine - Sidereal Machine","og_description":"The Automatic Linear Type Liquid Filling Machine is designed for efficient and precise filling of a wide range of liquid products, including both water-base","og_url":"https:\/\/siderealmachine.com\/es\/producto\/automatic-linear-type-liquid-filling-machine\/","og_site_name":"Sidereal Machine","article_modified_time":"2026-02-28T08:43:01+00:00","og_image":[{"width":1200,"height":1200,"url":"https:\/\/siderealmachine.com\/wp-content\/uploads\/2025\/04\/Linear-Type-Liquid-Filling-Machine-1-1.jpg","type":"image\/jpeg"}],"twitter_card":"summary_large_image","twitter_misc":{"Tiempo de lectura":"2 minutos"},"schema":{"@context":"https:\/\/schema.org","@graph":[{"@type":"WebPage","@id":"https:\/\/siderealmachine.com\/product\/automatic-linear-type-liquid-filling-machine\/","url":"https:\/\/siderealmachine.com\/product\/automatic-linear-type-liquid-filling-machine\/","name":"Automatic Linear Type Liquid Filling Machine - Sidereal Machine","isPartOf":{"@id":"https:\/\/siderealmachine.com\/#website"},"primaryImageOfPage":{"@id":"https:\/\/siderealmachine.com\/product\/automatic-linear-type-liquid-filling-machine\/#primaryimage"},"image":{"@id":"https:\/\/siderealmachine.com\/product\/automatic-linear-type-liquid-filling-machine\/#primaryimage"},"thumbnailUrl":"https:\/\/siderealmachine.com\/wp-content\/uploads\/2025\/04\/Linear-Type-Liquid-Filling-Machine-1-1.jpg","datePublished":"2025-04-07T19:33:10+00:00","dateModified":"2026-02-28T08:43:01+00:00","description":"The Automatic Linear Type Liquid Filling Machine is designed for efficient and precise filling of a wide range of liquid products, including both water-base","breadcrumb":{"@id":"https:\/\/siderealmachine.com\/product\/automatic-linear-type-liquid-filling-machine\/#breadcrumb"},"inLanguage":"es","potentialAction":[{"@type":"ReadAction","target":["https:\/\/siderealmachine.com\/product\/automatic-linear-type-liquid-filling-machine\/"]}]},{"@type":"ImageObject","inLanguage":"es","@id":"https:\/\/siderealmachine.com\/product\/automatic-linear-type-liquid-filling-machine\/#primaryimage","url":"https:\/\/siderealmachine.com\/wp-content\/uploads\/2025\/04\/Linear-Type-Liquid-Filling-Machine-1-1.jpg","contentUrl":"https:\/\/siderealmachine.com\/wp-content\/uploads\/2025\/04\/Linear-Type-Liquid-Filling-Machine-1-1.jpg","width":1200,"height":1200},{"@type":"BreadcrumbList","@id":"https:\/\/siderealmachine.com\/product\/automatic-linear-type-liquid-filling-machine\/#breadcrumb","itemListElement":[{"@type":"ListItem","position":1,"name":"Home","item":"https:\/\/siderealmachine.com\/"},{"@type":"ListItem","position":2,"name":"Products","item":"https:\/\/siderealmachine.com\/products\/"},{"@type":"ListItem","position":3,"name":"Automatic Linear Type Liquid Filling Machine"}]},{"@type":"WebSite","@id":"https:\/\/siderealmachine.com\/#website","url":"https:\/\/siderealmachine.com\/","name":"Sidereal Machine","description":"","publisher":{"@id":"https:\/\/siderealmachine.com\/#organization"},"potentialAction":[{"@type":"SearchAction","target":{"@type":"EntryPoint","urlTemplate":"https:\/\/siderealmachine.com\/?s={search_term_string}"},"query-input":{"@type":"PropertyValueSpecification","valueRequired":true,"valueName":"search_term_string"}}],"inLanguage":"es"},{"@type":"Organization","@id":"https:\/\/siderealmachine.com\/#organization","name":"Sidereal Machine","url":"https:\/\/siderealmachine.com\/","logo":{"@type":"ImageObject","inLanguage":"es","@id":"https:\/\/siderealmachine.com\/#\/schema\/logo\/image\/","url":"https:\/\/siderealmachine.com\/wp-content\/uploads\/2025\/11\/cropped-Sidereal-machine-2.png","contentUrl":"https:\/\/siderealmachine.com\/wp-content\/uploads\/2025\/11\/cropped-Sidereal-machine-2.png","width":686,"height":663,"caption":"Sidereal Machine"},"image":{"@id":"https:\/\/siderealmachine.com\/#\/schema\/logo\/image\/"}}]}},"_links":{"self":[{"href":"https:\/\/siderealmachine.com\/es\/wp-json\/wp\/v2\/product\/1600","targetHints":{"allow":["GET"]}}],"collection":[{"href":"https:\/\/siderealmachine.com\/es\/wp-json\/wp\/v2\/product"}],"about":[{"href":"https:\/\/siderealmachine.com\/es\/wp-json\/wp\/v2\/types\/product"}],"wp:featuredmedia":[{"embeddable":true,"href":"https:\/\/siderealmachine.com\/es\/wp-json\/wp\/v2\/media\/2156"}],"wp:attachment":[{"href":"https:\/\/siderealmachine.com\/es\/wp-json\/wp\/v2\/media?parent=1600"}],"wp:term":[{"taxonomy":"product_brand","embeddable":true,"href":"https:\/\/siderealmachine.com\/es\/wp-json\/wp\/v2\/product_brand?post=1600"},{"taxonomy":"product_cat","embeddable":true,"href":"https:\/\/siderealmachine.com\/es\/wp-json\/wp\/v2\/product_cat?post=1600"},{"taxonomy":"product_tag","embeddable":true,"href":"https:\/\/siderealmachine.com\/es\/wp-json\/wp\/v2\/product_tag?post=1600"}],"curies":[{"name":"wp","href":"https:\/\/api.w.org\/{rel}","templated":true}]}}