{"id":1700,"date":"2025-04-09T06:45:30","date_gmt":"2025-04-09T06:45:30","guid":{"rendered":"https:\/\/siderealmachine.com\/?post_type=product&#038;p=1700"},"modified":"2026-02-28T19:10:38","modified_gmt":"2026-02-28T19:10:38","slug":"fruit-syrup-juice-enzyme-bottles-filling-and-capping-machine","status":"publish","type":"product","link":"https:\/\/siderealmachine.com\/es\/producto\/fruit-syrup-juice-enzyme-bottles-filling-and-capping-machine\/","title":{"rendered":"M\u00e1quina llenadora y taponadora de botellas de jarabe de frutas y zumo enzim\u00e1tico"},"content":{"rendered":"<p class=\"\" data-start=\"336\" data-end=\"670\">The Fruit Syrup, Juice, and Enzyme Bottle Filling and Capping Machine is a specialized automatic solution designed for viscous and liquid products in the food, beverage, and health industries. It integrates high-precision piston or peristaltic pump filling with an automatic capping system, ensuring accurate and efficient production. The capping system supports plastic caps, aluminum caps, anti-theft caps, and more, with adjustable torque for secure and neat sealing.<\/p>\n<p class=\"\" data-start=\"672\" data-end=\"1130\">Equipped with a PLC control system and user-friendly touchscreen interface, the machine offers high filling accuracy, stable performance, and easy operation. It can be customized with different numbers of filling heads and capping styles based on bottle type and product characteristics. Made of food-grade stainless steel, the machine fully complies with GMP and food safety standards, making it the ideal choice for filling juice, syrup, and enzyme drinks.<\/p>\n<h4 style=\"font-weight: 400;\"><strong>Caracter\u00edsticas:<\/strong><\/h4>\n<ol>\n<li>F\u00e1cil sustituci\u00f3n de piezas gracias a la funci\u00f3n de limpieza autom\u00e1tica.<\/li>\n<li>Control por pantalla t\u00e1ctil PLC, <span style=\"font-family: var(--global-body-font-family);\">Juego de idiomas m\u00faltiple opcional.<\/span><\/li>\n<li>Parada autom\u00e1tica cuando no se detecta ninguna botella y arranque autom\u00e1tico cuando hay botellas.<\/li>\n<li>El indexador de leva de alta calidad garantiza una divisi\u00f3n precisa de la estaci\u00f3n de trabajo para un llenado, taponado, colocaci\u00f3n de tapones y taponado estables.<\/li>\n<li>Alta precisi\u00f3n de llenado, cabezales de llenado de boquillas m\u00faltiples opcionales para un mayor rendimiento.<\/li>\n<li>Estructura bien dise\u00f1ada para un funcionamiento suave y estable.<\/li>\n<li>Personalizable<\/li>\n<li>Moldes f\u00e1ciles de sustituir, adecuados para diversas capacidades de producci\u00f3n de botellas.<\/li>\n<li>Fabricado en acero inoxidable SUS304 y 316L, totalmente conforme <span style=\"font-family: var(--global-body-font-family);\">las \u00faltimas GMP <\/span><span style=\"font-family: var(--global-body-font-family);\">normas.<\/span><\/li>\n<\/ol>\n<p style=\"font-weight: 400;\">Other matched equipments for filling lines: <a href=\"https:\/\/siderealmachine.com\/es\/producto\/bottle-feeder-for-automatic-package-filling-machine\/\">bottle feeder<\/a>, bottle unscrambler, <a href=\"https:\/\/siderealmachine.com\/es\/producto\/bottle-washing-machine-and-drying-machine\/\">bottle washing<\/a>, filling, capping, <a href=\"https:\/\/siderealmachine.com\/es\/producto\/induction-automatic-labeling-machine\/\">labeling<\/a>, expire date printing, foil sealing, counting, bottle boxing, sterilizing dryer, etc.<\/p>\n<p>&nbsp;<\/p>","protected":false},"excerpt":{"rendered":"<p>Applicable bottle: 30ml-1000ml<\/p>\n<p>Tipos de botellas aplicables: botellas de vidrio, botellas de pl\u00e1stico, botellas de boca ancha, etc.<\/p>\n<p>Capacidad de producci\u00f3n: 30-50 botellas\/min, 60-80 botellas\/min, puede ajustarse seg\u00fan los requisitos del cliente.<\/p>\n<p>Precisi\u00f3n de llenado: \u226598%<\/p>\n<p>Tensi\u00f3n: 220V 50Hz<\/p>\n<p>Potencia: 2KW<\/p>\n<p>Consumo de aire: 0,8-2m\u00b3\/h 0,3-0,8Mpa<\/p>\n<p>Peso: 500 kg<\/p>\n<p>Dimensiones: 2000*1250*1700mm<\/p>","protected":false},"featured_media":2180,"template":"","meta":{"_acf_changed":false,"inline_featured_image":false,"_kad_post_transparent":"default","_kad_post_title":"","_kad_post_layout":"default","_kad_post_sidebar_id":"","_kad_post_content_style":"default","_kad_post_vertical_padding":"default","_kad_post_feature":"","_kad_post_feature_position":"","_kad_post_header":false,"_kad_post_footer":false},"product_brand":[],"product_cat":[19],"product_tag":[],"class_list":{"0":"post-1700","1":"product","2":"type-product","3":"status-publish","4":"has-post-thumbnail","6":"product_cat-food-beverage-filling-machine","8":"first","9":"instock","10":"shipping-taxable","11":"product-type-simple","12":"entry","13":"content-bg","14":"loop-entry"},"acf":[],"yoast_head":"<!-- This site is optimized with the Yoast SEO plugin v24.5 - https:\/\/yoast.com\/wordpress\/plugins\/seo\/ -->\n<title>Fruit Syrup Juice Enzyme Bottles Filling and Capping Machine - Sidereal Machine<\/title>\n<meta name=\"description\" content=\"The Fruit Syrup, Juice, and Enzyme Bottle Filling and Capping Machine is a specialized automatic solution designed for viscous and liquid products in the\" \/>\n<meta name=\"robots\" content=\"index, follow, max-snippet:-1, max-image-preview:large, max-video-preview:-1\" \/>\n<link rel=\"canonical\" href=\"https:\/\/siderealmachine.com\/es\/producto\/fruit-syrup-juice-enzyme-bottles-filling-and-capping-machine\/\" \/>\n<meta property=\"og:locale\" content=\"es_ES\" \/>\n<meta property=\"og:type\" content=\"article\" \/>\n<meta property=\"og:title\" content=\"Fruit Syrup Juice Enzyme Bottles Filling and Capping Machine - Sidereal Machine\" \/>\n<meta property=\"og:description\" content=\"The Fruit Syrup, Juice, and Enzyme Bottle Filling and Capping Machine is a specialized automatic solution designed for viscous and liquid products in the\" \/>\n<meta property=\"og:url\" content=\"https:\/\/siderealmachine.com\/es\/producto\/fruit-syrup-juice-enzyme-bottles-filling-and-capping-machine\/\" \/>\n<meta property=\"og:site_name\" content=\"Sidereal Machine\" \/>\n<meta property=\"article:modified_time\" content=\"2026-02-28T19:10:38+00:00\" \/>\n<meta property=\"og:image\" content=\"https:\/\/siderealmachine.com\/wp-content\/uploads\/2025\/04\/Fruit-syrup-juice-enzyme-bottle-filling-machine-1.jpg\" \/>\n\t<meta property=\"og:image:width\" content=\"1200\" \/>\n\t<meta property=\"og:image:height\" content=\"1200\" \/>\n\t<meta property=\"og:image:type\" content=\"image\/jpeg\" \/>\n<meta name=\"twitter:card\" content=\"summary_large_image\" \/>\n<meta name=\"twitter:label1\" content=\"Tiempo de lectura\" \/>\n\t<meta name=\"twitter:data1\" content=\"2 minutos\" \/>\n<script type=\"application\/ld+json\" class=\"yoast-schema-graph\">{\"@context\":\"https:\/\/schema.org\",\"@graph\":[{\"@type\":\"WebPage\",\"@id\":\"https:\/\/siderealmachine.com\/product\/fruit-syrup-juice-enzyme-bottles-filling-and-capping-machine\/\",\"url\":\"https:\/\/siderealmachine.com\/product\/fruit-syrup-juice-enzyme-bottles-filling-and-capping-machine\/\",\"name\":\"Fruit Syrup Juice Enzyme Bottles Filling and Capping Machine - Sidereal Machine\",\"isPartOf\":{\"@id\":\"https:\/\/siderealmachine.com\/#website\"},\"primaryImageOfPage\":{\"@id\":\"https:\/\/siderealmachine.com\/product\/fruit-syrup-juice-enzyme-bottles-filling-and-capping-machine\/#primaryimage\"},\"image\":{\"@id\":\"https:\/\/siderealmachine.com\/product\/fruit-syrup-juice-enzyme-bottles-filling-and-capping-machine\/#primaryimage\"},\"thumbnailUrl\":\"https:\/\/siderealmachine.com\/wp-content\/uploads\/2025\/04\/Fruit-syrup-juice-enzyme-bottle-filling-machine-1.jpg\",\"datePublished\":\"2025-04-09T06:45:30+00:00\",\"dateModified\":\"2026-02-28T19:10:38+00:00\",\"description\":\"The Fruit Syrup, Juice, and Enzyme Bottle Filling and Capping Machine is a specialized automatic solution designed for viscous and liquid products in the\",\"breadcrumb\":{\"@id\":\"https:\/\/siderealmachine.com\/product\/fruit-syrup-juice-enzyme-bottles-filling-and-capping-machine\/#breadcrumb\"},\"inLanguage\":\"es\",\"potentialAction\":[{\"@type\":\"ReadAction\",\"target\":[\"https:\/\/siderealmachine.com\/product\/fruit-syrup-juice-enzyme-bottles-filling-and-capping-machine\/\"]}]},{\"@type\":\"ImageObject\",\"inLanguage\":\"es\",\"@id\":\"https:\/\/siderealmachine.com\/product\/fruit-syrup-juice-enzyme-bottles-filling-and-capping-machine\/#primaryimage\",\"url\":\"https:\/\/siderealmachine.com\/wp-content\/uploads\/2025\/04\/Fruit-syrup-juice-enzyme-bottle-filling-machine-1.jpg\",\"contentUrl\":\"https:\/\/siderealmachine.com\/wp-content\/uploads\/2025\/04\/Fruit-syrup-juice-enzyme-bottle-filling-machine-1.jpg\",\"width\":1200,\"height\":1200},{\"@type\":\"BreadcrumbList\",\"@id\":\"https:\/\/siderealmachine.com\/product\/fruit-syrup-juice-enzyme-bottles-filling-and-capping-machine\/#breadcrumb\",\"itemListElement\":[{\"@type\":\"ListItem\",\"position\":1,\"name\":\"Home\",\"item\":\"https:\/\/siderealmachine.com\/\"},{\"@type\":\"ListItem\",\"position\":2,\"name\":\"Products\",\"item\":\"https:\/\/siderealmachine.com\/products\/\"},{\"@type\":\"ListItem\",\"position\":3,\"name\":\"Fruit Syrup Juice Enzyme Bottles Filling and Capping Machine\"}]},{\"@type\":\"WebSite\",\"@id\":\"https:\/\/siderealmachine.com\/#website\",\"url\":\"https:\/\/siderealmachine.com\/\",\"name\":\"Sidereal Machine\",\"description\":\"\",\"publisher\":{\"@id\":\"https:\/\/siderealmachine.com\/#organization\"},\"potentialAction\":[{\"@type\":\"SearchAction\",\"target\":{\"@type\":\"EntryPoint\",\"urlTemplate\":\"https:\/\/siderealmachine.com\/?s={search_term_string}\"},\"query-input\":{\"@type\":\"PropertyValueSpecification\",\"valueRequired\":true,\"valueName\":\"search_term_string\"}}],\"inLanguage\":\"es\"},{\"@type\":\"Organization\",\"@id\":\"https:\/\/siderealmachine.com\/#organization\",\"name\":\"Sidereal Machine\",\"url\":\"https:\/\/siderealmachine.com\/\",\"logo\":{\"@type\":\"ImageObject\",\"inLanguage\":\"es\",\"@id\":\"https:\/\/siderealmachine.com\/#\/schema\/logo\/image\/\",\"url\":\"https:\/\/siderealmachine.com\/wp-content\/uploads\/2025\/11\/cropped-Sidereal-machine-2.png\",\"contentUrl\":\"https:\/\/siderealmachine.com\/wp-content\/uploads\/2025\/11\/cropped-Sidereal-machine-2.png\",\"width\":686,\"height\":663,\"caption\":\"Sidereal Machine\"},\"image\":{\"@id\":\"https:\/\/siderealmachine.com\/#\/schema\/logo\/image\/\"}}]}<\/script>\n<!-- \/ Yoast SEO plugin. -->","yoast_head_json":{"title":"Fruit Syrup Juice Enzyme Bottles Filling and Capping Machine - Sidereal Machine","description":"The Fruit Syrup, Juice, and Enzyme Bottle Filling and Capping Machine is a specialized automatic solution designed for viscous and liquid products in the","robots":{"index":"index","follow":"follow","max-snippet":"max-snippet:-1","max-image-preview":"max-image-preview:large","max-video-preview":"max-video-preview:-1"},"canonical":"https:\/\/siderealmachine.com\/es\/producto\/fruit-syrup-juice-enzyme-bottles-filling-and-capping-machine\/","og_locale":"es_ES","og_type":"article","og_title":"Fruit Syrup Juice Enzyme Bottles Filling and Capping Machine - Sidereal Machine","og_description":"The Fruit Syrup, Juice, and Enzyme Bottle Filling and Capping Machine is a specialized automatic solution designed for viscous and liquid products in the","og_url":"https:\/\/siderealmachine.com\/es\/producto\/fruit-syrup-juice-enzyme-bottles-filling-and-capping-machine\/","og_site_name":"Sidereal Machine","article_modified_time":"2026-02-28T19:10:38+00:00","og_image":[{"width":1200,"height":1200,"url":"https:\/\/siderealmachine.com\/wp-content\/uploads\/2025\/04\/Fruit-syrup-juice-enzyme-bottle-filling-machine-1.jpg","type":"image\/jpeg"}],"twitter_card":"summary_large_image","twitter_misc":{"Tiempo de lectura":"2 minutos"},"schema":{"@context":"https:\/\/schema.org","@graph":[{"@type":"WebPage","@id":"https:\/\/siderealmachine.com\/product\/fruit-syrup-juice-enzyme-bottles-filling-and-capping-machine\/","url":"https:\/\/siderealmachine.com\/product\/fruit-syrup-juice-enzyme-bottles-filling-and-capping-machine\/","name":"Fruit Syrup Juice Enzyme Bottles Filling and Capping Machine - Sidereal Machine","isPartOf":{"@id":"https:\/\/siderealmachine.com\/#website"},"primaryImageOfPage":{"@id":"https:\/\/siderealmachine.com\/product\/fruit-syrup-juice-enzyme-bottles-filling-and-capping-machine\/#primaryimage"},"image":{"@id":"https:\/\/siderealmachine.com\/product\/fruit-syrup-juice-enzyme-bottles-filling-and-capping-machine\/#primaryimage"},"thumbnailUrl":"https:\/\/siderealmachine.com\/wp-content\/uploads\/2025\/04\/Fruit-syrup-juice-enzyme-bottle-filling-machine-1.jpg","datePublished":"2025-04-09T06:45:30+00:00","dateModified":"2026-02-28T19:10:38+00:00","description":"The Fruit Syrup, Juice, and Enzyme Bottle Filling and Capping Machine is a specialized automatic solution designed for viscous and liquid products in the","breadcrumb":{"@id":"https:\/\/siderealmachine.com\/product\/fruit-syrup-juice-enzyme-bottles-filling-and-capping-machine\/#breadcrumb"},"inLanguage":"es","potentialAction":[{"@type":"ReadAction","target":["https:\/\/siderealmachine.com\/product\/fruit-syrup-juice-enzyme-bottles-filling-and-capping-machine\/"]}]},{"@type":"ImageObject","inLanguage":"es","@id":"https:\/\/siderealmachine.com\/product\/fruit-syrup-juice-enzyme-bottles-filling-and-capping-machine\/#primaryimage","url":"https:\/\/siderealmachine.com\/wp-content\/uploads\/2025\/04\/Fruit-syrup-juice-enzyme-bottle-filling-machine-1.jpg","contentUrl":"https:\/\/siderealmachine.com\/wp-content\/uploads\/2025\/04\/Fruit-syrup-juice-enzyme-bottle-filling-machine-1.jpg","width":1200,"height":1200},{"@type":"BreadcrumbList","@id":"https:\/\/siderealmachine.com\/product\/fruit-syrup-juice-enzyme-bottles-filling-and-capping-machine\/#breadcrumb","itemListElement":[{"@type":"ListItem","position":1,"name":"Home","item":"https:\/\/siderealmachine.com\/"},{"@type":"ListItem","position":2,"name":"Products","item":"https:\/\/siderealmachine.com\/products\/"},{"@type":"ListItem","position":3,"name":"Fruit Syrup Juice Enzyme Bottles Filling and Capping Machine"}]},{"@type":"WebSite","@id":"https:\/\/siderealmachine.com\/#website","url":"https:\/\/siderealmachine.com\/","name":"Sidereal Machine","description":"","publisher":{"@id":"https:\/\/siderealmachine.com\/#organization"},"potentialAction":[{"@type":"SearchAction","target":{"@type":"EntryPoint","urlTemplate":"https:\/\/siderealmachine.com\/?s={search_term_string}"},"query-input":{"@type":"PropertyValueSpecification","valueRequired":true,"valueName":"search_term_string"}}],"inLanguage":"es"},{"@type":"Organization","@id":"https:\/\/siderealmachine.com\/#organization","name":"Sidereal Machine","url":"https:\/\/siderealmachine.com\/","logo":{"@type":"ImageObject","inLanguage":"es","@id":"https:\/\/siderealmachine.com\/#\/schema\/logo\/image\/","url":"https:\/\/siderealmachine.com\/wp-content\/uploads\/2025\/11\/cropped-Sidereal-machine-2.png","contentUrl":"https:\/\/siderealmachine.com\/wp-content\/uploads\/2025\/11\/cropped-Sidereal-machine-2.png","width":686,"height":663,"caption":"Sidereal Machine"},"image":{"@id":"https:\/\/siderealmachine.com\/#\/schema\/logo\/image\/"}}]}},"_links":{"self":[{"href":"https:\/\/siderealmachine.com\/es\/wp-json\/wp\/v2\/product\/1700","targetHints":{"allow":["GET"]}}],"collection":[{"href":"https:\/\/siderealmachine.com\/es\/wp-json\/wp\/v2\/product"}],"about":[{"href":"https:\/\/siderealmachine.com\/es\/wp-json\/wp\/v2\/types\/product"}],"wp:featuredmedia":[{"embeddable":true,"href":"https:\/\/siderealmachine.com\/es\/wp-json\/wp\/v2\/media\/2180"}],"wp:attachment":[{"href":"https:\/\/siderealmachine.com\/es\/wp-json\/wp\/v2\/media?parent=1700"}],"wp:term":[{"taxonomy":"product_brand","embeddable":true,"href":"https:\/\/siderealmachine.com\/es\/wp-json\/wp\/v2\/product_brand?post=1700"},{"taxonomy":"product_cat","embeddable":true,"href":"https:\/\/siderealmachine.com\/es\/wp-json\/wp\/v2\/product_cat?post=1700"},{"taxonomy":"product_tag","embeddable":true,"href":"https:\/\/siderealmachine.com\/es\/wp-json\/wp\/v2\/product_tag?post=1700"}],"curies":[{"name":"wp","href":"https:\/\/api.w.org\/{rel}","templated":true}]}}