{"id":661,"date":"2025-03-03T16:04:20","date_gmt":"2025-03-03T16:04:20","guid":{"rendered":"https:\/\/siderealmachine.com\/?post_type=product&#038;p=661"},"modified":"2026-04-14T16:06:12","modified_gmt":"2026-04-14T16:06:12","slug":"automatic-e-liquid-filling-machine","status":"publish","type":"product","link":"https:\/\/siderealmachine.com\/es\/producto\/automatic-e-liquid-filling-machine\/","title":{"rendered":"M\u00e1quina llenadora autom\u00e1tica de e-l\u00edquidos"},"content":{"rendered":"<p>The Automatic E-Liquid Filling Machine is a high-precision, fully automated system designed for filling small-volume liquid products such as e-liquids, vape oils, essential oils, and similar products. Equipped with a PLC control system and a user-friendly touch screen, the machine ensures accurate filling, efficient capping, and reliable sealing.<\/p>\n<p>This E-liquid Filling Machine uses peristaltic pump to achieve consistent and drip-free filling. It features an automatic bottle feeding system, cap placing, and capping station, making it ideal for high-speed production lines. Built with SUS304 and SUS316L stainless steel, the machine complies with GMP standards, ensuring product safety and hygiene. Ideal for e-juice manufacturers, cosmetics companies, and pharmaceutical industries seeking efficient and precise liquid filling solutions.<\/p>\n<h4><strong>Caracter\u00edsticas:<\/strong><\/h4>\n<ol>\n<li>Peristaltic pump filling, high accuracy.<\/li>\n<li>Control PLC con pantalla t\u00e1ctil para facilitar la operaci\u00f3n, ajuste de m\u00faltiples idiomas opcional.<\/li>\n<li>Automatic induction stop without bottles, automatic start with bottles.<\/li>\n<li>High filling accuracy with adjustable speed.<\/li>\n<li>Automatically unscramble dropper&amp;cap, automatically plugging &amp; capping, saving labour cost.<\/li>\n<li>Moldes f\u00e1ciles de sustituir, adecuados para diversas capacidades de producci\u00f3n de botellas.<\/li>\n<li>Personalizable<\/li>\n<li>Moldes f\u00e1ciles de sustituir, adecuados para diversas capacidades de producci\u00f3n de botellas.<\/li>\n<li>Fabricado en acero inoxidable SUS304 y 316L, cumple plenamente las normas GMP m\u00e1s recientes.<\/li>\n<\/ol>\n<h4><strong>Application:<\/strong><\/h4>\n<p>E-cigarette oil, vaporizers, skin care essence liquid, essential oils, aroma supplement liquid, gel\u00a0nail polish, painting pigments, eyelash growth liquid, nasal drops, ear drops, nutritional drops, glue, baking color, flavoring essence, printing ink,etc. liquid filling.<\/p>\n<p style=\"font-weight: 400;\">Other matched equipments for filling lines: bottle feeder, <a href=\"https:\/\/siderealmachine.com\/es\/producto\/automatic-bottle-unscrambler-machine-for-packaging-filling-line\/\">bottle unscrambler<\/a>, bottle washing, filling, capping, <a href=\"https:\/\/siderealmachine.com\/es\/producto\/induction-automatic-labeling-machine\/\">labeling<\/a>, expire date printing, foil sealing, counting, bottle boxing, sterilizing dryer, etc.<\/p>\n<p>&nbsp;<\/p>","protected":false},"excerpt":{"rendered":"<p>Applicable bottle: 2-100ml<\/p>\n<p>Capacidad de producci\u00f3n: 30-50 botellas\/min, 60-80 botellas\/min, puede ajustarse seg\u00fan los requisitos del cliente.<\/p>\n<p>Tensi\u00f3n: 220V 50Hz<\/p>\n<p>Potencia: 3KW<\/p>\n<p>Consumo de aire: 0,8-2m\u00b3\/h 0,3-0,8Mpa<\/p>\n<p>Peso: 550KG<\/p>\n<p>Dimensiones: 5600*1500*1700 mm<\/p>","protected":false},"featured_media":2154,"template":"","meta":{"_acf_changed":false,"inline_featured_image":false,"_kad_post_transparent":"default","_kad_post_title":"","_kad_post_layout":"default","_kad_post_sidebar_id":"","_kad_post_content_style":"default","_kad_post_vertical_padding":"default","_kad_post_feature":"","_kad_post_feature_position":"","_kad_post_header":false,"_kad_post_footer":false},"product_brand":[],"product_cat":[15],"product_tag":[],"class_list":{"0":"post-661","1":"product","2":"type-product","3":"status-publish","4":"has-post-thumbnail","6":"product_cat-sidereal-machine-package-filling","8":"first","9":"instock","10":"shipping-taxable","11":"product-type-simple","12":"entry","13":"content-bg","14":"loop-entry"},"acf":[],"yoast_head":"<!-- This site is optimized with the Yoast SEO plugin v24.5 - https:\/\/yoast.com\/wordpress\/plugins\/seo\/ -->\n<title>Automatic E-Liquid Filling Machine - Sidereal Machine<\/title>\n<meta name=\"description\" content=\"The Automatic E-Liquid Filling Machine is a high-precision, fully automated system designed for filling small-volume liquid products such as e-liquids, vape\" \/>\n<meta name=\"robots\" content=\"index, follow, max-snippet:-1, max-image-preview:large, max-video-preview:-1\" \/>\n<link rel=\"canonical\" href=\"https:\/\/siderealmachine.com\/es\/producto\/automatic-e-liquid-filling-machine\/\" \/>\n<meta property=\"og:locale\" content=\"es_ES\" \/>\n<meta property=\"og:type\" content=\"article\" \/>\n<meta property=\"og:title\" content=\"Automatic E-Liquid Filling Machine - Sidereal Machine\" \/>\n<meta property=\"og:description\" content=\"The Automatic E-Liquid Filling Machine is a high-precision, fully automated system designed for filling small-volume liquid products such as e-liquids, vape\" \/>\n<meta property=\"og:url\" content=\"https:\/\/siderealmachine.com\/es\/producto\/automatic-e-liquid-filling-machine\/\" \/>\n<meta property=\"og:site_name\" content=\"Sidereal Machine\" \/>\n<meta property=\"article:modified_time\" content=\"2026-04-14T16:06:12+00:00\" \/>\n<meta property=\"og:image\" content=\"https:\/\/siderealmachine.com\/wp-content\/uploads\/2025\/03\/E-liquid-filling-machine-2-1.jpg\" \/>\n\t<meta property=\"og:image:width\" content=\"1200\" \/>\n\t<meta property=\"og:image:height\" content=\"1200\" \/>\n\t<meta property=\"og:image:type\" content=\"image\/jpeg\" \/>\n<meta name=\"twitter:card\" content=\"summary_large_image\" \/>\n<meta name=\"twitter:label1\" content=\"Tiempo de lectura\" \/>\n\t<meta name=\"twitter:data1\" content=\"2 minutos\" \/>\n<script type=\"application\/ld+json\" class=\"yoast-schema-graph\">{\"@context\":\"https:\/\/schema.org\",\"@graph\":[{\"@type\":\"WebPage\",\"@id\":\"https:\/\/siderealmachine.com\/product\/automatic-e-liquid-filling-machine\/\",\"url\":\"https:\/\/siderealmachine.com\/product\/automatic-e-liquid-filling-machine\/\",\"name\":\"Automatic E-Liquid Filling Machine - Sidereal Machine\",\"isPartOf\":{\"@id\":\"https:\/\/siderealmachine.com\/#website\"},\"primaryImageOfPage\":{\"@id\":\"https:\/\/siderealmachine.com\/product\/automatic-e-liquid-filling-machine\/#primaryimage\"},\"image\":{\"@id\":\"https:\/\/siderealmachine.com\/product\/automatic-e-liquid-filling-machine\/#primaryimage\"},\"thumbnailUrl\":\"https:\/\/siderealmachine.com\/wp-content\/uploads\/2025\/03\/E-liquid-filling-machine-2-1.jpg\",\"datePublished\":\"2025-03-03T16:04:20+00:00\",\"dateModified\":\"2026-04-14T16:06:12+00:00\",\"description\":\"The Automatic E-Liquid Filling Machine is a high-precision, fully automated system designed for filling small-volume liquid products such as e-liquids, vape\",\"breadcrumb\":{\"@id\":\"https:\/\/siderealmachine.com\/product\/automatic-e-liquid-filling-machine\/#breadcrumb\"},\"inLanguage\":\"es\",\"potentialAction\":[{\"@type\":\"ReadAction\",\"target\":[\"https:\/\/siderealmachine.com\/product\/automatic-e-liquid-filling-machine\/\"]}]},{\"@type\":\"ImageObject\",\"inLanguage\":\"es\",\"@id\":\"https:\/\/siderealmachine.com\/product\/automatic-e-liquid-filling-machine\/#primaryimage\",\"url\":\"https:\/\/siderealmachine.com\/wp-content\/uploads\/2025\/03\/E-liquid-filling-machine-2-1.jpg\",\"contentUrl\":\"https:\/\/siderealmachine.com\/wp-content\/uploads\/2025\/03\/E-liquid-filling-machine-2-1.jpg\",\"width\":1200,\"height\":1200},{\"@type\":\"BreadcrumbList\",\"@id\":\"https:\/\/siderealmachine.com\/product\/automatic-e-liquid-filling-machine\/#breadcrumb\",\"itemListElement\":[{\"@type\":\"ListItem\",\"position\":1,\"name\":\"Home\",\"item\":\"https:\/\/siderealmachine.com\/\"},{\"@type\":\"ListItem\",\"position\":2,\"name\":\"Products\",\"item\":\"https:\/\/siderealmachine.com\/products\/\"},{\"@type\":\"ListItem\",\"position\":3,\"name\":\"Automatic E-Liquid Filling Machine\"}]},{\"@type\":\"WebSite\",\"@id\":\"https:\/\/siderealmachine.com\/#website\",\"url\":\"https:\/\/siderealmachine.com\/\",\"name\":\"Sidereal Machine\",\"description\":\"\",\"publisher\":{\"@id\":\"https:\/\/siderealmachine.com\/#organization\"},\"potentialAction\":[{\"@type\":\"SearchAction\",\"target\":{\"@type\":\"EntryPoint\",\"urlTemplate\":\"https:\/\/siderealmachine.com\/?s={search_term_string}\"},\"query-input\":{\"@type\":\"PropertyValueSpecification\",\"valueRequired\":true,\"valueName\":\"search_term_string\"}}],\"inLanguage\":\"es\"},{\"@type\":\"Organization\",\"@id\":\"https:\/\/siderealmachine.com\/#organization\",\"name\":\"Sidereal Machine\",\"url\":\"https:\/\/siderealmachine.com\/\",\"logo\":{\"@type\":\"ImageObject\",\"inLanguage\":\"es\",\"@id\":\"https:\/\/siderealmachine.com\/#\/schema\/logo\/image\/\",\"url\":\"https:\/\/siderealmachine.com\/wp-content\/uploads\/2025\/11\/cropped-Sidereal-machine-2.png\",\"contentUrl\":\"https:\/\/siderealmachine.com\/wp-content\/uploads\/2025\/11\/cropped-Sidereal-machine-2.png\",\"width\":686,\"height\":663,\"caption\":\"Sidereal Machine\"},\"image\":{\"@id\":\"https:\/\/siderealmachine.com\/#\/schema\/logo\/image\/\"}}]}<\/script>\n<!-- \/ Yoast SEO plugin. -->","yoast_head_json":{"title":"Automatic E-Liquid Filling Machine - Sidereal Machine","description":"The Automatic E-Liquid Filling Machine is a high-precision, fully automated system designed for filling small-volume liquid products such as e-liquids, vape","robots":{"index":"index","follow":"follow","max-snippet":"max-snippet:-1","max-image-preview":"max-image-preview:large","max-video-preview":"max-video-preview:-1"},"canonical":"https:\/\/siderealmachine.com\/es\/producto\/automatic-e-liquid-filling-machine\/","og_locale":"es_ES","og_type":"article","og_title":"Automatic E-Liquid Filling Machine - Sidereal Machine","og_description":"The Automatic E-Liquid Filling Machine is a high-precision, fully automated system designed for filling small-volume liquid products such as e-liquids, vape","og_url":"https:\/\/siderealmachine.com\/es\/producto\/automatic-e-liquid-filling-machine\/","og_site_name":"Sidereal Machine","article_modified_time":"2026-04-14T16:06:12+00:00","og_image":[{"width":1200,"height":1200,"url":"https:\/\/siderealmachine.com\/wp-content\/uploads\/2025\/03\/E-liquid-filling-machine-2-1.jpg","type":"image\/jpeg"}],"twitter_card":"summary_large_image","twitter_misc":{"Tiempo de lectura":"2 minutos"},"schema":{"@context":"https:\/\/schema.org","@graph":[{"@type":"WebPage","@id":"https:\/\/siderealmachine.com\/product\/automatic-e-liquid-filling-machine\/","url":"https:\/\/siderealmachine.com\/product\/automatic-e-liquid-filling-machine\/","name":"Automatic E-Liquid Filling Machine - Sidereal Machine","isPartOf":{"@id":"https:\/\/siderealmachine.com\/#website"},"primaryImageOfPage":{"@id":"https:\/\/siderealmachine.com\/product\/automatic-e-liquid-filling-machine\/#primaryimage"},"image":{"@id":"https:\/\/siderealmachine.com\/product\/automatic-e-liquid-filling-machine\/#primaryimage"},"thumbnailUrl":"https:\/\/siderealmachine.com\/wp-content\/uploads\/2025\/03\/E-liquid-filling-machine-2-1.jpg","datePublished":"2025-03-03T16:04:20+00:00","dateModified":"2026-04-14T16:06:12+00:00","description":"The Automatic E-Liquid Filling Machine is a high-precision, fully automated system designed for filling small-volume liquid products such as e-liquids, vape","breadcrumb":{"@id":"https:\/\/siderealmachine.com\/product\/automatic-e-liquid-filling-machine\/#breadcrumb"},"inLanguage":"es","potentialAction":[{"@type":"ReadAction","target":["https:\/\/siderealmachine.com\/product\/automatic-e-liquid-filling-machine\/"]}]},{"@type":"ImageObject","inLanguage":"es","@id":"https:\/\/siderealmachine.com\/product\/automatic-e-liquid-filling-machine\/#primaryimage","url":"https:\/\/siderealmachine.com\/wp-content\/uploads\/2025\/03\/E-liquid-filling-machine-2-1.jpg","contentUrl":"https:\/\/siderealmachine.com\/wp-content\/uploads\/2025\/03\/E-liquid-filling-machine-2-1.jpg","width":1200,"height":1200},{"@type":"BreadcrumbList","@id":"https:\/\/siderealmachine.com\/product\/automatic-e-liquid-filling-machine\/#breadcrumb","itemListElement":[{"@type":"ListItem","position":1,"name":"Home","item":"https:\/\/siderealmachine.com\/"},{"@type":"ListItem","position":2,"name":"Products","item":"https:\/\/siderealmachine.com\/products\/"},{"@type":"ListItem","position":3,"name":"Automatic E-Liquid Filling Machine"}]},{"@type":"WebSite","@id":"https:\/\/siderealmachine.com\/#website","url":"https:\/\/siderealmachine.com\/","name":"Sidereal Machine","description":"","publisher":{"@id":"https:\/\/siderealmachine.com\/#organization"},"potentialAction":[{"@type":"SearchAction","target":{"@type":"EntryPoint","urlTemplate":"https:\/\/siderealmachine.com\/?s={search_term_string}"},"query-input":{"@type":"PropertyValueSpecification","valueRequired":true,"valueName":"search_term_string"}}],"inLanguage":"es"},{"@type":"Organization","@id":"https:\/\/siderealmachine.com\/#organization","name":"Sidereal Machine","url":"https:\/\/siderealmachine.com\/","logo":{"@type":"ImageObject","inLanguage":"es","@id":"https:\/\/siderealmachine.com\/#\/schema\/logo\/image\/","url":"https:\/\/siderealmachine.com\/wp-content\/uploads\/2025\/11\/cropped-Sidereal-machine-2.png","contentUrl":"https:\/\/siderealmachine.com\/wp-content\/uploads\/2025\/11\/cropped-Sidereal-machine-2.png","width":686,"height":663,"caption":"Sidereal Machine"},"image":{"@id":"https:\/\/siderealmachine.com\/#\/schema\/logo\/image\/"}}]}},"_links":{"self":[{"href":"https:\/\/siderealmachine.com\/es\/wp-json\/wp\/v2\/product\/661","targetHints":{"allow":["GET"]}}],"collection":[{"href":"https:\/\/siderealmachine.com\/es\/wp-json\/wp\/v2\/product"}],"about":[{"href":"https:\/\/siderealmachine.com\/es\/wp-json\/wp\/v2\/types\/product"}],"wp:featuredmedia":[{"embeddable":true,"href":"https:\/\/siderealmachine.com\/es\/wp-json\/wp\/v2\/media\/2154"}],"wp:attachment":[{"href":"https:\/\/siderealmachine.com\/es\/wp-json\/wp\/v2\/media?parent=661"}],"wp:term":[{"taxonomy":"product_brand","embeddable":true,"href":"https:\/\/siderealmachine.com\/es\/wp-json\/wp\/v2\/product_brand?post=661"},{"taxonomy":"product_cat","embeddable":true,"href":"https:\/\/siderealmachine.com\/es\/wp-json\/wp\/v2\/product_cat?post=661"},{"taxonomy":"product_tag","embeddable":true,"href":"https:\/\/siderealmachine.com\/es\/wp-json\/wp\/v2\/product_tag?post=661"}],"curies":[{"name":"wp","href":"https:\/\/api.w.org\/{rel}","templated":true}]}}