{"id":669,"date":"2025-03-03T19:14:30","date_gmt":"2025-03-03T19:14:30","guid":{"rendered":"https:\/\/siderealmachine.com\/?post_type=product&#038;p=669"},"modified":"2026-04-10T13:20:28","modified_gmt":"2026-04-10T13:20:28","slug":"spray-filling-capping-machine","status":"publish","type":"product","link":"https:\/\/siderealmachine.com\/es\/producto\/spray-filling-capping-machine\/","title":{"rendered":"Electrochemical Aluminum Spray Bottle Filling Capping Machine"},"content":{"rendered":"<p style=\"font-weight: 400;\">The Spray Filling and Capping Machine is a fully automatic device designed by our own specifically for bottles with pipette nozzle spray heads. It features rotary plate positioning for filling, spray head placement, and capping, ensuring a high level of automation and eliminating the inconvenience of manual spray head placement. This machine utilizes a peristaltic pump for precise filling, guaranteeing high accuracy and accurate spray head positioning. The spray filling and capping machine is an ideal filling solution for various spray products and is manufactured in full compliance with the latest GMP standards.<\/p>\n<h4 style=\"font-weight: 400;\"><strong>Caracter\u00edsticas:<\/strong><\/h4>\n<ol>\n<li style=\"font-weight: 400;\">Clasificaci\u00f3n y colocaci\u00f3n autom\u00e1ticas de los cabezales de pulverizaci\u00f3n, que sustituyen al trabajo manual y mejoran la eficacia.<\/li>\n<li style=\"font-weight: 400;\">Control PLC y llenado por bomba perist\u00e1ltica para una gran precisi\u00f3n de llenado, <span style=\"font-family: var(--global-body-font-family);\">Juego de idiomas m\u00faltiple opcional.<\/span><\/li>\n<li style=\"font-weight: 400;\">El indexador de levas importado garantiza una divisi\u00f3n precisa y uniforme de los puestos de trabajo.<\/li>\n<li style=\"font-weight: 400;\">Bien dise\u00f1ado, funcionamiento estable y f\u00e1cil mantenimiento.<\/li>\n<li style=\"font-weight: 400;\">Fabricada en acero inoxidable SUS304 y 316L, cumple plenamente las normas GMP m\u00e1s recientes.<\/li>\n<li>Personalizable<\/li>\n<li>Moldes f\u00e1ciles de sustituir, adecuados para diversas capacidades de producci\u00f3n de botellas.<\/li>\n<\/ol>\n<h4 style=\"font-weight: 400;\"><strong>Application:<\/strong><\/h4>\n<p>Essential oil sprays, fragrance sprays, essence waters, toners, skin care moisturizing sprays, setting sprays, makeup remover sprays, hair care sprays, sunscreen sprays, antiperspirant sprays, deodorant sprays, insect repellent sprays, mosquito bite sprays, insect repellent sprays, medical alcohol sprays, iodophor sprays, disinfectant sprays, wound care sprays, air fresheners, lubricants, rust inhibitors, solvents, reagent sprays, plant nutrient solutions, etc. liquid filling.<\/p>\n<p style=\"font-weight: 400;\">Other matched equipments for filling lines: <a href=\"https:\/\/siderealmachine.com\/es\/producto\/bottle-feeder-for-automatic-package-filling-machine\/\">bottle feeder<\/a>, <a href=\"https:\/\/siderealmachine.com\/es\/producto\/automatic-bottle-unscrambler-machine-for-packaging-filling-line\/\">bottle unscrambler<\/a>, <a href=\"https:\/\/siderealmachine.com\/es\/producto\/bottle-washing-machine-and-drying-machine\/\">bottle washing<\/a>, filling, <a href=\"https:\/\/siderealmachine.com\/es\/producto\/automatic-capping-machine\/\">capping<\/a>, <a href=\"https:\/\/siderealmachine.com\/es\/producto\/induction-automatic-labeling-machine\/\">labeling<\/a>, expire date printing, foil sealing, counting, bottle boxing, sterilizing dryer, etc.<\/p>\n<p>&nbsp;<\/p>","protected":false},"excerpt":{"rendered":"<p style=\"font-weight: 400;\">Applicable bottle: 5-500ml<\/p>\n<p style=\"font-weight: 400;\">Production capacity: 30-50 bottles\/min, can be adjusted as per client\u2019s requirements.<\/p>\n<p style=\"font-weight: 400;\">Tensi\u00f3n: 220V\/50Hz<\/p>\n<p style=\"font-weight: 400;\">Potencia: 2KW<\/p>\n<p style=\"font-weight: 400;\">Consumo de aire: 0,8-2m\u00b3\/h 0,3-0,8Mpa<\/p>\n<p style=\"font-weight: 400;\">Peso: 520KG<\/p>\n<p style=\"font-weight: 400;\">Dimensiones: 2000*1000*1600mm<\/p>","protected":false},"featured_media":2160,"template":"","meta":{"_acf_changed":false,"inline_featured_image":false,"_kad_post_transparent":"default","_kad_post_title":"","_kad_post_layout":"default","_kad_post_sidebar_id":"","_kad_post_content_style":"default","_kad_post_vertical_padding":"default","_kad_post_feature":"","_kad_post_feature_position":"","_kad_post_header":false,"_kad_post_footer":false},"product_brand":[],"product_cat":[15,18],"product_tag":[],"class_list":{"0":"post-669","1":"product","2":"type-product","3":"status-publish","4":"has-post-thumbnail","6":"product_cat-sidereal-machine-package-filling","7":"product_cat-skin-care-cosmetic-filling-machine","9":"first","10":"instock","11":"shipping-taxable","12":"product-type-simple","13":"entry","14":"content-bg","15":"loop-entry"},"acf":[],"yoast_head":"<!-- This site is optimized with the Yoast SEO plugin v24.5 - https:\/\/yoast.com\/wordpress\/plugins\/seo\/ -->\n<title>Electrochemical Aluminum Spray Bottle Filling Capping Machine - Sidereal Machine<\/title>\n<meta name=\"description\" content=\"The Spray Filling and Capping Machine is a fully automatic device designed by our own specifically for bottles with pipette nozzle spray heads.\" \/>\n<meta name=\"robots\" content=\"index, follow, max-snippet:-1, max-image-preview:large, max-video-preview:-1\" \/>\n<link rel=\"canonical\" href=\"https:\/\/siderealmachine.com\/es\/producto\/spray-filling-capping-machine\/\" \/>\n<meta property=\"og:locale\" content=\"es_ES\" \/>\n<meta property=\"og:type\" content=\"article\" \/>\n<meta property=\"og:title\" content=\"Electrochemical Aluminum Spray Bottle Filling Capping Machine - Sidereal Machine\" \/>\n<meta property=\"og:description\" content=\"The Spray Filling and Capping Machine is a fully automatic device designed by our own specifically for bottles with pipette nozzle spray heads.\" \/>\n<meta property=\"og:url\" content=\"https:\/\/siderealmachine.com\/es\/producto\/spray-filling-capping-machine\/\" \/>\n<meta property=\"og:site_name\" content=\"Sidereal Machine\" \/>\n<meta property=\"article:modified_time\" content=\"2026-04-10T13:20:28+00:00\" \/>\n<meta property=\"og:image\" content=\"https:\/\/siderealmachine.com\/wp-content\/uploads\/2025\/03\/Electrochemical-Aluminum-Spray-Bottle-Filling-Machine-2.jpg\" \/>\n\t<meta property=\"og:image:width\" content=\"1200\" \/>\n\t<meta property=\"og:image:height\" content=\"1200\" \/>\n\t<meta property=\"og:image:type\" content=\"image\/jpeg\" \/>\n<meta name=\"twitter:card\" content=\"summary_large_image\" \/>\n<meta name=\"twitter:label1\" content=\"Tiempo de lectura\" \/>\n\t<meta name=\"twitter:data1\" content=\"2 minutos\" \/>\n<script type=\"application\/ld+json\" class=\"yoast-schema-graph\">{\"@context\":\"https:\/\/schema.org\",\"@graph\":[{\"@type\":\"WebPage\",\"@id\":\"https:\/\/siderealmachine.com\/product\/spray-filling-capping-machine\/\",\"url\":\"https:\/\/siderealmachine.com\/product\/spray-filling-capping-machine\/\",\"name\":\"Electrochemical Aluminum Spray Bottle Filling Capping Machine - Sidereal Machine\",\"isPartOf\":{\"@id\":\"https:\/\/siderealmachine.com\/#website\"},\"primaryImageOfPage\":{\"@id\":\"https:\/\/siderealmachine.com\/product\/spray-filling-capping-machine\/#primaryimage\"},\"image\":{\"@id\":\"https:\/\/siderealmachine.com\/product\/spray-filling-capping-machine\/#primaryimage\"},\"thumbnailUrl\":\"https:\/\/siderealmachine.com\/wp-content\/uploads\/2025\/03\/Electrochemical-Aluminum-Spray-Bottle-Filling-Machine-2.jpg\",\"datePublished\":\"2025-03-03T19:14:30+00:00\",\"dateModified\":\"2026-04-10T13:20:28+00:00\",\"description\":\"The Spray Filling and Capping Machine is a fully automatic device designed by our own specifically for bottles with pipette nozzle spray heads.\",\"breadcrumb\":{\"@id\":\"https:\/\/siderealmachine.com\/product\/spray-filling-capping-machine\/#breadcrumb\"},\"inLanguage\":\"es\",\"potentialAction\":[{\"@type\":\"ReadAction\",\"target\":[\"https:\/\/siderealmachine.com\/product\/spray-filling-capping-machine\/\"]}]},{\"@type\":\"ImageObject\",\"inLanguage\":\"es\",\"@id\":\"https:\/\/siderealmachine.com\/product\/spray-filling-capping-machine\/#primaryimage\",\"url\":\"https:\/\/siderealmachine.com\/wp-content\/uploads\/2025\/03\/Electrochemical-Aluminum-Spray-Bottle-Filling-Machine-2.jpg\",\"contentUrl\":\"https:\/\/siderealmachine.com\/wp-content\/uploads\/2025\/03\/Electrochemical-Aluminum-Spray-Bottle-Filling-Machine-2.jpg\",\"width\":1200,\"height\":1200},{\"@type\":\"BreadcrumbList\",\"@id\":\"https:\/\/siderealmachine.com\/product\/spray-filling-capping-machine\/#breadcrumb\",\"itemListElement\":[{\"@type\":\"ListItem\",\"position\":1,\"name\":\"Home\",\"item\":\"https:\/\/siderealmachine.com\/\"},{\"@type\":\"ListItem\",\"position\":2,\"name\":\"Products\",\"item\":\"https:\/\/siderealmachine.com\/products\/\"},{\"@type\":\"ListItem\",\"position\":3,\"name\":\"Electrochemical Aluminum Spray Bottle Filling Capping Machine\"}]},{\"@type\":\"WebSite\",\"@id\":\"https:\/\/siderealmachine.com\/#website\",\"url\":\"https:\/\/siderealmachine.com\/\",\"name\":\"Sidereal Machine\",\"description\":\"\",\"publisher\":{\"@id\":\"https:\/\/siderealmachine.com\/#organization\"},\"potentialAction\":[{\"@type\":\"SearchAction\",\"target\":{\"@type\":\"EntryPoint\",\"urlTemplate\":\"https:\/\/siderealmachine.com\/?s={search_term_string}\"},\"query-input\":{\"@type\":\"PropertyValueSpecification\",\"valueRequired\":true,\"valueName\":\"search_term_string\"}}],\"inLanguage\":\"es\"},{\"@type\":\"Organization\",\"@id\":\"https:\/\/siderealmachine.com\/#organization\",\"name\":\"Sidereal Machine\",\"url\":\"https:\/\/siderealmachine.com\/\",\"logo\":{\"@type\":\"ImageObject\",\"inLanguage\":\"es\",\"@id\":\"https:\/\/siderealmachine.com\/#\/schema\/logo\/image\/\",\"url\":\"https:\/\/siderealmachine.com\/wp-content\/uploads\/2025\/11\/cropped-Sidereal-machine-2.png\",\"contentUrl\":\"https:\/\/siderealmachine.com\/wp-content\/uploads\/2025\/11\/cropped-Sidereal-machine-2.png\",\"width\":686,\"height\":663,\"caption\":\"Sidereal Machine\"},\"image\":{\"@id\":\"https:\/\/siderealmachine.com\/#\/schema\/logo\/image\/\"}}]}<\/script>\n<!-- \/ Yoast SEO plugin. -->","yoast_head_json":{"title":"Electrochemical Aluminum Spray Bottle Filling Capping Machine - Sidereal Machine","description":"The Spray Filling and Capping Machine is a fully automatic device designed by our own specifically for bottles with pipette nozzle spray heads.","robots":{"index":"index","follow":"follow","max-snippet":"max-snippet:-1","max-image-preview":"max-image-preview:large","max-video-preview":"max-video-preview:-1"},"canonical":"https:\/\/siderealmachine.com\/es\/producto\/spray-filling-capping-machine\/","og_locale":"es_ES","og_type":"article","og_title":"Electrochemical Aluminum Spray Bottle Filling Capping Machine - Sidereal Machine","og_description":"The Spray Filling and Capping Machine is a fully automatic device designed by our own specifically for bottles with pipette nozzle spray heads.","og_url":"https:\/\/siderealmachine.com\/es\/producto\/spray-filling-capping-machine\/","og_site_name":"Sidereal Machine","article_modified_time":"2026-04-10T13:20:28+00:00","og_image":[{"width":1200,"height":1200,"url":"https:\/\/siderealmachine.com\/wp-content\/uploads\/2025\/03\/Electrochemical-Aluminum-Spray-Bottle-Filling-Machine-2.jpg","type":"image\/jpeg"}],"twitter_card":"summary_large_image","twitter_misc":{"Tiempo de lectura":"2 minutos"},"schema":{"@context":"https:\/\/schema.org","@graph":[{"@type":"WebPage","@id":"https:\/\/siderealmachine.com\/product\/spray-filling-capping-machine\/","url":"https:\/\/siderealmachine.com\/product\/spray-filling-capping-machine\/","name":"Electrochemical Aluminum Spray Bottle Filling Capping Machine - Sidereal Machine","isPartOf":{"@id":"https:\/\/siderealmachine.com\/#website"},"primaryImageOfPage":{"@id":"https:\/\/siderealmachine.com\/product\/spray-filling-capping-machine\/#primaryimage"},"image":{"@id":"https:\/\/siderealmachine.com\/product\/spray-filling-capping-machine\/#primaryimage"},"thumbnailUrl":"https:\/\/siderealmachine.com\/wp-content\/uploads\/2025\/03\/Electrochemical-Aluminum-Spray-Bottle-Filling-Machine-2.jpg","datePublished":"2025-03-03T19:14:30+00:00","dateModified":"2026-04-10T13:20:28+00:00","description":"The Spray Filling and Capping Machine is a fully automatic device designed by our own specifically for bottles with pipette nozzle spray heads.","breadcrumb":{"@id":"https:\/\/siderealmachine.com\/product\/spray-filling-capping-machine\/#breadcrumb"},"inLanguage":"es","potentialAction":[{"@type":"ReadAction","target":["https:\/\/siderealmachine.com\/product\/spray-filling-capping-machine\/"]}]},{"@type":"ImageObject","inLanguage":"es","@id":"https:\/\/siderealmachine.com\/product\/spray-filling-capping-machine\/#primaryimage","url":"https:\/\/siderealmachine.com\/wp-content\/uploads\/2025\/03\/Electrochemical-Aluminum-Spray-Bottle-Filling-Machine-2.jpg","contentUrl":"https:\/\/siderealmachine.com\/wp-content\/uploads\/2025\/03\/Electrochemical-Aluminum-Spray-Bottle-Filling-Machine-2.jpg","width":1200,"height":1200},{"@type":"BreadcrumbList","@id":"https:\/\/siderealmachine.com\/product\/spray-filling-capping-machine\/#breadcrumb","itemListElement":[{"@type":"ListItem","position":1,"name":"Home","item":"https:\/\/siderealmachine.com\/"},{"@type":"ListItem","position":2,"name":"Products","item":"https:\/\/siderealmachine.com\/products\/"},{"@type":"ListItem","position":3,"name":"Electrochemical Aluminum Spray Bottle Filling Capping Machine"}]},{"@type":"WebSite","@id":"https:\/\/siderealmachine.com\/#website","url":"https:\/\/siderealmachine.com\/","name":"Sidereal Machine","description":"","publisher":{"@id":"https:\/\/siderealmachine.com\/#organization"},"potentialAction":[{"@type":"SearchAction","target":{"@type":"EntryPoint","urlTemplate":"https:\/\/siderealmachine.com\/?s={search_term_string}"},"query-input":{"@type":"PropertyValueSpecification","valueRequired":true,"valueName":"search_term_string"}}],"inLanguage":"es"},{"@type":"Organization","@id":"https:\/\/siderealmachine.com\/#organization","name":"Sidereal Machine","url":"https:\/\/siderealmachine.com\/","logo":{"@type":"ImageObject","inLanguage":"es","@id":"https:\/\/siderealmachine.com\/#\/schema\/logo\/image\/","url":"https:\/\/siderealmachine.com\/wp-content\/uploads\/2025\/11\/cropped-Sidereal-machine-2.png","contentUrl":"https:\/\/siderealmachine.com\/wp-content\/uploads\/2025\/11\/cropped-Sidereal-machine-2.png","width":686,"height":663,"caption":"Sidereal Machine"},"image":{"@id":"https:\/\/siderealmachine.com\/#\/schema\/logo\/image\/"}}]}},"_links":{"self":[{"href":"https:\/\/siderealmachine.com\/es\/wp-json\/wp\/v2\/product\/669","targetHints":{"allow":["GET"]}}],"collection":[{"href":"https:\/\/siderealmachine.com\/es\/wp-json\/wp\/v2\/product"}],"about":[{"href":"https:\/\/siderealmachine.com\/es\/wp-json\/wp\/v2\/types\/product"}],"wp:featuredmedia":[{"embeddable":true,"href":"https:\/\/siderealmachine.com\/es\/wp-json\/wp\/v2\/media\/2160"}],"wp:attachment":[{"href":"https:\/\/siderealmachine.com\/es\/wp-json\/wp\/v2\/media?parent=669"}],"wp:term":[{"taxonomy":"product_brand","embeddable":true,"href":"https:\/\/siderealmachine.com\/es\/wp-json\/wp\/v2\/product_brand?post=669"},{"taxonomy":"product_cat","embeddable":true,"href":"https:\/\/siderealmachine.com\/es\/wp-json\/wp\/v2\/product_cat?post=669"},{"taxonomy":"product_tag","embeddable":true,"href":"https:\/\/siderealmachine.com\/es\/wp-json\/wp\/v2\/product_tag?post=669"}],"curies":[{"name":"wp","href":"https:\/\/api.w.org\/{rel}","templated":true}]}}