{"id":1252,"date":"2025-03-12T17:51:10","date_gmt":"2025-03-12T17:51:10","guid":{"rendered":"https:\/\/siderealmachine.com\/?post_type=product&#038;p=1252"},"modified":"2026-04-14T17:06:28","modified_gmt":"2026-04-14T17:06:28","slug":"pharmaceutical-vial-bottle-powder-filling-capping-machine","status":"publish","type":"product","link":"https:\/\/siderealmachine.com\/fr\/produit\/pharmaceutical-vial-bottle-powder-filling-capping-machine\/","title":{"rendered":"Machine de remplissage et de bouchage de flacons de poudre pour produits pharmaceutiques"},"content":{"rendered":"<p style=\"font-weight: 400;\">The vial bottle powder filling stoppering and capping machine is a specialized, self-developed solution by our own, designed specifically for accurately dispensing dry powder into vials. It features a rotary positioning system for precise filling, stoppering, and capping, with high quality indexing cam ensuring accurate workstation positioning. The machine is controlled via a touchscreen PLC system, offering high filling precision and easy adjustments.<\/p>\n<p style=\"font-weight: 400;\">This vial bottle powder filling machine can operate independently or be integrated into a fully automated production line. Manufactured in full compliance with the latest GMP standards, it is widely used in the pharmaceutical, food, health products, and chemical industries.<\/p>\n<h4 style=\"font-weight: 400;\"><strong>Caract\u00e9ristiques :<\/strong><\/h4>\n<ol>\n<li style=\"font-weight: 400;\">L'indexeur \u00e0 came de haute qualit\u00e9 assure un positionnement pr\u00e9cis pour le remplissage, le bouchage et le capsulage.<\/li>\n<li style=\"font-weight: 400;\">PLC touchscreen control for high accuracy and easy operation, <span style=\"font-family: var(--global-body-font-family);\">jeu de langues multiples en option<\/span>.<\/li>\n<li style=\"font-weight: 400;\">Le contr\u00f4le de la conversion de fr\u00e9quence permet d'ajuster la vitesse.<\/li>\n<li style=\"font-weight: 400;\">Fonction d'arr\u00eat automatique lorsqu'aucune bouteille n'est d\u00e9tect\u00e9e ; le remplissage reprend automatiquement lorsque des bouteilles sont pr\u00e9sentes.<\/li>\n<li style=\"font-weight: 400;\">Fabriqu\u00e9s en acier inoxydable SUS304 et 316L, ils sont enti\u00e8rement conformes aux derni\u00e8res normes GMP.<\/li>\n<li style=\"font-weight: 400;\">Personnalisable<\/li>\n<li style=\"font-weight: 400;\">Moules faciles \u00e0 remplacer, adapt\u00e9s \u00e0 diff\u00e9rentes capacit\u00e9s de production de bouteilles.<\/li>\n<\/ol>\n<h4 style=\"font-weight: 400;\"><strong>Application:<\/strong><\/h4>\n<p>Lyophilized powder, lyophilized vaccine, biological agent, lyophilized injection, polypeptide, small-dose injection solution, vaccine, serum, immunization agent, oral liquid, nutritional supplement, beauty base liquid, high-activity skin care essence, essential oil, makeup base liquid, enzyme preparation, cell culture medium, experimental solution, small-dose chemical agent, animal\/pet injection solution, etc. powder &amp; liquid\u00a0filling.<\/p>\n<p style=\"font-weight: 400;\">Other matched equipments for filling lines: bottle feeder, bottle unscrambler, bottle washing, filling, capping, <a href=\"https:\/\/siderealmachine.com\/fr\/produit\/induction-automatic-labeling-machine\/\">labeling<\/a>, expire date printing, foil sealing, counting, bottle boxing, sterilizing dryer, etc.<\/p>\n<p>&nbsp;<\/p>","protected":false},"excerpt":{"rendered":"<p>Flacon applicable : 1-50ml<\/p>\n<p>Capacit\u00e9 de production : 30-40 bouteilles\/min, peut \u00eatre ajust\u00e9e en fonction des besoins du client.<\/p>\n<p>Tension : 220V 50Hz<\/p>\n<p>Puissance : 2.0KW<\/p>\n<p>Consommation d'air : 0,8-2m\u00b3\/h 0,3-0,8Mpa<\/p>\n<p>Poids : 500KG<\/p>\n<p>Dimensions : 2000*1250*1700mm<\/p>","protected":false},"featured_media":2169,"template":"","meta":{"_acf_changed":false,"inline_featured_image":false,"_kad_post_transparent":"default","_kad_post_title":"","_kad_post_layout":"default","_kad_post_sidebar_id":"","_kad_post_content_style":"default","_kad_post_vertical_padding":"default","_kad_post_feature":"","_kad_post_feature_position":"","_kad_post_header":false,"_kad_post_footer":false},"product_brand":[],"product_cat":[15],"product_tag":[],"class_list":{"0":"post-1252","1":"product","2":"type-product","3":"status-publish","4":"has-post-thumbnail","6":"product_cat-sidereal-machine-package-filling","8":"first","9":"instock","10":"shipping-taxable","11":"product-type-simple","12":"entry","13":"content-bg","14":"loop-entry"},"acf":[],"yoast_head":"<!-- This site is optimized with the Yoast SEO plugin v24.5 - https:\/\/yoast.com\/wordpress\/plugins\/seo\/ -->\n<title>Pharmaceutical Vial Bottle Powder Filling Capping Machine - Sidereal Machine<\/title>\n<meta name=\"description\" content=\"Vial Bottle Powder Filling Machine oppering and capping machine is a specialized, self-developed solution by our own, designed specifically for accurately\" \/>\n<meta name=\"robots\" content=\"index, follow, max-snippet:-1, max-image-preview:large, max-video-preview:-1\" \/>\n<link rel=\"canonical\" href=\"https:\/\/siderealmachine.com\/fr\/produit\/pharmaceutical-vial-bottle-powder-filling-capping-machine\/\" \/>\n<meta property=\"og:locale\" content=\"fr_FR\" \/>\n<meta property=\"og:type\" content=\"article\" \/>\n<meta property=\"og:title\" content=\"Pharmaceutical Vial Bottle Powder Filling Capping Machine - Sidereal Machine\" \/>\n<meta property=\"og:description\" content=\"Vial Bottle Powder Filling Machine oppering and capping machine is a specialized, self-developed solution by our own, designed specifically for accurately\" \/>\n<meta property=\"og:url\" content=\"https:\/\/siderealmachine.com\/fr\/produit\/pharmaceutical-vial-bottle-powder-filling-capping-machine\/\" \/>\n<meta property=\"og:site_name\" content=\"Sidereal Machine\" \/>\n<meta property=\"article:modified_time\" content=\"2026-04-14T17:06:28+00:00\" \/>\n<meta property=\"og:image\" content=\"https:\/\/siderealmachine.com\/wp-content\/uploads\/2025\/03\/Vial-bottle-powder-filling-machine-3.jpg\" \/>\n\t<meta property=\"og:image:width\" content=\"1200\" \/>\n\t<meta property=\"og:image:height\" content=\"1200\" \/>\n\t<meta property=\"og:image:type\" content=\"image\/jpeg\" \/>\n<meta name=\"twitter:card\" content=\"summary_large_image\" \/>\n<meta name=\"twitter:label1\" content=\"Dur\u00e9e de lecture estim\u00e9e\" \/>\n\t<meta name=\"twitter:data1\" content=\"2 minutes\" \/>\n<script type=\"application\/ld+json\" class=\"yoast-schema-graph\">{\"@context\":\"https:\/\/schema.org\",\"@graph\":[{\"@type\":\"WebPage\",\"@id\":\"https:\/\/siderealmachine.com\/product\/pharmaceutical-vial-bottle-powder-filling-capping-machine\/\",\"url\":\"https:\/\/siderealmachine.com\/product\/pharmaceutical-vial-bottle-powder-filling-capping-machine\/\",\"name\":\"Pharmaceutical Vial Bottle Powder Filling Capping Machine - Sidereal Machine\",\"isPartOf\":{\"@id\":\"https:\/\/siderealmachine.com\/#website\"},\"primaryImageOfPage\":{\"@id\":\"https:\/\/siderealmachine.com\/product\/pharmaceutical-vial-bottle-powder-filling-capping-machine\/#primaryimage\"},\"image\":{\"@id\":\"https:\/\/siderealmachine.com\/product\/pharmaceutical-vial-bottle-powder-filling-capping-machine\/#primaryimage\"},\"thumbnailUrl\":\"https:\/\/siderealmachine.com\/wp-content\/uploads\/2025\/03\/Vial-bottle-powder-filling-machine-3.jpg\",\"datePublished\":\"2025-03-12T17:51:10+00:00\",\"dateModified\":\"2026-04-14T17:06:28+00:00\",\"description\":\"Vial Bottle Powder Filling Machine oppering and capping machine is a specialized, self-developed solution by our own, designed specifically for accurately\",\"breadcrumb\":{\"@id\":\"https:\/\/siderealmachine.com\/product\/pharmaceutical-vial-bottle-powder-filling-capping-machine\/#breadcrumb\"},\"inLanguage\":\"fr-FR\",\"potentialAction\":[{\"@type\":\"ReadAction\",\"target\":[\"https:\/\/siderealmachine.com\/product\/pharmaceutical-vial-bottle-powder-filling-capping-machine\/\"]}]},{\"@type\":\"ImageObject\",\"inLanguage\":\"fr-FR\",\"@id\":\"https:\/\/siderealmachine.com\/product\/pharmaceutical-vial-bottle-powder-filling-capping-machine\/#primaryimage\",\"url\":\"https:\/\/siderealmachine.com\/wp-content\/uploads\/2025\/03\/Vial-bottle-powder-filling-machine-3.jpg\",\"contentUrl\":\"https:\/\/siderealmachine.com\/wp-content\/uploads\/2025\/03\/Vial-bottle-powder-filling-machine-3.jpg\",\"width\":1200,\"height\":1200},{\"@type\":\"BreadcrumbList\",\"@id\":\"https:\/\/siderealmachine.com\/product\/pharmaceutical-vial-bottle-powder-filling-capping-machine\/#breadcrumb\",\"itemListElement\":[{\"@type\":\"ListItem\",\"position\":1,\"name\":\"Home\",\"item\":\"https:\/\/siderealmachine.com\/\"},{\"@type\":\"ListItem\",\"position\":2,\"name\":\"Products\",\"item\":\"https:\/\/siderealmachine.com\/products\/\"},{\"@type\":\"ListItem\",\"position\":3,\"name\":\"Pharmaceutical Vial Bottle Powder Filling Capping Machine\"}]},{\"@type\":\"WebSite\",\"@id\":\"https:\/\/siderealmachine.com\/#website\",\"url\":\"https:\/\/siderealmachine.com\/\",\"name\":\"Sidereal Machine\",\"description\":\"\",\"publisher\":{\"@id\":\"https:\/\/siderealmachine.com\/#organization\"},\"potentialAction\":[{\"@type\":\"SearchAction\",\"target\":{\"@type\":\"EntryPoint\",\"urlTemplate\":\"https:\/\/siderealmachine.com\/?s={search_term_string}\"},\"query-input\":{\"@type\":\"PropertyValueSpecification\",\"valueRequired\":true,\"valueName\":\"search_term_string\"}}],\"inLanguage\":\"fr-FR\"},{\"@type\":\"Organization\",\"@id\":\"https:\/\/siderealmachine.com\/#organization\",\"name\":\"Sidereal Machine\",\"url\":\"https:\/\/siderealmachine.com\/\",\"logo\":{\"@type\":\"ImageObject\",\"inLanguage\":\"fr-FR\",\"@id\":\"https:\/\/siderealmachine.com\/#\/schema\/logo\/image\/\",\"url\":\"https:\/\/siderealmachine.com\/wp-content\/uploads\/2025\/11\/cropped-Sidereal-machine-2.png\",\"contentUrl\":\"https:\/\/siderealmachine.com\/wp-content\/uploads\/2025\/11\/cropped-Sidereal-machine-2.png\",\"width\":686,\"height\":663,\"caption\":\"Sidereal Machine\"},\"image\":{\"@id\":\"https:\/\/siderealmachine.com\/#\/schema\/logo\/image\/\"}}]}<\/script>\n<!-- \/ Yoast SEO plugin. -->","yoast_head_json":{"title":"Pharmaceutical Vial Bottle Powder Filling Capping Machine - Sidereal Machine","description":"Vial Bottle Powder Filling Machine oppering and capping machine is a specialized, self-developed solution by our own, designed specifically for accurately","robots":{"index":"index","follow":"follow","max-snippet":"max-snippet:-1","max-image-preview":"max-image-preview:large","max-video-preview":"max-video-preview:-1"},"canonical":"https:\/\/siderealmachine.com\/fr\/produit\/pharmaceutical-vial-bottle-powder-filling-capping-machine\/","og_locale":"fr_FR","og_type":"article","og_title":"Pharmaceutical Vial Bottle Powder Filling Capping Machine - Sidereal Machine","og_description":"Vial Bottle Powder Filling Machine oppering and capping machine is a specialized, self-developed solution by our own, designed specifically for accurately","og_url":"https:\/\/siderealmachine.com\/fr\/produit\/pharmaceutical-vial-bottle-powder-filling-capping-machine\/","og_site_name":"Sidereal Machine","article_modified_time":"2026-04-14T17:06:28+00:00","og_image":[{"width":1200,"height":1200,"url":"https:\/\/siderealmachine.com\/wp-content\/uploads\/2025\/03\/Vial-bottle-powder-filling-machine-3.jpg","type":"image\/jpeg"}],"twitter_card":"summary_large_image","twitter_misc":{"Dur\u00e9e de lecture estim\u00e9e":"2 minutes"},"schema":{"@context":"https:\/\/schema.org","@graph":[{"@type":"WebPage","@id":"https:\/\/siderealmachine.com\/product\/pharmaceutical-vial-bottle-powder-filling-capping-machine\/","url":"https:\/\/siderealmachine.com\/product\/pharmaceutical-vial-bottle-powder-filling-capping-machine\/","name":"Pharmaceutical Vial Bottle Powder Filling Capping Machine - Sidereal Machine","isPartOf":{"@id":"https:\/\/siderealmachine.com\/#website"},"primaryImageOfPage":{"@id":"https:\/\/siderealmachine.com\/product\/pharmaceutical-vial-bottle-powder-filling-capping-machine\/#primaryimage"},"image":{"@id":"https:\/\/siderealmachine.com\/product\/pharmaceutical-vial-bottle-powder-filling-capping-machine\/#primaryimage"},"thumbnailUrl":"https:\/\/siderealmachine.com\/wp-content\/uploads\/2025\/03\/Vial-bottle-powder-filling-machine-3.jpg","datePublished":"2025-03-12T17:51:10+00:00","dateModified":"2026-04-14T17:06:28+00:00","description":"Vial Bottle Powder Filling Machine oppering and capping machine is a specialized, self-developed solution by our own, designed specifically for accurately","breadcrumb":{"@id":"https:\/\/siderealmachine.com\/product\/pharmaceutical-vial-bottle-powder-filling-capping-machine\/#breadcrumb"},"inLanguage":"fr-FR","potentialAction":[{"@type":"ReadAction","target":["https:\/\/siderealmachine.com\/product\/pharmaceutical-vial-bottle-powder-filling-capping-machine\/"]}]},{"@type":"ImageObject","inLanguage":"fr-FR","@id":"https:\/\/siderealmachine.com\/product\/pharmaceutical-vial-bottle-powder-filling-capping-machine\/#primaryimage","url":"https:\/\/siderealmachine.com\/wp-content\/uploads\/2025\/03\/Vial-bottle-powder-filling-machine-3.jpg","contentUrl":"https:\/\/siderealmachine.com\/wp-content\/uploads\/2025\/03\/Vial-bottle-powder-filling-machine-3.jpg","width":1200,"height":1200},{"@type":"BreadcrumbList","@id":"https:\/\/siderealmachine.com\/product\/pharmaceutical-vial-bottle-powder-filling-capping-machine\/#breadcrumb","itemListElement":[{"@type":"ListItem","position":1,"name":"Home","item":"https:\/\/siderealmachine.com\/"},{"@type":"ListItem","position":2,"name":"Products","item":"https:\/\/siderealmachine.com\/products\/"},{"@type":"ListItem","position":3,"name":"Pharmaceutical Vial Bottle Powder Filling Capping Machine"}]},{"@type":"WebSite","@id":"https:\/\/siderealmachine.com\/#website","url":"https:\/\/siderealmachine.com\/","name":"Sidereal Machine","description":"","publisher":{"@id":"https:\/\/siderealmachine.com\/#organization"},"potentialAction":[{"@type":"SearchAction","target":{"@type":"EntryPoint","urlTemplate":"https:\/\/siderealmachine.com\/?s={search_term_string}"},"query-input":{"@type":"PropertyValueSpecification","valueRequired":true,"valueName":"search_term_string"}}],"inLanguage":"fr-FR"},{"@type":"Organization","@id":"https:\/\/siderealmachine.com\/#organization","name":"Sidereal Machine","url":"https:\/\/siderealmachine.com\/","logo":{"@type":"ImageObject","inLanguage":"fr-FR","@id":"https:\/\/siderealmachine.com\/#\/schema\/logo\/image\/","url":"https:\/\/siderealmachine.com\/wp-content\/uploads\/2025\/11\/cropped-Sidereal-machine-2.png","contentUrl":"https:\/\/siderealmachine.com\/wp-content\/uploads\/2025\/11\/cropped-Sidereal-machine-2.png","width":686,"height":663,"caption":"Sidereal Machine"},"image":{"@id":"https:\/\/siderealmachine.com\/#\/schema\/logo\/image\/"}}]}},"_links":{"self":[{"href":"https:\/\/siderealmachine.com\/fr\/wp-json\/wp\/v2\/product\/1252","targetHints":{"allow":["GET"]}}],"collection":[{"href":"https:\/\/siderealmachine.com\/fr\/wp-json\/wp\/v2\/product"}],"about":[{"href":"https:\/\/siderealmachine.com\/fr\/wp-json\/wp\/v2\/types\/product"}],"wp:featuredmedia":[{"embeddable":true,"href":"https:\/\/siderealmachine.com\/fr\/wp-json\/wp\/v2\/media\/2169"}],"wp:attachment":[{"href":"https:\/\/siderealmachine.com\/fr\/wp-json\/wp\/v2\/media?parent=1252"}],"wp:term":[{"taxonomy":"product_brand","embeddable":true,"href":"https:\/\/siderealmachine.com\/fr\/wp-json\/wp\/v2\/product_brand?post=1252"},{"taxonomy":"product_cat","embeddable":true,"href":"https:\/\/siderealmachine.com\/fr\/wp-json\/wp\/v2\/product_cat?post=1252"},{"taxonomy":"product_tag","embeddable":true,"href":"https:\/\/siderealmachine.com\/fr\/wp-json\/wp\/v2\/product_tag?post=1252"}],"curies":[{"name":"wp","href":"https:\/\/api.w.org\/{rel}","templated":true}]}}