{"id":1294,"date":"2025-03-13T18:33:18","date_gmt":"2025-03-13T18:33:18","guid":{"rendered":"https:\/\/siderealmachine.com\/?post_type=product&#038;p=1294"},"modified":"2026-02-28T19:16:43","modified_gmt":"2026-02-28T19:16:43","slug":"automatic-bottle-unscrambler-machine-for-packaging-filling-line","status":"publish","type":"product","link":"https:\/\/siderealmachine.com\/fr\/produit\/automatic-bottle-unscrambler-machine-for-packaging-filling-line\/","title":{"rendered":"Automatic Bottle Unscrambler Machine for Package Filling Line"},"content":{"rendered":"<p>The automatic bottle unscrambler machine is the core equipment at the front end of the liquid filling production line. It is mainly used to automatically organize the disordered empty bottles into a unified direction and upright arrangement, and stably transport them to subsequent equipment such as automatic filling machines, capping or labeling machines. Its core function is to enhance production efficiency, reduce manual intervention and ensure the stability of the filling process. It can handle round bottles, square bottles, and irregular-shaped bottles. The contact surface material is made of 304 stainless steel or food-grade PP, meeting GMP and FDA standards. It is commonly used in industries such as pharmaceuticals, cosmetics, food &amp; beverage, and chemicals industries.<\/p>\n<h4>Caract\u00e9ristiques :<\/h4>\n<ol>\n<li>Range et oriente automatiquement les bouteilles \u00e0 grande vitesse.<\/li>\n<li>Suitable for various light weight bottle sizes and shapes with quick changeover features.<\/li>\n<li>Assure une alimentation continue et stable, \u00e9vitant les bourrages et am\u00e9liorant l'efficacit\u00e9 en aval.<\/li>\n<li>Fabriqu\u00e9 en acier inoxydable SUS304 de haute qualit\u00e9, conforme aux normes GMP et hygi\u00e9niques.<\/li>\n<li>Encombrement r\u00e9duit, longue dur\u00e9e de vie et faibles besoins de maintenance.<\/li>\n<\/ol>\n<p style=\"font-weight: 400;\">Other matched equipments for filling lines:\u00a0 bottle feeder, bottle unscrambler, bottle washing, <a href=\"https:\/\/siderealmachine.com\/fr\/produit\/full-automatic-liquid-filling-production-line\/\">filling<\/a>, capping, labeling, expire date printing, foil sealing, counting, bottle boxing, sterilizing dryer, etc.<\/p>\n<p>&nbsp;<\/p>\n<p><img fetchpriority=\"high\" decoding=\"async\" class=\"alignnone wp-image-2556\" src=\"https:\/\/siderealmachine.com\/wp-content\/uploads\/2026\/02\/Automatic-bottle-Unscrambler-2-300x167.png\" alt=\"Automatic Bottle Unscrambler\" width=\"694\" height=\"386\" srcset=\"https:\/\/siderealmachine.com\/wp-content\/uploads\/2026\/02\/Automatic-bottle-Unscrambler-2-300x167.png 300w, https:\/\/siderealmachine.com\/wp-content\/uploads\/2026\/02\/Automatic-bottle-Unscrambler-2-1024x571.png 1024w, https:\/\/siderealmachine.com\/wp-content\/uploads\/2026\/02\/Automatic-bottle-Unscrambler-2-768x428.png 768w, https:\/\/siderealmachine.com\/wp-content\/uploads\/2026\/02\/Automatic-bottle-Unscrambler-2-1536x856.png 1536w, https:\/\/siderealmachine.com\/wp-content\/uploads\/2026\/02\/Automatic-bottle-Unscrambler-2-2048x1141.png 2048w, https:\/\/siderealmachine.com\/wp-content\/uploads\/2026\/02\/Automatic-bottle-Unscrambler-2-18x10.png 18w, https:\/\/siderealmachine.com\/wp-content\/uploads\/2026\/02\/Automatic-bottle-Unscrambler-2-600x334.png 600w\" sizes=\"(max-width: 694px) 100vw, 694px\" \/><\/p>","protected":false},"excerpt":{"rendered":"<p>The automatic bottle unscrambler machine is the core equipment at the front end of the liquid filling production line. It is mainly used to automatically organize the disordered empty bottles into a unified direction and upright arrangement, and stably transport them to subsequent equipment such as automatic filling machines, capping or labeling machines. Its core&#8230;<\/p>","protected":false},"featured_media":2558,"template":"","meta":{"_acf_changed":false,"inline_featured_image":false,"_kad_post_transparent":"default","_kad_post_title":"","_kad_post_layout":"default","_kad_post_sidebar_id":"","_kad_post_content_style":"default","_kad_post_vertical_padding":"default","_kad_post_feature":"","_kad_post_feature_position":"","_kad_post_header":false,"_kad_post_footer":false},"product_brand":[],"product_cat":[20],"product_tag":[],"class_list":{"0":"post-1294","1":"product","2":"type-product","3":"status-publish","4":"has-post-thumbnail","6":"product_cat-related-machines","8":"first","9":"instock","10":"shipping-taxable","11":"product-type-simple","12":"entry","13":"content-bg","14":"loop-entry"},"acf":[],"yoast_head":"<!-- This site is optimized with the Yoast SEO plugin v24.5 - https:\/\/yoast.com\/wordpress\/plugins\/seo\/ -->\n<title>Automatic Bottle Unscrambler Machine for Package Filling Line - Sidereal Machine<\/title>\n<meta name=\"description\" content=\"It iThe automatic bottle unscrambler machines mainly used to automatically organize the disordered empty bottles into a unified direction and upright\" \/>\n<meta name=\"robots\" content=\"index, follow, max-snippet:-1, max-image-preview:large, max-video-preview:-1\" \/>\n<link rel=\"canonical\" href=\"https:\/\/siderealmachine.com\/fr\/produit\/automatic-bottle-unscrambler-machine-for-packaging-filling-line\/\" \/>\n<meta property=\"og:locale\" content=\"fr_FR\" \/>\n<meta property=\"og:type\" content=\"article\" \/>\n<meta property=\"og:title\" content=\"Automatic Bottle Unscrambler Machine for Package Filling Line - Sidereal Machine\" \/>\n<meta property=\"og:description\" content=\"It iThe automatic bottle unscrambler machines mainly used to automatically organize the disordered empty bottles into a unified direction and upright\" \/>\n<meta property=\"og:url\" content=\"https:\/\/siderealmachine.com\/fr\/produit\/automatic-bottle-unscrambler-machine-for-packaging-filling-line\/\" \/>\n<meta property=\"og:site_name\" content=\"Sidereal Machine\" \/>\n<meta property=\"article:modified_time\" content=\"2026-02-28T19:16:43+00:00\" \/>\n<meta property=\"og:image\" content=\"https:\/\/siderealmachine.com\/wp-content\/uploads\/2026\/02\/Automatic-bottle-Unscrambler-machine.jpg\" \/>\n\t<meta property=\"og:image:width\" content=\"1200\" \/>\n\t<meta property=\"og:image:height\" content=\"1200\" \/>\n\t<meta property=\"og:image:type\" content=\"image\/jpeg\" \/>\n<meta name=\"twitter:card\" content=\"summary_large_image\" \/>\n<meta name=\"twitter:label1\" content=\"Dur\u00e9e de lecture estim\u00e9e\" \/>\n\t<meta name=\"twitter:data1\" content=\"2 minutes\" \/>\n<script type=\"application\/ld+json\" class=\"yoast-schema-graph\">{\"@context\":\"https:\/\/schema.org\",\"@graph\":[{\"@type\":\"WebPage\",\"@id\":\"https:\/\/siderealmachine.com\/product\/automatic-bottle-unscrambler-machine-for-packaging-filling-line\/\",\"url\":\"https:\/\/siderealmachine.com\/product\/automatic-bottle-unscrambler-machine-for-packaging-filling-line\/\",\"name\":\"Automatic Bottle Unscrambler Machine for Package Filling Line - Sidereal Machine\",\"isPartOf\":{\"@id\":\"https:\/\/siderealmachine.com\/#website\"},\"primaryImageOfPage\":{\"@id\":\"https:\/\/siderealmachine.com\/product\/automatic-bottle-unscrambler-machine-for-packaging-filling-line\/#primaryimage\"},\"image\":{\"@id\":\"https:\/\/siderealmachine.com\/product\/automatic-bottle-unscrambler-machine-for-packaging-filling-line\/#primaryimage\"},\"thumbnailUrl\":\"https:\/\/siderealmachine.com\/wp-content\/uploads\/2026\/02\/Automatic-bottle-Unscrambler-machine.jpg\",\"datePublished\":\"2025-03-13T18:33:18+00:00\",\"dateModified\":\"2026-02-28T19:16:43+00:00\",\"description\":\"It iThe automatic bottle unscrambler machines mainly used to automatically organize the disordered empty bottles into a unified direction and upright\",\"breadcrumb\":{\"@id\":\"https:\/\/siderealmachine.com\/product\/automatic-bottle-unscrambler-machine-for-packaging-filling-line\/#breadcrumb\"},\"inLanguage\":\"fr-FR\",\"potentialAction\":[{\"@type\":\"ReadAction\",\"target\":[\"https:\/\/siderealmachine.com\/product\/automatic-bottle-unscrambler-machine-for-packaging-filling-line\/\"]}]},{\"@type\":\"ImageObject\",\"inLanguage\":\"fr-FR\",\"@id\":\"https:\/\/siderealmachine.com\/product\/automatic-bottle-unscrambler-machine-for-packaging-filling-line\/#primaryimage\",\"url\":\"https:\/\/siderealmachine.com\/wp-content\/uploads\/2026\/02\/Automatic-bottle-Unscrambler-machine.jpg\",\"contentUrl\":\"https:\/\/siderealmachine.com\/wp-content\/uploads\/2026\/02\/Automatic-bottle-Unscrambler-machine.jpg\",\"width\":1200,\"height\":1200},{\"@type\":\"BreadcrumbList\",\"@id\":\"https:\/\/siderealmachine.com\/product\/automatic-bottle-unscrambler-machine-for-packaging-filling-line\/#breadcrumb\",\"itemListElement\":[{\"@type\":\"ListItem\",\"position\":1,\"name\":\"Home\",\"item\":\"https:\/\/siderealmachine.com\/\"},{\"@type\":\"ListItem\",\"position\":2,\"name\":\"Products\",\"item\":\"https:\/\/siderealmachine.com\/products\/\"},{\"@type\":\"ListItem\",\"position\":3,\"name\":\"Automatic Bottle Unscrambler Machine for Package Filling Line\"}]},{\"@type\":\"WebSite\",\"@id\":\"https:\/\/siderealmachine.com\/#website\",\"url\":\"https:\/\/siderealmachine.com\/\",\"name\":\"Sidereal Machine\",\"description\":\"\",\"publisher\":{\"@id\":\"https:\/\/siderealmachine.com\/#organization\"},\"potentialAction\":[{\"@type\":\"SearchAction\",\"target\":{\"@type\":\"EntryPoint\",\"urlTemplate\":\"https:\/\/siderealmachine.com\/?s={search_term_string}\"},\"query-input\":{\"@type\":\"PropertyValueSpecification\",\"valueRequired\":true,\"valueName\":\"search_term_string\"}}],\"inLanguage\":\"fr-FR\"},{\"@type\":\"Organization\",\"@id\":\"https:\/\/siderealmachine.com\/#organization\",\"name\":\"Sidereal Machine\",\"url\":\"https:\/\/siderealmachine.com\/\",\"logo\":{\"@type\":\"ImageObject\",\"inLanguage\":\"fr-FR\",\"@id\":\"https:\/\/siderealmachine.com\/#\/schema\/logo\/image\/\",\"url\":\"https:\/\/siderealmachine.com\/wp-content\/uploads\/2025\/11\/cropped-Sidereal-machine-2.png\",\"contentUrl\":\"https:\/\/siderealmachine.com\/wp-content\/uploads\/2025\/11\/cropped-Sidereal-machine-2.png\",\"width\":686,\"height\":663,\"caption\":\"Sidereal Machine\"},\"image\":{\"@id\":\"https:\/\/siderealmachine.com\/#\/schema\/logo\/image\/\"}}]}<\/script>\n<!-- \/ Yoast SEO plugin. -->","yoast_head_json":{"title":"Automatic Bottle Unscrambler Machine for Package Filling Line - Sidereal Machine","description":"It iThe automatic bottle unscrambler machines mainly used to automatically organize the disordered empty bottles into a unified direction and upright","robots":{"index":"index","follow":"follow","max-snippet":"max-snippet:-1","max-image-preview":"max-image-preview:large","max-video-preview":"max-video-preview:-1"},"canonical":"https:\/\/siderealmachine.com\/fr\/produit\/automatic-bottle-unscrambler-machine-for-packaging-filling-line\/","og_locale":"fr_FR","og_type":"article","og_title":"Automatic Bottle Unscrambler Machine for Package Filling Line - Sidereal Machine","og_description":"It iThe automatic bottle unscrambler machines mainly used to automatically organize the disordered empty bottles into a unified direction and upright","og_url":"https:\/\/siderealmachine.com\/fr\/produit\/automatic-bottle-unscrambler-machine-for-packaging-filling-line\/","og_site_name":"Sidereal Machine","article_modified_time":"2026-02-28T19:16:43+00:00","og_image":[{"width":1200,"height":1200,"url":"https:\/\/siderealmachine.com\/wp-content\/uploads\/2026\/02\/Automatic-bottle-Unscrambler-machine.jpg","type":"image\/jpeg"}],"twitter_card":"summary_large_image","twitter_misc":{"Dur\u00e9e de lecture estim\u00e9e":"2 minutes"},"schema":{"@context":"https:\/\/schema.org","@graph":[{"@type":"WebPage","@id":"https:\/\/siderealmachine.com\/product\/automatic-bottle-unscrambler-machine-for-packaging-filling-line\/","url":"https:\/\/siderealmachine.com\/product\/automatic-bottle-unscrambler-machine-for-packaging-filling-line\/","name":"Automatic Bottle Unscrambler Machine for Package Filling Line - Sidereal Machine","isPartOf":{"@id":"https:\/\/siderealmachine.com\/#website"},"primaryImageOfPage":{"@id":"https:\/\/siderealmachine.com\/product\/automatic-bottle-unscrambler-machine-for-packaging-filling-line\/#primaryimage"},"image":{"@id":"https:\/\/siderealmachine.com\/product\/automatic-bottle-unscrambler-machine-for-packaging-filling-line\/#primaryimage"},"thumbnailUrl":"https:\/\/siderealmachine.com\/wp-content\/uploads\/2026\/02\/Automatic-bottle-Unscrambler-machine.jpg","datePublished":"2025-03-13T18:33:18+00:00","dateModified":"2026-02-28T19:16:43+00:00","description":"It iThe automatic bottle unscrambler machines mainly used to automatically organize the disordered empty bottles into a unified direction and upright","breadcrumb":{"@id":"https:\/\/siderealmachine.com\/product\/automatic-bottle-unscrambler-machine-for-packaging-filling-line\/#breadcrumb"},"inLanguage":"fr-FR","potentialAction":[{"@type":"ReadAction","target":["https:\/\/siderealmachine.com\/product\/automatic-bottle-unscrambler-machine-for-packaging-filling-line\/"]}]},{"@type":"ImageObject","inLanguage":"fr-FR","@id":"https:\/\/siderealmachine.com\/product\/automatic-bottle-unscrambler-machine-for-packaging-filling-line\/#primaryimage","url":"https:\/\/siderealmachine.com\/wp-content\/uploads\/2026\/02\/Automatic-bottle-Unscrambler-machine.jpg","contentUrl":"https:\/\/siderealmachine.com\/wp-content\/uploads\/2026\/02\/Automatic-bottle-Unscrambler-machine.jpg","width":1200,"height":1200},{"@type":"BreadcrumbList","@id":"https:\/\/siderealmachine.com\/product\/automatic-bottle-unscrambler-machine-for-packaging-filling-line\/#breadcrumb","itemListElement":[{"@type":"ListItem","position":1,"name":"Home","item":"https:\/\/siderealmachine.com\/"},{"@type":"ListItem","position":2,"name":"Products","item":"https:\/\/siderealmachine.com\/products\/"},{"@type":"ListItem","position":3,"name":"Automatic Bottle Unscrambler Machine for Package Filling Line"}]},{"@type":"WebSite","@id":"https:\/\/siderealmachine.com\/#website","url":"https:\/\/siderealmachine.com\/","name":"Sidereal Machine","description":"","publisher":{"@id":"https:\/\/siderealmachine.com\/#organization"},"potentialAction":[{"@type":"SearchAction","target":{"@type":"EntryPoint","urlTemplate":"https:\/\/siderealmachine.com\/?s={search_term_string}"},"query-input":{"@type":"PropertyValueSpecification","valueRequired":true,"valueName":"search_term_string"}}],"inLanguage":"fr-FR"},{"@type":"Organization","@id":"https:\/\/siderealmachine.com\/#organization","name":"Sidereal Machine","url":"https:\/\/siderealmachine.com\/","logo":{"@type":"ImageObject","inLanguage":"fr-FR","@id":"https:\/\/siderealmachine.com\/#\/schema\/logo\/image\/","url":"https:\/\/siderealmachine.com\/wp-content\/uploads\/2025\/11\/cropped-Sidereal-machine-2.png","contentUrl":"https:\/\/siderealmachine.com\/wp-content\/uploads\/2025\/11\/cropped-Sidereal-machine-2.png","width":686,"height":663,"caption":"Sidereal Machine"},"image":{"@id":"https:\/\/siderealmachine.com\/#\/schema\/logo\/image\/"}}]}},"_links":{"self":[{"href":"https:\/\/siderealmachine.com\/fr\/wp-json\/wp\/v2\/product\/1294","targetHints":{"allow":["GET"]}}],"collection":[{"href":"https:\/\/siderealmachine.com\/fr\/wp-json\/wp\/v2\/product"}],"about":[{"href":"https:\/\/siderealmachine.com\/fr\/wp-json\/wp\/v2\/types\/product"}],"wp:featuredmedia":[{"embeddable":true,"href":"https:\/\/siderealmachine.com\/fr\/wp-json\/wp\/v2\/media\/2558"}],"wp:attachment":[{"href":"https:\/\/siderealmachine.com\/fr\/wp-json\/wp\/v2\/media?parent=1294"}],"wp:term":[{"taxonomy":"product_brand","embeddable":true,"href":"https:\/\/siderealmachine.com\/fr\/wp-json\/wp\/v2\/product_brand?post=1294"},{"taxonomy":"product_cat","embeddable":true,"href":"https:\/\/siderealmachine.com\/fr\/wp-json\/wp\/v2\/product_cat?post=1294"},{"taxonomy":"product_tag","embeddable":true,"href":"https:\/\/siderealmachine.com\/fr\/wp-json\/wp\/v2\/product_tag?post=1294"}],"curies":[{"name":"wp","href":"https:\/\/api.w.org\/{rel}","templated":true}]}}