{"id":1301,"date":"2025-03-14T08:41:11","date_gmt":"2025-03-14T08:41:11","guid":{"rendered":"https:\/\/siderealmachine.com\/?post_type=product&#038;p=1301"},"modified":"2026-02-28T19:25:59","modified_gmt":"2026-02-28T19:25:59","slug":"automatic-induction-labeling-machine","status":"publish","type":"product","link":"https:\/\/siderealmachine.com\/fr\/produit\/automatic-induction-labeling-machine\/","title":{"rendered":"Automatic induction labeling machine"},"content":{"rendered":"<p>The automatic induction labeling machine is the supporting equipment of the filling production line, which is used to precisely, efficiently and automatically attach labels (such as product description, names, ingredients, barcodes, etc.) on the surface of the bottles or cans after filling. Its core functions include label conveying, positioning, lamination and detection, ensuring that the labels are accurately positioned, free of bubbles and wrinkles, ensures products maintain a professional, uniform appearance, enhance production efficiency. The automatic induction labeling machine meets the high-standard production requirements of the food, beverage, pharmaceutical, daily chemical and other industries.<\/p>\n<h4>Caract\u00e9ristiques :<\/h4>\n<ol>\n<li>Compatible avec les \u00e9tiquettes autocollantes, les \u00e9tiquettes en film, etc. La largeur du rouleau est r\u00e9glable, la hauteur et l'angle de l'\u00e9tiquette sont r\u00e9glables pour s'adapter aux diff\u00e9rentes tailles de bouteilles.<\/li>\n<li>D\u00e9colle automatiquement le papier support et lib\u00e8re l'\u00e9tiquette avec pr\u00e9cision, sans rupture ni froissement.<\/li>\n<li>Haute pr\u00e9cision et placement coh\u00e9rent, l'erreur de position de l'\u00e9tiquette est \u22640,5mm.<\/li>\n<li>Des capteurs optiques d\u00e9tectent la pr\u00e9sence de bouteilles et d'\u00e9tiquettes, garantissant un fonctionnement \"sans \u00e9tiquette\/sans bouteille, sans \u00e9tiquette\".<\/li>\n<\/ol>\n<p style=\"font-weight: 400;\">Other matched equipments for filling lines: bottle feeder, bottle unscrambler, bottle washing, <a href=\"https:\/\/siderealmachine.com\/fr\/produit\/full-automatic-liquid-filling-production-line\/\">filling<\/a>, capping, labeling, expire date printing, foil sealing, counting, bottle boxing, sterilizing dryer, etc.<\/p>\n<p>&nbsp;<\/p>","protected":false},"excerpt":{"rendered":"<p>The automatic induction labeling machine is the supporting equipment of the filling production line, which is used to precisely, efficiently and automatically attach labels (such as product description, names, ingredients, barcodes, etc.) on the surface of the bottles or cans after filling. Its core functions include label conveying, positioning, lamination and detection, ensuring that the&#8230;<\/p>","protected":false},"featured_media":2184,"template":"","meta":{"_acf_changed":false,"inline_featured_image":false,"_kad_post_transparent":"default","_kad_post_title":"","_kad_post_layout":"default","_kad_post_sidebar_id":"","_kad_post_content_style":"default","_kad_post_vertical_padding":"default","_kad_post_feature":"","_kad_post_feature_position":"","_kad_post_header":false,"_kad_post_footer":false},"product_brand":[],"product_cat":[20],"product_tag":[],"class_list":{"0":"post-1301","1":"product","2":"type-product","3":"status-publish","4":"has-post-thumbnail","6":"product_cat-related-machines","8":"first","9":"instock","10":"shipping-taxable","11":"product-type-simple","12":"entry","13":"content-bg","14":"loop-entry"},"acf":[],"yoast_head":"<!-- This site is optimized with the Yoast SEO plugin v24.5 - https:\/\/yoast.com\/wordpress\/plugins\/seo\/ -->\n<title>Automatic induction labeling machine - Sidereal Machine<\/title>\n<meta name=\"description\" content=\"The automatic induction labeling machine is the supporting equipment of the filling production line, which is used to precisely, efficiently and automatical\" \/>\n<meta name=\"robots\" content=\"index, follow, max-snippet:-1, max-image-preview:large, max-video-preview:-1\" \/>\n<link rel=\"canonical\" href=\"https:\/\/siderealmachine.com\/fr\/produit\/automatic-induction-labeling-machine\/\" \/>\n<meta property=\"og:locale\" content=\"fr_FR\" \/>\n<meta property=\"og:type\" content=\"article\" \/>\n<meta property=\"og:title\" content=\"Automatic induction labeling machine - Sidereal Machine\" \/>\n<meta property=\"og:description\" content=\"The automatic induction labeling machine is the supporting equipment of the filling production line, which is used to precisely, efficiently and automatical\" \/>\n<meta property=\"og:url\" content=\"https:\/\/siderealmachine.com\/fr\/produit\/automatic-induction-labeling-machine\/\" \/>\n<meta property=\"og:site_name\" content=\"Sidereal Machine\" \/>\n<meta property=\"article:modified_time\" content=\"2026-02-28T19:25:59+00:00\" \/>\n<meta property=\"og:image\" content=\"https:\/\/siderealmachine.com\/wp-content\/uploads\/2025\/03\/Labelling-machine.jpg\" \/>\n\t<meta property=\"og:image:width\" content=\"1200\" \/>\n\t<meta property=\"og:image:height\" content=\"1200\" \/>\n\t<meta property=\"og:image:type\" content=\"image\/jpeg\" \/>\n<meta name=\"twitter:card\" content=\"summary_large_image\" \/>\n<meta name=\"twitter:label1\" content=\"Dur\u00e9e de lecture estim\u00e9e\" \/>\n\t<meta name=\"twitter:data1\" content=\"2 minutes\" \/>\n<script type=\"application\/ld+json\" class=\"yoast-schema-graph\">{\"@context\":\"https:\/\/schema.org\",\"@graph\":[{\"@type\":\"WebPage\",\"@id\":\"https:\/\/siderealmachine.com\/product\/automatic-induction-labeling-machine\/\",\"url\":\"https:\/\/siderealmachine.com\/product\/automatic-induction-labeling-machine\/\",\"name\":\"Automatic induction labeling machine - Sidereal Machine\",\"isPartOf\":{\"@id\":\"https:\/\/siderealmachine.com\/#website\"},\"primaryImageOfPage\":{\"@id\":\"https:\/\/siderealmachine.com\/product\/automatic-induction-labeling-machine\/#primaryimage\"},\"image\":{\"@id\":\"https:\/\/siderealmachine.com\/product\/automatic-induction-labeling-machine\/#primaryimage\"},\"thumbnailUrl\":\"https:\/\/siderealmachine.com\/wp-content\/uploads\/2025\/03\/Labelling-machine.jpg\",\"datePublished\":\"2025-03-14T08:41:11+00:00\",\"dateModified\":\"2026-02-28T19:25:59+00:00\",\"description\":\"The automatic induction labeling machine is the supporting equipment of the filling production line, which is used to precisely, efficiently and automatical\",\"breadcrumb\":{\"@id\":\"https:\/\/siderealmachine.com\/product\/automatic-induction-labeling-machine\/#breadcrumb\"},\"inLanguage\":\"fr-FR\",\"potentialAction\":[{\"@type\":\"ReadAction\",\"target\":[\"https:\/\/siderealmachine.com\/product\/automatic-induction-labeling-machine\/\"]}]},{\"@type\":\"ImageObject\",\"inLanguage\":\"fr-FR\",\"@id\":\"https:\/\/siderealmachine.com\/product\/automatic-induction-labeling-machine\/#primaryimage\",\"url\":\"https:\/\/siderealmachine.com\/wp-content\/uploads\/2025\/03\/Labelling-machine.jpg\",\"contentUrl\":\"https:\/\/siderealmachine.com\/wp-content\/uploads\/2025\/03\/Labelling-machine.jpg\",\"width\":1200,\"height\":1200},{\"@type\":\"BreadcrumbList\",\"@id\":\"https:\/\/siderealmachine.com\/product\/automatic-induction-labeling-machine\/#breadcrumb\",\"itemListElement\":[{\"@type\":\"ListItem\",\"position\":1,\"name\":\"Home\",\"item\":\"https:\/\/siderealmachine.com\/\"},{\"@type\":\"ListItem\",\"position\":2,\"name\":\"Products\",\"item\":\"https:\/\/siderealmachine.com\/products\/\"},{\"@type\":\"ListItem\",\"position\":3,\"name\":\"Automatic induction labeling machine\"}]},{\"@type\":\"WebSite\",\"@id\":\"https:\/\/siderealmachine.com\/#website\",\"url\":\"https:\/\/siderealmachine.com\/\",\"name\":\"Sidereal Machine\",\"description\":\"\",\"publisher\":{\"@id\":\"https:\/\/siderealmachine.com\/#organization\"},\"potentialAction\":[{\"@type\":\"SearchAction\",\"target\":{\"@type\":\"EntryPoint\",\"urlTemplate\":\"https:\/\/siderealmachine.com\/?s={search_term_string}\"},\"query-input\":{\"@type\":\"PropertyValueSpecification\",\"valueRequired\":true,\"valueName\":\"search_term_string\"}}],\"inLanguage\":\"fr-FR\"},{\"@type\":\"Organization\",\"@id\":\"https:\/\/siderealmachine.com\/#organization\",\"name\":\"Sidereal Machine\",\"url\":\"https:\/\/siderealmachine.com\/\",\"logo\":{\"@type\":\"ImageObject\",\"inLanguage\":\"fr-FR\",\"@id\":\"https:\/\/siderealmachine.com\/#\/schema\/logo\/image\/\",\"url\":\"https:\/\/siderealmachine.com\/wp-content\/uploads\/2025\/11\/cropped-Sidereal-machine-2.png\",\"contentUrl\":\"https:\/\/siderealmachine.com\/wp-content\/uploads\/2025\/11\/cropped-Sidereal-machine-2.png\",\"width\":686,\"height\":663,\"caption\":\"Sidereal Machine\"},\"image\":{\"@id\":\"https:\/\/siderealmachine.com\/#\/schema\/logo\/image\/\"}}]}<\/script>\n<!-- \/ Yoast SEO plugin. -->","yoast_head_json":{"title":"Automatic induction labeling machine - Sidereal Machine","description":"The automatic induction labeling machine is the supporting equipment of the filling production line, which is used to precisely, efficiently and automatical","robots":{"index":"index","follow":"follow","max-snippet":"max-snippet:-1","max-image-preview":"max-image-preview:large","max-video-preview":"max-video-preview:-1"},"canonical":"https:\/\/siderealmachine.com\/fr\/produit\/automatic-induction-labeling-machine\/","og_locale":"fr_FR","og_type":"article","og_title":"Automatic induction labeling machine - Sidereal Machine","og_description":"The automatic induction labeling machine is the supporting equipment of the filling production line, which is used to precisely, efficiently and automatical","og_url":"https:\/\/siderealmachine.com\/fr\/produit\/automatic-induction-labeling-machine\/","og_site_name":"Sidereal Machine","article_modified_time":"2026-02-28T19:25:59+00:00","og_image":[{"width":1200,"height":1200,"url":"https:\/\/siderealmachine.com\/wp-content\/uploads\/2025\/03\/Labelling-machine.jpg","type":"image\/jpeg"}],"twitter_card":"summary_large_image","twitter_misc":{"Dur\u00e9e de lecture estim\u00e9e":"2 minutes"},"schema":{"@context":"https:\/\/schema.org","@graph":[{"@type":"WebPage","@id":"https:\/\/siderealmachine.com\/product\/automatic-induction-labeling-machine\/","url":"https:\/\/siderealmachine.com\/product\/automatic-induction-labeling-machine\/","name":"Automatic induction labeling machine - Sidereal Machine","isPartOf":{"@id":"https:\/\/siderealmachine.com\/#website"},"primaryImageOfPage":{"@id":"https:\/\/siderealmachine.com\/product\/automatic-induction-labeling-machine\/#primaryimage"},"image":{"@id":"https:\/\/siderealmachine.com\/product\/automatic-induction-labeling-machine\/#primaryimage"},"thumbnailUrl":"https:\/\/siderealmachine.com\/wp-content\/uploads\/2025\/03\/Labelling-machine.jpg","datePublished":"2025-03-14T08:41:11+00:00","dateModified":"2026-02-28T19:25:59+00:00","description":"The automatic induction labeling machine is the supporting equipment of the filling production line, which is used to precisely, efficiently and automatical","breadcrumb":{"@id":"https:\/\/siderealmachine.com\/product\/automatic-induction-labeling-machine\/#breadcrumb"},"inLanguage":"fr-FR","potentialAction":[{"@type":"ReadAction","target":["https:\/\/siderealmachine.com\/product\/automatic-induction-labeling-machine\/"]}]},{"@type":"ImageObject","inLanguage":"fr-FR","@id":"https:\/\/siderealmachine.com\/product\/automatic-induction-labeling-machine\/#primaryimage","url":"https:\/\/siderealmachine.com\/wp-content\/uploads\/2025\/03\/Labelling-machine.jpg","contentUrl":"https:\/\/siderealmachine.com\/wp-content\/uploads\/2025\/03\/Labelling-machine.jpg","width":1200,"height":1200},{"@type":"BreadcrumbList","@id":"https:\/\/siderealmachine.com\/product\/automatic-induction-labeling-machine\/#breadcrumb","itemListElement":[{"@type":"ListItem","position":1,"name":"Home","item":"https:\/\/siderealmachine.com\/"},{"@type":"ListItem","position":2,"name":"Products","item":"https:\/\/siderealmachine.com\/products\/"},{"@type":"ListItem","position":3,"name":"Automatic induction labeling machine"}]},{"@type":"WebSite","@id":"https:\/\/siderealmachine.com\/#website","url":"https:\/\/siderealmachine.com\/","name":"Sidereal Machine","description":"","publisher":{"@id":"https:\/\/siderealmachine.com\/#organization"},"potentialAction":[{"@type":"SearchAction","target":{"@type":"EntryPoint","urlTemplate":"https:\/\/siderealmachine.com\/?s={search_term_string}"},"query-input":{"@type":"PropertyValueSpecification","valueRequired":true,"valueName":"search_term_string"}}],"inLanguage":"fr-FR"},{"@type":"Organization","@id":"https:\/\/siderealmachine.com\/#organization","name":"Sidereal Machine","url":"https:\/\/siderealmachine.com\/","logo":{"@type":"ImageObject","inLanguage":"fr-FR","@id":"https:\/\/siderealmachine.com\/#\/schema\/logo\/image\/","url":"https:\/\/siderealmachine.com\/wp-content\/uploads\/2025\/11\/cropped-Sidereal-machine-2.png","contentUrl":"https:\/\/siderealmachine.com\/wp-content\/uploads\/2025\/11\/cropped-Sidereal-machine-2.png","width":686,"height":663,"caption":"Sidereal Machine"},"image":{"@id":"https:\/\/siderealmachine.com\/#\/schema\/logo\/image\/"}}]}},"_links":{"self":[{"href":"https:\/\/siderealmachine.com\/fr\/wp-json\/wp\/v2\/product\/1301","targetHints":{"allow":["GET"]}}],"collection":[{"href":"https:\/\/siderealmachine.com\/fr\/wp-json\/wp\/v2\/product"}],"about":[{"href":"https:\/\/siderealmachine.com\/fr\/wp-json\/wp\/v2\/types\/product"}],"wp:featuredmedia":[{"embeddable":true,"href":"https:\/\/siderealmachine.com\/fr\/wp-json\/wp\/v2\/media\/2184"}],"wp:attachment":[{"href":"https:\/\/siderealmachine.com\/fr\/wp-json\/wp\/v2\/media?parent=1301"}],"wp:term":[{"taxonomy":"product_brand","embeddable":true,"href":"https:\/\/siderealmachine.com\/fr\/wp-json\/wp\/v2\/product_brand?post=1301"},{"taxonomy":"product_cat","embeddable":true,"href":"https:\/\/siderealmachine.com\/fr\/wp-json\/wp\/v2\/product_cat?post=1301"},{"taxonomy":"product_tag","embeddable":true,"href":"https:\/\/siderealmachine.com\/fr\/wp-json\/wp\/v2\/product_tag?post=1301"}],"curies":[{"name":"wp","href":"https:\/\/api.w.org\/{rel}","templated":true}]}}