{"id":1324,"date":"2025-03-14T15:59:04","date_gmt":"2025-03-14T15:59:04","guid":{"rendered":"https:\/\/siderealmachine.com\/?post_type=product&#038;p=1324"},"modified":"2026-04-10T17:08:59","modified_gmt":"2026-04-10T17:08:59","slug":"chemical-pharmathuetical-bottle-filling-machine","status":"publish","type":"product","link":"https:\/\/siderealmachine.com\/fr\/produit\/chemical-pharmathuetical-bottle-filling-machine\/","title":{"rendered":"Machine de remplissage de bouteilles pour produits pharmaceutiques et chimiques"},"content":{"rendered":"<p style=\"font-weight: 400;\">The Pharmaceuticals &amp; Chemical Bottle Filling Machine is specially designed for high-precision liquid filling in the pharmaceutical and chemical industries. It is suitable for filling a wide range of liquids such as syrups, reagents, solvents, sanitizer, disinfectants, and pesticides into bottles of various sizes (from 30ml to 1000ml). The system features a PLC control system with a user-friendly touchscreen interface. The pharmaceuticals chemical filling machine machine can be equipped with peristaltic pumps or piston pumps, depending on product viscosity, ensuring accurate, hygienic, and efficient filling. Ideal for pharmaceutical, chemical, pesticide, and personal care industries<\/p>\n<h4 style=\"font-weight: 400;\"><strong>Caract\u00e9ristiques :<\/strong><\/h4>\n<ol>\n<li>Remplacement facile des pi\u00e8ces gr\u00e2ce \u00e0 une fonction de nettoyage automatique.<\/li>\n<li>Contr\u00f4le par \u00e9cran tactile PLC, <span style=\"font-family: var(--global-body-font-family);\">jeu de langues multiples en option.<\/span><\/li>\n<li>Arr\u00eat automatique lorsqu'aucune bouteille n'est d\u00e9tect\u00e9e et d\u00e9marrage automatique lorsque des bouteilles sont pr\u00e9sentes.<\/li>\n<li>L'indexeur \u00e0 came de haute qualit\u00e9 assure une division pr\u00e9cise du poste de travail pour un remplissage, un bouchage, un placement de bouchon et un capsulage stables.<\/li>\n<li>Haute pr\u00e9cision de remplissage, t\u00eates de remplissage \u00e0 plusieurs buses en option pour un rendement plus \u00e9lev\u00e9.<\/li>\n<li>Structure bien con\u00e7ue pour un fonctionnement souple et stable.<\/li>\n<li>Personnalisable<\/li>\n<li>Moules faciles \u00e0 remplacer, adapt\u00e9s \u00e0 diff\u00e9rentes capacit\u00e9s de production de bouteilles.<\/li>\n<li>Fabriqu\u00e9 en acier inoxydable SUS304 et 316L, enti\u00e8rement conforme. <span style=\"font-family: var(--global-body-font-family);\">les derni\u00e8res BPF <\/span><span style=\"font-family: var(--global-body-font-family);\">normes.<\/span><\/li>\n<\/ol>\n<h4 style=\"font-weight: 400;\"><strong>Application:<\/strong><\/h4>\n<p>Large-volume injection solutions, infusion base solutions, syrups, oral liquids, health and nutrition liquids, iodophor, medical alcohol, disinfection and care liquids, wound irrigation liquids, pesticides, veterinary drugs, large-volume injection solutions for pets and animals, deworming drugs, skin care liquids, biological reagents, beauty and skin care essences, essential oil essences, essential oils, flavoring liquids, cleaners, plant nutrition liquids, disinfectants, oil stain removers, scale removers, organic solvents, lubricating oils, anti-rust oils, soldering fluxes and other liquid filling.<\/p>\n<p style=\"font-weight: 400;\">Other matched equipments for filling lines: <a href=\"https:\/\/siderealmachine.com\/fr\/produit\/bottle-feeder-for-automatic-package-filling-machine\/\">bottle feeder<\/a>, bottle unscrambler, bottle washing, filling, capping, <a href=\"https:\/\/siderealmachine.com\/fr\/produit\/induction-automatic-labeling-machine\/\">labeling<\/a>, expire date printing, foil sealing, counting, bottle boxing, sterilizing dryer, etc.<\/p>\n<p>&nbsp;<\/p>","protected":false},"excerpt":{"rendered":"<p>Bouteille applicable : 1-1000ml<\/p>\n<p>Capacit\u00e9 de production : 30-50 bouteilles\/min, 60-80 bouteilles\/min, peut \u00eatre ajust\u00e9e en fonction des besoins du client.<\/p>\n<p>Tension : 220V 50Hz ou selon la demande du client<\/p>\n<p>Puissance : 3KW<\/p>\n<p>Consommation d'air : 0,8-2m\u00b3\/h 0,3-0,8Mpa<\/p>\n<p>Poids : 550KG<\/p>\n<p>Dimension : 5600*1500*1700mm<\/p>","protected":false},"featured_media":2173,"template":"","meta":{"_acf_changed":false,"inline_featured_image":false,"_kad_post_transparent":"default","_kad_post_title":"","_kad_post_layout":"default","_kad_post_sidebar_id":"","_kad_post_content_style":"default","_kad_post_vertical_padding":"default","_kad_post_feature":"","_kad_post_feature_position":"","_kad_post_header":false,"_kad_post_footer":false},"product_brand":[],"product_cat":[15],"product_tag":[],"class_list":{"0":"post-1324","1":"product","2":"type-product","3":"status-publish","4":"has-post-thumbnail","6":"product_cat-sidereal-machine-package-filling","8":"first","9":"instock","10":"shipping-taxable","11":"product-type-simple","12":"entry","13":"content-bg","14":"loop-entry"},"acf":[],"yoast_head":"<!-- This site is optimized with the Yoast SEO plugin v24.5 - https:\/\/yoast.com\/wordpress\/plugins\/seo\/ -->\n<title>Pharmaceuticals &amp; Chemical Bottle Filling Machine - Sidereal Machine<\/title>\n<meta name=\"description\" content=\"The Pharmaceuticals &amp; Chemical Bottle Filling Machine is specially designed for high-precision liquid filling in the pharmaceutical and chemical industries.\" \/>\n<meta name=\"robots\" content=\"index, follow, max-snippet:-1, max-image-preview:large, max-video-preview:-1\" \/>\n<link rel=\"canonical\" href=\"https:\/\/siderealmachine.com\/fr\/produit\/chemical-pharmathuetical-bottle-filling-machine\/\" \/>\n<meta property=\"og:locale\" content=\"fr_FR\" \/>\n<meta property=\"og:type\" content=\"article\" \/>\n<meta property=\"og:title\" content=\"Pharmaceuticals &amp; Chemical Bottle Filling Machine - Sidereal Machine\" \/>\n<meta property=\"og:description\" content=\"The Pharmaceuticals &amp; Chemical Bottle Filling Machine is specially designed for high-precision liquid filling in the pharmaceutical and chemical industries.\" \/>\n<meta property=\"og:url\" content=\"https:\/\/siderealmachine.com\/fr\/produit\/chemical-pharmathuetical-bottle-filling-machine\/\" \/>\n<meta property=\"og:site_name\" content=\"Sidereal Machine\" \/>\n<meta property=\"article:modified_time\" content=\"2026-04-10T17:08:59+00:00\" \/>\n<meta property=\"og:image\" content=\"https:\/\/siderealmachine.com\/wp-content\/uploads\/2025\/03\/ChemicalPharmaceutical-bottle-filling-machine.jpg\" \/>\n\t<meta property=\"og:image:width\" content=\"1200\" \/>\n\t<meta property=\"og:image:height\" content=\"1200\" \/>\n\t<meta property=\"og:image:type\" content=\"image\/jpeg\" \/>\n<meta name=\"twitter:card\" content=\"summary_large_image\" \/>\n<meta name=\"twitter:label1\" content=\"Dur\u00e9e de lecture estim\u00e9e\" \/>\n\t<meta name=\"twitter:data1\" content=\"2 minutes\" \/>\n<script type=\"application\/ld+json\" class=\"yoast-schema-graph\">{\"@context\":\"https:\/\/schema.org\",\"@graph\":[{\"@type\":\"WebPage\",\"@id\":\"https:\/\/siderealmachine.com\/product\/chemical-pharmathuetical-bottle-filling-machine\/\",\"url\":\"https:\/\/siderealmachine.com\/product\/chemical-pharmathuetical-bottle-filling-machine\/\",\"name\":\"Pharmaceuticals & Chemical Bottle Filling Machine - Sidereal Machine\",\"isPartOf\":{\"@id\":\"https:\/\/siderealmachine.com\/#website\"},\"primaryImageOfPage\":{\"@id\":\"https:\/\/siderealmachine.com\/product\/chemical-pharmathuetical-bottle-filling-machine\/#primaryimage\"},\"image\":{\"@id\":\"https:\/\/siderealmachine.com\/product\/chemical-pharmathuetical-bottle-filling-machine\/#primaryimage\"},\"thumbnailUrl\":\"https:\/\/siderealmachine.com\/wp-content\/uploads\/2025\/03\/ChemicalPharmaceutical-bottle-filling-machine.jpg\",\"datePublished\":\"2025-03-14T15:59:04+00:00\",\"dateModified\":\"2026-04-10T17:08:59+00:00\",\"description\":\"The Pharmaceuticals & Chemical Bottle Filling Machine is specially designed for high-precision liquid filling in the pharmaceutical and chemical industries.\",\"breadcrumb\":{\"@id\":\"https:\/\/siderealmachine.com\/product\/chemical-pharmathuetical-bottle-filling-machine\/#breadcrumb\"},\"inLanguage\":\"fr-FR\",\"potentialAction\":[{\"@type\":\"ReadAction\",\"target\":[\"https:\/\/siderealmachine.com\/product\/chemical-pharmathuetical-bottle-filling-machine\/\"]}]},{\"@type\":\"ImageObject\",\"inLanguage\":\"fr-FR\",\"@id\":\"https:\/\/siderealmachine.com\/product\/chemical-pharmathuetical-bottle-filling-machine\/#primaryimage\",\"url\":\"https:\/\/siderealmachine.com\/wp-content\/uploads\/2025\/03\/ChemicalPharmaceutical-bottle-filling-machine.jpg\",\"contentUrl\":\"https:\/\/siderealmachine.com\/wp-content\/uploads\/2025\/03\/ChemicalPharmaceutical-bottle-filling-machine.jpg\",\"width\":1200,\"height\":1200},{\"@type\":\"BreadcrumbList\",\"@id\":\"https:\/\/siderealmachine.com\/product\/chemical-pharmathuetical-bottle-filling-machine\/#breadcrumb\",\"itemListElement\":[{\"@type\":\"ListItem\",\"position\":1,\"name\":\"Home\",\"item\":\"https:\/\/siderealmachine.com\/\"},{\"@type\":\"ListItem\",\"position\":2,\"name\":\"Products\",\"item\":\"https:\/\/siderealmachine.com\/products\/\"},{\"@type\":\"ListItem\",\"position\":3,\"name\":\"Pharmaceuticals &#038; Chemical Bottle Filling Machine\"}]},{\"@type\":\"WebSite\",\"@id\":\"https:\/\/siderealmachine.com\/#website\",\"url\":\"https:\/\/siderealmachine.com\/\",\"name\":\"Sidereal Machine\",\"description\":\"\",\"publisher\":{\"@id\":\"https:\/\/siderealmachine.com\/#organization\"},\"potentialAction\":[{\"@type\":\"SearchAction\",\"target\":{\"@type\":\"EntryPoint\",\"urlTemplate\":\"https:\/\/siderealmachine.com\/?s={search_term_string}\"},\"query-input\":{\"@type\":\"PropertyValueSpecification\",\"valueRequired\":true,\"valueName\":\"search_term_string\"}}],\"inLanguage\":\"fr-FR\"},{\"@type\":\"Organization\",\"@id\":\"https:\/\/siderealmachine.com\/#organization\",\"name\":\"Sidereal Machine\",\"url\":\"https:\/\/siderealmachine.com\/\",\"logo\":{\"@type\":\"ImageObject\",\"inLanguage\":\"fr-FR\",\"@id\":\"https:\/\/siderealmachine.com\/#\/schema\/logo\/image\/\",\"url\":\"https:\/\/siderealmachine.com\/wp-content\/uploads\/2025\/11\/cropped-Sidereal-machine-2.png\",\"contentUrl\":\"https:\/\/siderealmachine.com\/wp-content\/uploads\/2025\/11\/cropped-Sidereal-machine-2.png\",\"width\":686,\"height\":663,\"caption\":\"Sidereal Machine\"},\"image\":{\"@id\":\"https:\/\/siderealmachine.com\/#\/schema\/logo\/image\/\"}}]}<\/script>\n<!-- \/ Yoast SEO plugin. -->","yoast_head_json":{"title":"Pharmaceuticals & Chemical Bottle Filling Machine - Sidereal Machine","description":"The Pharmaceuticals & Chemical Bottle Filling Machine is specially designed for high-precision liquid filling in the pharmaceutical and chemical industries.","robots":{"index":"index","follow":"follow","max-snippet":"max-snippet:-1","max-image-preview":"max-image-preview:large","max-video-preview":"max-video-preview:-1"},"canonical":"https:\/\/siderealmachine.com\/fr\/produit\/chemical-pharmathuetical-bottle-filling-machine\/","og_locale":"fr_FR","og_type":"article","og_title":"Pharmaceuticals & Chemical Bottle Filling Machine - Sidereal Machine","og_description":"The Pharmaceuticals & Chemical Bottle Filling Machine is specially designed for high-precision liquid filling in the pharmaceutical and chemical industries.","og_url":"https:\/\/siderealmachine.com\/fr\/produit\/chemical-pharmathuetical-bottle-filling-machine\/","og_site_name":"Sidereal Machine","article_modified_time":"2026-04-10T17:08:59+00:00","og_image":[{"width":1200,"height":1200,"url":"https:\/\/siderealmachine.com\/wp-content\/uploads\/2025\/03\/ChemicalPharmaceutical-bottle-filling-machine.jpg","type":"image\/jpeg"}],"twitter_card":"summary_large_image","twitter_misc":{"Dur\u00e9e de lecture estim\u00e9e":"2 minutes"},"schema":{"@context":"https:\/\/schema.org","@graph":[{"@type":"WebPage","@id":"https:\/\/siderealmachine.com\/product\/chemical-pharmathuetical-bottle-filling-machine\/","url":"https:\/\/siderealmachine.com\/product\/chemical-pharmathuetical-bottle-filling-machine\/","name":"Pharmaceuticals & Chemical Bottle Filling Machine - Sidereal Machine","isPartOf":{"@id":"https:\/\/siderealmachine.com\/#website"},"primaryImageOfPage":{"@id":"https:\/\/siderealmachine.com\/product\/chemical-pharmathuetical-bottle-filling-machine\/#primaryimage"},"image":{"@id":"https:\/\/siderealmachine.com\/product\/chemical-pharmathuetical-bottle-filling-machine\/#primaryimage"},"thumbnailUrl":"https:\/\/siderealmachine.com\/wp-content\/uploads\/2025\/03\/ChemicalPharmaceutical-bottle-filling-machine.jpg","datePublished":"2025-03-14T15:59:04+00:00","dateModified":"2026-04-10T17:08:59+00:00","description":"The Pharmaceuticals & Chemical Bottle Filling Machine is specially designed for high-precision liquid filling in the pharmaceutical and chemical industries.","breadcrumb":{"@id":"https:\/\/siderealmachine.com\/product\/chemical-pharmathuetical-bottle-filling-machine\/#breadcrumb"},"inLanguage":"fr-FR","potentialAction":[{"@type":"ReadAction","target":["https:\/\/siderealmachine.com\/product\/chemical-pharmathuetical-bottle-filling-machine\/"]}]},{"@type":"ImageObject","inLanguage":"fr-FR","@id":"https:\/\/siderealmachine.com\/product\/chemical-pharmathuetical-bottle-filling-machine\/#primaryimage","url":"https:\/\/siderealmachine.com\/wp-content\/uploads\/2025\/03\/ChemicalPharmaceutical-bottle-filling-machine.jpg","contentUrl":"https:\/\/siderealmachine.com\/wp-content\/uploads\/2025\/03\/ChemicalPharmaceutical-bottle-filling-machine.jpg","width":1200,"height":1200},{"@type":"BreadcrumbList","@id":"https:\/\/siderealmachine.com\/product\/chemical-pharmathuetical-bottle-filling-machine\/#breadcrumb","itemListElement":[{"@type":"ListItem","position":1,"name":"Home","item":"https:\/\/siderealmachine.com\/"},{"@type":"ListItem","position":2,"name":"Products","item":"https:\/\/siderealmachine.com\/products\/"},{"@type":"ListItem","position":3,"name":"Pharmaceuticals &#038; Chemical Bottle Filling Machine"}]},{"@type":"WebSite","@id":"https:\/\/siderealmachine.com\/#website","url":"https:\/\/siderealmachine.com\/","name":"Sidereal Machine","description":"","publisher":{"@id":"https:\/\/siderealmachine.com\/#organization"},"potentialAction":[{"@type":"SearchAction","target":{"@type":"EntryPoint","urlTemplate":"https:\/\/siderealmachine.com\/?s={search_term_string}"},"query-input":{"@type":"PropertyValueSpecification","valueRequired":true,"valueName":"search_term_string"}}],"inLanguage":"fr-FR"},{"@type":"Organization","@id":"https:\/\/siderealmachine.com\/#organization","name":"Sidereal Machine","url":"https:\/\/siderealmachine.com\/","logo":{"@type":"ImageObject","inLanguage":"fr-FR","@id":"https:\/\/siderealmachine.com\/#\/schema\/logo\/image\/","url":"https:\/\/siderealmachine.com\/wp-content\/uploads\/2025\/11\/cropped-Sidereal-machine-2.png","contentUrl":"https:\/\/siderealmachine.com\/wp-content\/uploads\/2025\/11\/cropped-Sidereal-machine-2.png","width":686,"height":663,"caption":"Sidereal Machine"},"image":{"@id":"https:\/\/siderealmachine.com\/#\/schema\/logo\/image\/"}}]}},"_links":{"self":[{"href":"https:\/\/siderealmachine.com\/fr\/wp-json\/wp\/v2\/product\/1324","targetHints":{"allow":["GET"]}}],"collection":[{"href":"https:\/\/siderealmachine.com\/fr\/wp-json\/wp\/v2\/product"}],"about":[{"href":"https:\/\/siderealmachine.com\/fr\/wp-json\/wp\/v2\/types\/product"}],"wp:featuredmedia":[{"embeddable":true,"href":"https:\/\/siderealmachine.com\/fr\/wp-json\/wp\/v2\/media\/2173"}],"wp:attachment":[{"href":"https:\/\/siderealmachine.com\/fr\/wp-json\/wp\/v2\/media?parent=1324"}],"wp:term":[{"taxonomy":"product_brand","embeddable":true,"href":"https:\/\/siderealmachine.com\/fr\/wp-json\/wp\/v2\/product_brand?post=1324"},{"taxonomy":"product_cat","embeddable":true,"href":"https:\/\/siderealmachine.com\/fr\/wp-json\/wp\/v2\/product_cat?post=1324"},{"taxonomy":"product_tag","embeddable":true,"href":"https:\/\/siderealmachine.com\/fr\/wp-json\/wp\/v2\/product_tag?post=1324"}],"curies":[{"name":"wp","href":"https:\/\/api.w.org\/{rel}","templated":true}]}}