{"id":1471,"date":"2025-03-25T03:37:21","date_gmt":"2025-03-25T03:37:21","guid":{"rendered":"https:\/\/siderealmachine.com\/?post_type=product&#038;p=1471"},"modified":"2026-04-15T02:58:29","modified_gmt":"2026-04-15T02:58:29","slug":"nail-polish-bottle-filling-machine","status":"publish","type":"product","link":"https:\/\/siderealmachine.com\/fr\/produit\/nail-polish-bottle-filling-machine\/","title":{"rendered":"Machine de remplissage de flacons de vernis \u00e0 ongles"},"content":{"rendered":"<p style=\"font-weight: 400;\">The Nail Polish Bottle Filling Machine is a highly efficient solution designed specifically for nail polish, UV gel, lash serums, and other high-viscosity small-volume liquids. It is compatible with a wide range of bottle shapes and sizes, particularly 5-30ml glass or plastic bottles. Controlled by a PLC system with a user-friendly touchscreen interface, this nail polish bottle filling machine utilizes high-precision ceramic or peristaltic pumps to ensure accurate, clean, and leak-free filling. Optional modules include automatic brush inserting, cap feeding, capping, and labeling, making it ideal for cosmetics and nail care product manufacturers.<\/p>\n<h4 style=\"font-weight: 400;\"><strong>Caract\u00e9ristiques :<\/strong><\/h4>\n<ol>\n<li>Remplacement facile des pi\u00e8ces gr\u00e2ce \u00e0 une fonction de nettoyage automatique.<\/li>\n<li>Contr\u00f4le par \u00e9cran tactile PLC, <span style=\"font-family: var(--global-body-font-family);\">jeu de langues multiples en option.<\/span><\/li>\n<li>Arr\u00eat automatique lorsqu'aucune bouteille n'est d\u00e9tect\u00e9e et d\u00e9marrage automatique lorsque des bouteilles sont pr\u00e9sentes.<\/li>\n<li>L'indexeur \u00e0 came de haute qualit\u00e9 assure une division pr\u00e9cise du poste de travail pour un remplissage, un bouchage, un placement de bouchon et un capsulage stables.<\/li>\n<li>Structure bien con\u00e7ue pour un fonctionnement souple et stable.<\/li>\n<li>Personnalisable<\/li>\n<li>Moules faciles \u00e0 remplacer, adapt\u00e9s \u00e0 diff\u00e9rentes capacit\u00e9s de production de bouteilles.<\/li>\n<li>Fabriqu\u00e9 en acier inoxydable SUS304 et 316L, conforme aux normes industrielles.<\/li>\n<\/ol>\n<h4 style=\"font-weight: 400;\"><strong>Application:<\/strong><\/h4>\n<p>Local light spot essence, hair growth essence, scalp nutrient solution, adhesive, touch-up paint pen, car scratch repair paint, acrylic paint, glitter glue, color mixing medium, handmade glue, etc. liquid filling.<\/p>\n<p style=\"font-weight: 400;\">Other matched equipments for filling lines: <a href=\"https:\/\/siderealmachine.com\/fr\/produit\/bottle-feeder-for-automatic-package-filling-machine\/\">bottle feeder<\/a>, bottle unscrambler, bottle washing, filling, <a href=\"https:\/\/siderealmachine.com\/fr\/produit\/automatic-capping-machine\/\">capping<\/a>, <a href=\"https:\/\/siderealmachine.com\/fr\/produit\/induction-automatic-labeling-machine\/\">labeling<\/a>, expire date printing, foil sealing, counting, bottle boxing, sterilizing dryer, etc.<\/p>\n<p>&nbsp;<\/p>","protected":false},"excerpt":{"rendered":"<p style=\"font-weight: 400;\">Flacon applicable : 2-30ml<\/p>\n<p style=\"font-weight: 400;\">Capacit\u00e9 de production : 30-50 bouteilles\/min 60-80 bouteilles\/min, peut \u00eatre ajust\u00e9e selon les besoins du client.<\/p>\n<p style=\"font-weight: 400;\">Tension : 220V 50Hz<\/p>\n<p style=\"font-weight: 400;\">Puissance : 1,5KW<\/p>\n<p style=\"font-weight: 400;\">Consommation d'air : 0,8-2m\u00b3\/h 0,3-0,8Mpa<\/p>\n<p style=\"font-weight: 400;\">Poids : 500KG<\/p>\n<p style=\"font-weight: 400;\">Dimensions : 2000*1250*1600mm<\/p>","protected":false},"featured_media":2177,"template":"","meta":{"_acf_changed":false,"inline_featured_image":false,"_kad_post_transparent":"default","_kad_post_title":"","_kad_post_layout":"default","_kad_post_sidebar_id":"","_kad_post_content_style":"default","_kad_post_vertical_padding":"default","_kad_post_feature":"","_kad_post_feature_position":"","_kad_post_header":false,"_kad_post_footer":false},"product_brand":[],"product_cat":[18],"product_tag":[],"class_list":{"0":"post-1471","1":"product","2":"type-product","3":"status-publish","4":"has-post-thumbnail","6":"product_cat-skin-care-cosmetic-filling-machine","8":"first","9":"instock","10":"shipping-taxable","11":"product-type-simple","12":"entry","13":"content-bg","14":"loop-entry"},"acf":[],"yoast_head":"<!-- This site is optimized with the Yoast SEO plugin v24.5 - https:\/\/yoast.com\/wordpress\/plugins\/seo\/ -->\n<title>Nail Polish Bottle Filling Machine - Sidereal Machine<\/title>\n<meta name=\"description\" content=\"The Nail Polish Bottle Filling Machine is a highly efficient solution designed specifically for nail polish, UV gel, lash serums, and other high-viscosity\" \/>\n<meta name=\"robots\" content=\"index, follow, max-snippet:-1, max-image-preview:large, max-video-preview:-1\" \/>\n<link rel=\"canonical\" href=\"https:\/\/siderealmachine.com\/fr\/produit\/nail-polish-bottle-filling-machine\/\" \/>\n<meta property=\"og:locale\" content=\"fr_FR\" \/>\n<meta property=\"og:type\" content=\"article\" \/>\n<meta property=\"og:title\" content=\"Nail Polish Bottle Filling Machine - Sidereal Machine\" \/>\n<meta property=\"og:description\" content=\"The Nail Polish Bottle Filling Machine is a highly efficient solution designed specifically for nail polish, UV gel, lash serums, and other high-viscosity\" \/>\n<meta property=\"og:url\" content=\"https:\/\/siderealmachine.com\/fr\/produit\/nail-polish-bottle-filling-machine\/\" \/>\n<meta property=\"og:site_name\" content=\"Sidereal Machine\" \/>\n<meta property=\"article:modified_time\" content=\"2026-04-15T02:58:29+00:00\" \/>\n<meta property=\"og:image\" content=\"https:\/\/siderealmachine.com\/wp-content\/uploads\/2025\/03\/Nail-polish-bottle-filling-machine.jpg\" \/>\n\t<meta property=\"og:image:width\" content=\"1200\" \/>\n\t<meta property=\"og:image:height\" content=\"1200\" \/>\n\t<meta property=\"og:image:type\" content=\"image\/jpeg\" \/>\n<meta name=\"twitter:card\" content=\"summary_large_image\" \/>\n<meta name=\"twitter:label1\" content=\"Dur\u00e9e de lecture estim\u00e9e\" \/>\n\t<meta name=\"twitter:data1\" content=\"2 minutes\" \/>\n<script type=\"application\/ld+json\" class=\"yoast-schema-graph\">{\"@context\":\"https:\/\/schema.org\",\"@graph\":[{\"@type\":\"WebPage\",\"@id\":\"https:\/\/siderealmachine.com\/product\/nail-polish-bottle-filling-machine\/\",\"url\":\"https:\/\/siderealmachine.com\/product\/nail-polish-bottle-filling-machine\/\",\"name\":\"Nail Polish Bottle Filling Machine - Sidereal Machine\",\"isPartOf\":{\"@id\":\"https:\/\/siderealmachine.com\/#website\"},\"primaryImageOfPage\":{\"@id\":\"https:\/\/siderealmachine.com\/product\/nail-polish-bottle-filling-machine\/#primaryimage\"},\"image\":{\"@id\":\"https:\/\/siderealmachine.com\/product\/nail-polish-bottle-filling-machine\/#primaryimage\"},\"thumbnailUrl\":\"https:\/\/siderealmachine.com\/wp-content\/uploads\/2025\/03\/Nail-polish-bottle-filling-machine.jpg\",\"datePublished\":\"2025-03-25T03:37:21+00:00\",\"dateModified\":\"2026-04-15T02:58:29+00:00\",\"description\":\"The Nail Polish Bottle Filling Machine is a highly efficient solution designed specifically for nail polish, UV gel, lash serums, and other high-viscosity\",\"breadcrumb\":{\"@id\":\"https:\/\/siderealmachine.com\/product\/nail-polish-bottle-filling-machine\/#breadcrumb\"},\"inLanguage\":\"fr-FR\",\"potentialAction\":[{\"@type\":\"ReadAction\",\"target\":[\"https:\/\/siderealmachine.com\/product\/nail-polish-bottle-filling-machine\/\"]}]},{\"@type\":\"ImageObject\",\"inLanguage\":\"fr-FR\",\"@id\":\"https:\/\/siderealmachine.com\/product\/nail-polish-bottle-filling-machine\/#primaryimage\",\"url\":\"https:\/\/siderealmachine.com\/wp-content\/uploads\/2025\/03\/Nail-polish-bottle-filling-machine.jpg\",\"contentUrl\":\"https:\/\/siderealmachine.com\/wp-content\/uploads\/2025\/03\/Nail-polish-bottle-filling-machine.jpg\",\"width\":1200,\"height\":1200},{\"@type\":\"BreadcrumbList\",\"@id\":\"https:\/\/siderealmachine.com\/product\/nail-polish-bottle-filling-machine\/#breadcrumb\",\"itemListElement\":[{\"@type\":\"ListItem\",\"position\":1,\"name\":\"Home\",\"item\":\"https:\/\/siderealmachine.com\/\"},{\"@type\":\"ListItem\",\"position\":2,\"name\":\"Products\",\"item\":\"https:\/\/siderealmachine.com\/products\/\"},{\"@type\":\"ListItem\",\"position\":3,\"name\":\"Nail Polish Bottle Filling Machine\"}]},{\"@type\":\"WebSite\",\"@id\":\"https:\/\/siderealmachine.com\/#website\",\"url\":\"https:\/\/siderealmachine.com\/\",\"name\":\"Sidereal Machine\",\"description\":\"\",\"publisher\":{\"@id\":\"https:\/\/siderealmachine.com\/#organization\"},\"potentialAction\":[{\"@type\":\"SearchAction\",\"target\":{\"@type\":\"EntryPoint\",\"urlTemplate\":\"https:\/\/siderealmachine.com\/?s={search_term_string}\"},\"query-input\":{\"@type\":\"PropertyValueSpecification\",\"valueRequired\":true,\"valueName\":\"search_term_string\"}}],\"inLanguage\":\"fr-FR\"},{\"@type\":\"Organization\",\"@id\":\"https:\/\/siderealmachine.com\/#organization\",\"name\":\"Sidereal Machine\",\"url\":\"https:\/\/siderealmachine.com\/\",\"logo\":{\"@type\":\"ImageObject\",\"inLanguage\":\"fr-FR\",\"@id\":\"https:\/\/siderealmachine.com\/#\/schema\/logo\/image\/\",\"url\":\"https:\/\/siderealmachine.com\/wp-content\/uploads\/2025\/11\/cropped-Sidereal-machine-2.png\",\"contentUrl\":\"https:\/\/siderealmachine.com\/wp-content\/uploads\/2025\/11\/cropped-Sidereal-machine-2.png\",\"width\":686,\"height\":663,\"caption\":\"Sidereal Machine\"},\"image\":{\"@id\":\"https:\/\/siderealmachine.com\/#\/schema\/logo\/image\/\"}}]}<\/script>\n<!-- \/ Yoast SEO plugin. -->","yoast_head_json":{"title":"Nail Polish Bottle Filling Machine - Sidereal Machine","description":"The Nail Polish Bottle Filling Machine is a highly efficient solution designed specifically for nail polish, UV gel, lash serums, and other high-viscosity","robots":{"index":"index","follow":"follow","max-snippet":"max-snippet:-1","max-image-preview":"max-image-preview:large","max-video-preview":"max-video-preview:-1"},"canonical":"https:\/\/siderealmachine.com\/fr\/produit\/nail-polish-bottle-filling-machine\/","og_locale":"fr_FR","og_type":"article","og_title":"Nail Polish Bottle Filling Machine - Sidereal Machine","og_description":"The Nail Polish Bottle Filling Machine is a highly efficient solution designed specifically for nail polish, UV gel, lash serums, and other high-viscosity","og_url":"https:\/\/siderealmachine.com\/fr\/produit\/nail-polish-bottle-filling-machine\/","og_site_name":"Sidereal Machine","article_modified_time":"2026-04-15T02:58:29+00:00","og_image":[{"width":1200,"height":1200,"url":"https:\/\/siderealmachine.com\/wp-content\/uploads\/2025\/03\/Nail-polish-bottle-filling-machine.jpg","type":"image\/jpeg"}],"twitter_card":"summary_large_image","twitter_misc":{"Dur\u00e9e de lecture estim\u00e9e":"2 minutes"},"schema":{"@context":"https:\/\/schema.org","@graph":[{"@type":"WebPage","@id":"https:\/\/siderealmachine.com\/product\/nail-polish-bottle-filling-machine\/","url":"https:\/\/siderealmachine.com\/product\/nail-polish-bottle-filling-machine\/","name":"Nail Polish Bottle Filling Machine - Sidereal Machine","isPartOf":{"@id":"https:\/\/siderealmachine.com\/#website"},"primaryImageOfPage":{"@id":"https:\/\/siderealmachine.com\/product\/nail-polish-bottle-filling-machine\/#primaryimage"},"image":{"@id":"https:\/\/siderealmachine.com\/product\/nail-polish-bottle-filling-machine\/#primaryimage"},"thumbnailUrl":"https:\/\/siderealmachine.com\/wp-content\/uploads\/2025\/03\/Nail-polish-bottle-filling-machine.jpg","datePublished":"2025-03-25T03:37:21+00:00","dateModified":"2026-04-15T02:58:29+00:00","description":"The Nail Polish Bottle Filling Machine is a highly efficient solution designed specifically for nail polish, UV gel, lash serums, and other high-viscosity","breadcrumb":{"@id":"https:\/\/siderealmachine.com\/product\/nail-polish-bottle-filling-machine\/#breadcrumb"},"inLanguage":"fr-FR","potentialAction":[{"@type":"ReadAction","target":["https:\/\/siderealmachine.com\/product\/nail-polish-bottle-filling-machine\/"]}]},{"@type":"ImageObject","inLanguage":"fr-FR","@id":"https:\/\/siderealmachine.com\/product\/nail-polish-bottle-filling-machine\/#primaryimage","url":"https:\/\/siderealmachine.com\/wp-content\/uploads\/2025\/03\/Nail-polish-bottle-filling-machine.jpg","contentUrl":"https:\/\/siderealmachine.com\/wp-content\/uploads\/2025\/03\/Nail-polish-bottle-filling-machine.jpg","width":1200,"height":1200},{"@type":"BreadcrumbList","@id":"https:\/\/siderealmachine.com\/product\/nail-polish-bottle-filling-machine\/#breadcrumb","itemListElement":[{"@type":"ListItem","position":1,"name":"Home","item":"https:\/\/siderealmachine.com\/"},{"@type":"ListItem","position":2,"name":"Products","item":"https:\/\/siderealmachine.com\/products\/"},{"@type":"ListItem","position":3,"name":"Nail Polish Bottle Filling Machine"}]},{"@type":"WebSite","@id":"https:\/\/siderealmachine.com\/#website","url":"https:\/\/siderealmachine.com\/","name":"Sidereal Machine","description":"","publisher":{"@id":"https:\/\/siderealmachine.com\/#organization"},"potentialAction":[{"@type":"SearchAction","target":{"@type":"EntryPoint","urlTemplate":"https:\/\/siderealmachine.com\/?s={search_term_string}"},"query-input":{"@type":"PropertyValueSpecification","valueRequired":true,"valueName":"search_term_string"}}],"inLanguage":"fr-FR"},{"@type":"Organization","@id":"https:\/\/siderealmachine.com\/#organization","name":"Sidereal Machine","url":"https:\/\/siderealmachine.com\/","logo":{"@type":"ImageObject","inLanguage":"fr-FR","@id":"https:\/\/siderealmachine.com\/#\/schema\/logo\/image\/","url":"https:\/\/siderealmachine.com\/wp-content\/uploads\/2025\/11\/cropped-Sidereal-machine-2.png","contentUrl":"https:\/\/siderealmachine.com\/wp-content\/uploads\/2025\/11\/cropped-Sidereal-machine-2.png","width":686,"height":663,"caption":"Sidereal Machine"},"image":{"@id":"https:\/\/siderealmachine.com\/#\/schema\/logo\/image\/"}}]}},"_links":{"self":[{"href":"https:\/\/siderealmachine.com\/fr\/wp-json\/wp\/v2\/product\/1471","targetHints":{"allow":["GET"]}}],"collection":[{"href":"https:\/\/siderealmachine.com\/fr\/wp-json\/wp\/v2\/product"}],"about":[{"href":"https:\/\/siderealmachine.com\/fr\/wp-json\/wp\/v2\/types\/product"}],"wp:featuredmedia":[{"embeddable":true,"href":"https:\/\/siderealmachine.com\/fr\/wp-json\/wp\/v2\/media\/2177"}],"wp:attachment":[{"href":"https:\/\/siderealmachine.com\/fr\/wp-json\/wp\/v2\/media?parent=1471"}],"wp:term":[{"taxonomy":"product_brand","embeddable":true,"href":"https:\/\/siderealmachine.com\/fr\/wp-json\/wp\/v2\/product_brand?post=1471"},{"taxonomy":"product_cat","embeddable":true,"href":"https:\/\/siderealmachine.com\/fr\/wp-json\/wp\/v2\/product_cat?post=1471"},{"taxonomy":"product_tag","embeddable":true,"href":"https:\/\/siderealmachine.com\/fr\/wp-json\/wp\/v2\/product_tag?post=1471"}],"curies":[{"name":"wp","href":"https:\/\/api.w.org\/{rel}","templated":true}]}}