{"id":1478,"date":"2025-03-25T09:07:49","date_gmt":"2025-03-25T09:07:49","guid":{"rendered":"https:\/\/siderealmachine.com\/?post_type=product&#038;p=1478"},"modified":"2026-03-25T18:19:28","modified_gmt":"2026-03-25T18:19:28","slug":"cryogenic-test-tube-filling-machine","status":"publish","type":"product","link":"https:\/\/siderealmachine.com\/fr\/produit\/cryogenic-test-tube-filling-machine\/","title":{"rendered":"Sampling Cryogenic Test Tube Automatic Filling Machine"},"content":{"rendered":"<p style=\"font-weight: 400;\">The Cryogenic test tube filling machine is designed for fully automatic filling of various diagnostic reagents, in-vitro diagnostic (IVD) reagents, and nucleic acid test reagents. It provides a professional reagent filling solution, with optional ISO Class 5 (100-grade) laminar flow and a specialized aseptic filling machine design. The cryogenic test tube filling machine featuring high automation, the system ensures no filling, no stoppering, and no capping without bottles.<\/p>\n<h4 style=\"font-weight: 400;\"><strong>Caract\u00e9ristiques :<\/strong><\/h4>\n<ol>\n<li>Contr\u00f4le PLC intelligent - \u00c9quip\u00e9 d'une interface homme-machine intelligente, prenant en charge les options multilingues pour un fonctionnement intuitif et convivial.<\/li>\n<li>Capteur photo\u00e9lectrique pour un remplissage de pr\u00e9cision - Utilise des capteurs photo\u00e9lectriques import\u00e9s d'Allemagne pour d\u00e9tecter avec pr\u00e9cision la position des bouteilles, assurant ainsi un remplissage pr\u00e9cis.<\/li>\n<li>Circuit int\u00e9gr\u00e9 de haute qualit\u00e9 - Fabriqu\u00e9 avec des composants nationaux et internationaux de premi\u00e8re qualit\u00e9, il garantit des performances fiables et une durabilit\u00e9 \u00e0 long terme.<\/li>\n<li>Buses de remplissage anti-goutte - Buses de remplissage anti-goutte de haute qualit\u00e9 avec positions r\u00e9glables et num\u00e9ros de buse personnalisables en fonction des besoins de production.<\/li>\n<li>Cylindres durables et performants - La machine est \u00e9quip\u00e9e de cylindres de haute qualit\u00e9, offrant une longue dur\u00e9e de vie et une grande efficacit\u00e9.<\/li>\n<li>Entr\u00e9e d'air avec manom\u00e8tre - Con\u00e7ue avec une entr\u00e9e d'air command\u00e9e par interrupteur et un manom\u00e8tre int\u00e9gr\u00e9 pour un r\u00e9glage facile de l'alimentation en air et un fonctionnement efficace.<\/li>\n<li>Convoyeur \u00e0 cha\u00eene sans soudure - Comprend un convoyeur \u00e0 cha\u00eene sans soudure, compatible avec diff\u00e9rents diam\u00e8tres de bouteilles, avec des protections lat\u00e9rales r\u00e9glables pour un transport des bouteilles stable et en douceur.<\/li>\n<\/ol>\n<h4><strong>Application\uff1a<\/strong><\/h4>\n<p>Centrifuge tubes, swab sampling tubes, sampling reagents, sample bottles, test tubes, laboratory cryogenic test tubes, cell cryogenic tubes, test reagent tubes, sample preservation sampling tubes, detection solution,etc.<\/p>\n<p>Other matched equipments for spray bottle filling machine:\u00a0<a href=\"https:\/\/siderealmachine.com\/fr\/produit\/bottle-feeder-for-automatic-package-filling-machine\/\">bottle feeder<\/a>,\u00a0<a href=\"https:\/\/siderealmachine.com\/fr\/produit\/automatic-bottle-unscrambler-machine-for-packaging-filling-line\/\">bottle unscrambler<\/a>, bottle washing, filling, capping,\u00a0<a href=\"https:\/\/siderealmachine.com\/fr\/produit\/induction-automatic-labeling-machine\/\">labeling<\/a>, expire date printing, foil sealing, counting, bottle boxing, sterilizing dryer, etc.<\/p>","protected":false},"excerpt":{"rendered":"<p>Flacon applicable : 2ml-10ml<\/p>\n<p>Capacit\u00e9 de production : 30-40 bouteilles\/min, 60-80 bouteilles\/min, peut \u00eatre ajust\u00e9e en fonction des besoins du client.<\/p>\n<p>Tension : 220V 50Hz<\/p>\n<p>Puissance : 2KW<\/p>\n<p>Consommation d'air : 0,8-2m\u00b3\/h 0,3-0,8Mpa<\/p>\n<p>Poids : 550KG<\/p>\n<p>Dimensions : 2000*1250*1700mm<\/p>","protected":false},"featured_media":2174,"template":"","meta":{"_acf_changed":false,"inline_featured_image":false,"_kad_post_transparent":"default","_kad_post_title":"","_kad_post_layout":"default","_kad_post_sidebar_id":"","_kad_post_content_style":"default","_kad_post_vertical_padding":"default","_kad_post_feature":"","_kad_post_feature_position":"","_kad_post_header":false,"_kad_post_footer":false},"product_brand":[],"product_cat":[15],"product_tag":[],"class_list":{"0":"post-1478","1":"product","2":"type-product","3":"status-publish","4":"has-post-thumbnail","6":"product_cat-sidereal-machine-package-filling","8":"first","9":"instock","10":"shipping-taxable","11":"product-type-simple","12":"entry","13":"content-bg","14":"loop-entry"},"acf":[],"yoast_head":"<!-- This site is optimized with the Yoast SEO plugin v24.5 - https:\/\/yoast.com\/wordpress\/plugins\/seo\/ -->\n<title>Sampling Cryogenic Test Tube Automatic Filling Machine - Sidereal Machine<\/title>\n<meta name=\"description\" content=\"The Cryogenic test tube filling machine is designed for fully automatic filling of various diagnostic reagents, in-vitro diagnostic (IVD) reagents\" \/>\n<meta name=\"robots\" content=\"index, follow, max-snippet:-1, max-image-preview:large, max-video-preview:-1\" \/>\n<link rel=\"canonical\" href=\"https:\/\/siderealmachine.com\/fr\/produit\/cryogenic-test-tube-filling-machine\/\" \/>\n<meta property=\"og:locale\" content=\"fr_FR\" \/>\n<meta property=\"og:type\" content=\"article\" \/>\n<meta property=\"og:title\" content=\"Sampling Cryogenic Test Tube Automatic Filling Machine - Sidereal Machine\" \/>\n<meta property=\"og:description\" content=\"The Cryogenic test tube filling machine is designed for fully automatic filling of various diagnostic reagents, in-vitro diagnostic (IVD) reagents\" \/>\n<meta property=\"og:url\" content=\"https:\/\/siderealmachine.com\/fr\/produit\/cryogenic-test-tube-filling-machine\/\" \/>\n<meta property=\"og:site_name\" content=\"Sidereal Machine\" \/>\n<meta property=\"article:modified_time\" content=\"2026-03-25T18:19:28+00:00\" \/>\n<meta property=\"og:image\" content=\"https:\/\/siderealmachine.com\/wp-content\/uploads\/2025\/03\/Sampling-Tube-Cryogenic-Tube-Automatic-Filling-and-Capping-machine-1.jpg\" \/>\n\t<meta property=\"og:image:width\" content=\"1200\" \/>\n\t<meta property=\"og:image:height\" content=\"1200\" \/>\n\t<meta property=\"og:image:type\" content=\"image\/jpeg\" \/>\n<meta name=\"twitter:card\" content=\"summary_large_image\" \/>\n<meta name=\"twitter:label1\" content=\"Dur\u00e9e de lecture estim\u00e9e\" \/>\n\t<meta name=\"twitter:data1\" content=\"2 minutes\" \/>\n<script type=\"application\/ld+json\" class=\"yoast-schema-graph\">{\"@context\":\"https:\/\/schema.org\",\"@graph\":[{\"@type\":\"WebPage\",\"@id\":\"https:\/\/siderealmachine.com\/product\/cryogenic-test-tube-filling-machine\/\",\"url\":\"https:\/\/siderealmachine.com\/product\/cryogenic-test-tube-filling-machine\/\",\"name\":\"Sampling Cryogenic Test Tube Automatic Filling Machine - Sidereal Machine\",\"isPartOf\":{\"@id\":\"https:\/\/siderealmachine.com\/#website\"},\"primaryImageOfPage\":{\"@id\":\"https:\/\/siderealmachine.com\/product\/cryogenic-test-tube-filling-machine\/#primaryimage\"},\"image\":{\"@id\":\"https:\/\/siderealmachine.com\/product\/cryogenic-test-tube-filling-machine\/#primaryimage\"},\"thumbnailUrl\":\"https:\/\/siderealmachine.com\/wp-content\/uploads\/2025\/03\/Sampling-Tube-Cryogenic-Tube-Automatic-Filling-and-Capping-machine-1.jpg\",\"datePublished\":\"2025-03-25T09:07:49+00:00\",\"dateModified\":\"2026-03-25T18:19:28+00:00\",\"description\":\"The Cryogenic test tube filling machine is designed for fully automatic filling of various diagnostic reagents, in-vitro diagnostic (IVD) reagents\",\"breadcrumb\":{\"@id\":\"https:\/\/siderealmachine.com\/product\/cryogenic-test-tube-filling-machine\/#breadcrumb\"},\"inLanguage\":\"fr-FR\",\"potentialAction\":[{\"@type\":\"ReadAction\",\"target\":[\"https:\/\/siderealmachine.com\/product\/cryogenic-test-tube-filling-machine\/\"]}]},{\"@type\":\"ImageObject\",\"inLanguage\":\"fr-FR\",\"@id\":\"https:\/\/siderealmachine.com\/product\/cryogenic-test-tube-filling-machine\/#primaryimage\",\"url\":\"https:\/\/siderealmachine.com\/wp-content\/uploads\/2025\/03\/Sampling-Tube-Cryogenic-Tube-Automatic-Filling-and-Capping-machine-1.jpg\",\"contentUrl\":\"https:\/\/siderealmachine.com\/wp-content\/uploads\/2025\/03\/Sampling-Tube-Cryogenic-Tube-Automatic-Filling-and-Capping-machine-1.jpg\",\"width\":1200,\"height\":1200},{\"@type\":\"BreadcrumbList\",\"@id\":\"https:\/\/siderealmachine.com\/product\/cryogenic-test-tube-filling-machine\/#breadcrumb\",\"itemListElement\":[{\"@type\":\"ListItem\",\"position\":1,\"name\":\"Home\",\"item\":\"https:\/\/siderealmachine.com\/\"},{\"@type\":\"ListItem\",\"position\":2,\"name\":\"Products\",\"item\":\"https:\/\/siderealmachine.com\/products\/\"},{\"@type\":\"ListItem\",\"position\":3,\"name\":\"Sampling Cryogenic Test Tube Automatic Filling Machine\"}]},{\"@type\":\"WebSite\",\"@id\":\"https:\/\/siderealmachine.com\/#website\",\"url\":\"https:\/\/siderealmachine.com\/\",\"name\":\"Sidereal Machine\",\"description\":\"\",\"publisher\":{\"@id\":\"https:\/\/siderealmachine.com\/#organization\"},\"potentialAction\":[{\"@type\":\"SearchAction\",\"target\":{\"@type\":\"EntryPoint\",\"urlTemplate\":\"https:\/\/siderealmachine.com\/?s={search_term_string}\"},\"query-input\":{\"@type\":\"PropertyValueSpecification\",\"valueRequired\":true,\"valueName\":\"search_term_string\"}}],\"inLanguage\":\"fr-FR\"},{\"@type\":\"Organization\",\"@id\":\"https:\/\/siderealmachine.com\/#organization\",\"name\":\"Sidereal Machine\",\"url\":\"https:\/\/siderealmachine.com\/\",\"logo\":{\"@type\":\"ImageObject\",\"inLanguage\":\"fr-FR\",\"@id\":\"https:\/\/siderealmachine.com\/#\/schema\/logo\/image\/\",\"url\":\"https:\/\/siderealmachine.com\/wp-content\/uploads\/2025\/11\/cropped-Sidereal-machine-2.png\",\"contentUrl\":\"https:\/\/siderealmachine.com\/wp-content\/uploads\/2025\/11\/cropped-Sidereal-machine-2.png\",\"width\":686,\"height\":663,\"caption\":\"Sidereal Machine\"},\"image\":{\"@id\":\"https:\/\/siderealmachine.com\/#\/schema\/logo\/image\/\"}}]}<\/script>\n<!-- \/ Yoast SEO plugin. -->","yoast_head_json":{"title":"Sampling Cryogenic Test Tube Automatic Filling Machine - Sidereal Machine","description":"The Cryogenic test tube filling machine is designed for fully automatic filling of various diagnostic reagents, in-vitro diagnostic (IVD) reagents","robots":{"index":"index","follow":"follow","max-snippet":"max-snippet:-1","max-image-preview":"max-image-preview:large","max-video-preview":"max-video-preview:-1"},"canonical":"https:\/\/siderealmachine.com\/fr\/produit\/cryogenic-test-tube-filling-machine\/","og_locale":"fr_FR","og_type":"article","og_title":"Sampling Cryogenic Test Tube Automatic Filling Machine - Sidereal Machine","og_description":"The Cryogenic test tube filling machine is designed for fully automatic filling of various diagnostic reagents, in-vitro diagnostic (IVD) reagents","og_url":"https:\/\/siderealmachine.com\/fr\/produit\/cryogenic-test-tube-filling-machine\/","og_site_name":"Sidereal Machine","article_modified_time":"2026-03-25T18:19:28+00:00","og_image":[{"width":1200,"height":1200,"url":"https:\/\/siderealmachine.com\/wp-content\/uploads\/2025\/03\/Sampling-Tube-Cryogenic-Tube-Automatic-Filling-and-Capping-machine-1.jpg","type":"image\/jpeg"}],"twitter_card":"summary_large_image","twitter_misc":{"Dur\u00e9e de lecture estim\u00e9e":"2 minutes"},"schema":{"@context":"https:\/\/schema.org","@graph":[{"@type":"WebPage","@id":"https:\/\/siderealmachine.com\/product\/cryogenic-test-tube-filling-machine\/","url":"https:\/\/siderealmachine.com\/product\/cryogenic-test-tube-filling-machine\/","name":"Sampling Cryogenic Test Tube Automatic Filling Machine - Sidereal Machine","isPartOf":{"@id":"https:\/\/siderealmachine.com\/#website"},"primaryImageOfPage":{"@id":"https:\/\/siderealmachine.com\/product\/cryogenic-test-tube-filling-machine\/#primaryimage"},"image":{"@id":"https:\/\/siderealmachine.com\/product\/cryogenic-test-tube-filling-machine\/#primaryimage"},"thumbnailUrl":"https:\/\/siderealmachine.com\/wp-content\/uploads\/2025\/03\/Sampling-Tube-Cryogenic-Tube-Automatic-Filling-and-Capping-machine-1.jpg","datePublished":"2025-03-25T09:07:49+00:00","dateModified":"2026-03-25T18:19:28+00:00","description":"The Cryogenic test tube filling machine is designed for fully automatic filling of various diagnostic reagents, in-vitro diagnostic (IVD) reagents","breadcrumb":{"@id":"https:\/\/siderealmachine.com\/product\/cryogenic-test-tube-filling-machine\/#breadcrumb"},"inLanguage":"fr-FR","potentialAction":[{"@type":"ReadAction","target":["https:\/\/siderealmachine.com\/product\/cryogenic-test-tube-filling-machine\/"]}]},{"@type":"ImageObject","inLanguage":"fr-FR","@id":"https:\/\/siderealmachine.com\/product\/cryogenic-test-tube-filling-machine\/#primaryimage","url":"https:\/\/siderealmachine.com\/wp-content\/uploads\/2025\/03\/Sampling-Tube-Cryogenic-Tube-Automatic-Filling-and-Capping-machine-1.jpg","contentUrl":"https:\/\/siderealmachine.com\/wp-content\/uploads\/2025\/03\/Sampling-Tube-Cryogenic-Tube-Automatic-Filling-and-Capping-machine-1.jpg","width":1200,"height":1200},{"@type":"BreadcrumbList","@id":"https:\/\/siderealmachine.com\/product\/cryogenic-test-tube-filling-machine\/#breadcrumb","itemListElement":[{"@type":"ListItem","position":1,"name":"Home","item":"https:\/\/siderealmachine.com\/"},{"@type":"ListItem","position":2,"name":"Products","item":"https:\/\/siderealmachine.com\/products\/"},{"@type":"ListItem","position":3,"name":"Sampling Cryogenic Test Tube Automatic Filling Machine"}]},{"@type":"WebSite","@id":"https:\/\/siderealmachine.com\/#website","url":"https:\/\/siderealmachine.com\/","name":"Sidereal Machine","description":"","publisher":{"@id":"https:\/\/siderealmachine.com\/#organization"},"potentialAction":[{"@type":"SearchAction","target":{"@type":"EntryPoint","urlTemplate":"https:\/\/siderealmachine.com\/?s={search_term_string}"},"query-input":{"@type":"PropertyValueSpecification","valueRequired":true,"valueName":"search_term_string"}}],"inLanguage":"fr-FR"},{"@type":"Organization","@id":"https:\/\/siderealmachine.com\/#organization","name":"Sidereal Machine","url":"https:\/\/siderealmachine.com\/","logo":{"@type":"ImageObject","inLanguage":"fr-FR","@id":"https:\/\/siderealmachine.com\/#\/schema\/logo\/image\/","url":"https:\/\/siderealmachine.com\/wp-content\/uploads\/2025\/11\/cropped-Sidereal-machine-2.png","contentUrl":"https:\/\/siderealmachine.com\/wp-content\/uploads\/2025\/11\/cropped-Sidereal-machine-2.png","width":686,"height":663,"caption":"Sidereal Machine"},"image":{"@id":"https:\/\/siderealmachine.com\/#\/schema\/logo\/image\/"}}]}},"_links":{"self":[{"href":"https:\/\/siderealmachine.com\/fr\/wp-json\/wp\/v2\/product\/1478","targetHints":{"allow":["GET"]}}],"collection":[{"href":"https:\/\/siderealmachine.com\/fr\/wp-json\/wp\/v2\/product"}],"about":[{"href":"https:\/\/siderealmachine.com\/fr\/wp-json\/wp\/v2\/types\/product"}],"wp:featuredmedia":[{"embeddable":true,"href":"https:\/\/siderealmachine.com\/fr\/wp-json\/wp\/v2\/media\/2174"}],"wp:attachment":[{"href":"https:\/\/siderealmachine.com\/fr\/wp-json\/wp\/v2\/media?parent=1478"}],"wp:term":[{"taxonomy":"product_brand","embeddable":true,"href":"https:\/\/siderealmachine.com\/fr\/wp-json\/wp\/v2\/product_brand?post=1478"},{"taxonomy":"product_cat","embeddable":true,"href":"https:\/\/siderealmachine.com\/fr\/wp-json\/wp\/v2\/product_cat?post=1478"},{"taxonomy":"product_tag","embeddable":true,"href":"https:\/\/siderealmachine.com\/fr\/wp-json\/wp\/v2\/product_tag?post=1478"}],"curies":[{"name":"wp","href":"https:\/\/api.w.org\/{rel}","templated":true}]}}