{"id":1518,"date":"2025-03-31T19:01:38","date_gmt":"2025-03-31T19:01:38","guid":{"rendered":"https:\/\/siderealmachine.com\/?post_type=product&#038;p=1518"},"modified":"2026-04-14T08:14:24","modified_gmt":"2026-04-14T08:14:24","slug":"10ml-20ml-oral-liquid-solutions-filling-and-capping-machine","status":"publish","type":"product","link":"https:\/\/siderealmachine.com\/fr\/produit\/10ml-20ml-oral-liquid-solutions-filling-and-capping-machine\/","title":{"rendered":"Machine de remplissage et de bouchage de solutions liquides orales 10ml-20ml"},"content":{"rendered":"<p style=\"font-weight: 400;\">Cette machine enti\u00e8rement automatique de remplissage et de bouchage de solutions liquides orales est sp\u00e9cialement con\u00e7ue pour les flacons de liquides oraux \u00e0 tube droit de 10 \u00e0 20 ml.  Elle adopte un syst\u00e8me de dosage volum\u00e9trique \u00e0 pompe \u00e0 piston, garantissant une grande pr\u00e9cision de remplissage et des performances stables, avec un faible taux de casse des bouteilles et un encombrement r\u00e9duit.  La machine est \u00e9quip\u00e9e d'un syst\u00e8me de tri des bouchons par vibration \u00e9lectromagn\u00e9tique et d'un syst\u00e8me de bouchage par centrifugation, int\u00e9grant le remplissage et le scellage en un seul processus. La machine de remplissage et de capsulage enti\u00e8rement automatique de solutions liquides orales 10-20ML est disponible en 3 mod\u00e8les diff\u00e9rents pour r\u00e9pondre \u00e0 divers besoins de production.  Il s'agit d'une solution de remplissage id\u00e9ale pour les usines pharmaceutiques, les h\u00f4pitaux et les fabricants de produits de sant\u00e9.  L'\u00e9quipement est fabriqu\u00e9 en totale conformit\u00e9 avec les normes GMP les plus r\u00e9centes.<\/p>\n<h4 style=\"font-weight: 400;\"><strong>Caract\u00e9ristiques :<\/strong><\/h4>\n<ol>\n<li>Contr\u00f4le PLC avec \u00e9cran tactile pour une utilisation facile, plusieurs langues en option.<\/li>\n<li>Le remplissage par pompe \u00e0 piston garantit une grande pr\u00e9cision de remplissage et une vitesse r\u00e9glable.<\/li>\n<li>Fonction d'arr\u00eat automatique lorsqu'aucune bouteille n'est d\u00e9tect\u00e9e ; le remplissage reprend automatiquement lorsque des bouteilles sont pr\u00e9sentes ; faible taux de casse des bouteilles.<\/li>\n<li>Le bouchage centrifuge \u00e0 trois lames assure une fermeture s\u00fbre et esth\u00e9tique.<\/li>\n<li>Bien con\u00e7u, facile \u00e0 utiliser et \u00e0 entretenir.<\/li>\n<li>Fabriqu\u00e9 en acier inoxydable SUS304 et 316L, enti\u00e8rement conforme aux derni\u00e8res normes GMP.<\/li>\n<li>Personnalisable<\/li>\n<li>Moules faciles \u00e0 remplacer, adapt\u00e9s \u00e0 diff\u00e9rentes capacit\u00e9s de production de bouteilles.<\/li>\n<\/ol>\n<h4 style=\"font-weight: 400;\"><strong>Application:<\/strong><\/h4>\n<p>Oral liquid, syrup, nutritional liquid, freeze-dried powder injection, sterile water for injection, small-dose injection, medical essential oil, chemical reagent, beauty essence, skin care products, oral liquid nutritional liquid\u00a0for pets\/animals,ect liquid filling.<\/p>\n<p>Other matched equipments for filling lines: bottle feeder, bottle unscrambler, bottle washing, filling, capping, labeling, expire date printing, foil sealing, counting, bottle boxing, sterilizing dryer, etc.<\/p>\n<p>Regardez comment cela fonctionne :\u00a0<a href=\"https:\/\/www.youtube.com\/watch?v=2U2ZV39_YL8\">https:\/\/www.youtube.com\/watch?v=2U2ZV39_YL8<\/a><\/p>","protected":false},"excerpt":{"rendered":"<p style=\"font-weight: 400;\">Flacon applicable : 10ml-20ml<\/p>\n<p style=\"font-weight: 400;\">Capacit\u00e9 de production : 30-40 bouteilles\/min, 70-90 bouteilles\/min, 100-250 bouteilles\/min, peut \u00eatre ajust\u00e9e en fonction des besoins du client.<\/p>\n<p style=\"font-weight: 400;\">Pr\u00e9cision de remplissage : \u226599%<\/p>\n<p style=\"font-weight: 400;\">Tension : 220V 50Hz<\/p>\n<p style=\"font-weight: 400;\">Puissance : 0,87KW, 1KW, 3KW<\/p>\n<p style=\"font-weight: 400;\">Consommation d'air : 0,8-2m\u00b3\/h 0,3-0,8Mpa<\/p>\n<p style=\"font-weight: 400;\">Poids : 250KG, 450KG, 750KG<\/p>\n<p style=\"font-weight: 400;\">Dimensions : 1050*800*1500mm, 1500*1300 *1600mm, 3000*1100*1700mm<\/p>","protected":false},"featured_media":2147,"template":"","meta":{"_acf_changed":false,"inline_featured_image":false,"_kad_post_transparent":"default","_kad_post_title":"","_kad_post_layout":"default","_kad_post_sidebar_id":"","_kad_post_content_style":"default","_kad_post_vertical_padding":"default","_kad_post_feature":"","_kad_post_feature_position":"","_kad_post_header":false,"_kad_post_footer":false},"product_brand":[],"product_cat":[15],"product_tag":[],"class_list":{"0":"post-1518","1":"product","2":"type-product","3":"status-publish","4":"has-post-thumbnail","6":"product_cat-sidereal-machine-package-filling","8":"first","9":"instock","10":"shipping-taxable","11":"product-type-simple","12":"entry","13":"content-bg","14":"loop-entry"},"acf":[],"yoast_head":"<!-- This site is optimized with the Yoast SEO plugin v24.5 - https:\/\/yoast.com\/wordpress\/plugins\/seo\/ -->\n<title>10ml-20ml Oral Liquid Solutions Filling and Capping Machine - Sidereal Machine<\/title>\n<meta name=\"description\" content=\"This Fully Automatic Oral Liquid Solutions\u00a0Filling and Capping Machine is specially designed for 10-20ML straight-tube oral liquid bottles.\" \/>\n<meta name=\"robots\" content=\"index, follow, max-snippet:-1, max-image-preview:large, max-video-preview:-1\" \/>\n<link rel=\"canonical\" href=\"https:\/\/siderealmachine.com\/fr\/produit\/10ml-20ml-oral-liquid-solutions-filling-and-capping-machine\/\" \/>\n<meta property=\"og:locale\" content=\"fr_FR\" \/>\n<meta property=\"og:type\" content=\"article\" \/>\n<meta property=\"og:title\" content=\"10ml-20ml Oral Liquid Solutions Filling and Capping Machine - Sidereal Machine\" \/>\n<meta property=\"og:description\" content=\"This Fully Automatic Oral Liquid Solutions\u00a0Filling and Capping Machine is specially designed for 10-20ML straight-tube oral liquid bottles.\" \/>\n<meta property=\"og:url\" content=\"https:\/\/siderealmachine.com\/fr\/produit\/10ml-20ml-oral-liquid-solutions-filling-and-capping-machine\/\" \/>\n<meta property=\"og:site_name\" content=\"Sidereal Machine\" \/>\n<meta property=\"article:modified_time\" content=\"2026-04-14T08:14:24+00:00\" \/>\n<meta property=\"og:image\" content=\"https:\/\/siderealmachine.com\/wp-content\/uploads\/2025\/03\/Oral-liquid-solutions-filling-machine.jpg\" \/>\n\t<meta property=\"og:image:width\" content=\"1200\" \/>\n\t<meta property=\"og:image:height\" content=\"1200\" \/>\n\t<meta property=\"og:image:type\" content=\"image\/jpeg\" \/>\n<meta name=\"twitter:card\" content=\"summary_large_image\" \/>\n<meta name=\"twitter:label1\" content=\"Dur\u00e9e de lecture estim\u00e9e\" \/>\n\t<meta name=\"twitter:data1\" content=\"2 minutes\" \/>\n<script type=\"application\/ld+json\" class=\"yoast-schema-graph\">{\"@context\":\"https:\/\/schema.org\",\"@graph\":[{\"@type\":\"WebPage\",\"@id\":\"https:\/\/siderealmachine.com\/product\/10ml-20ml-oral-liquid-solutions-filling-and-capping-machine\/\",\"url\":\"https:\/\/siderealmachine.com\/product\/10ml-20ml-oral-liquid-solutions-filling-and-capping-machine\/\",\"name\":\"10ml-20ml Oral Liquid Solutions Filling and Capping Machine - Sidereal Machine\",\"isPartOf\":{\"@id\":\"https:\/\/siderealmachine.com\/#website\"},\"primaryImageOfPage\":{\"@id\":\"https:\/\/siderealmachine.com\/product\/10ml-20ml-oral-liquid-solutions-filling-and-capping-machine\/#primaryimage\"},\"image\":{\"@id\":\"https:\/\/siderealmachine.com\/product\/10ml-20ml-oral-liquid-solutions-filling-and-capping-machine\/#primaryimage\"},\"thumbnailUrl\":\"https:\/\/siderealmachine.com\/wp-content\/uploads\/2025\/03\/Oral-liquid-solutions-filling-machine.jpg\",\"datePublished\":\"2025-03-31T19:01:38+00:00\",\"dateModified\":\"2026-04-14T08:14:24+00:00\",\"description\":\"This Fully Automatic Oral Liquid Solutions\u00a0Filling and Capping Machine is specially designed for 10-20ML straight-tube oral liquid bottles.\",\"breadcrumb\":{\"@id\":\"https:\/\/siderealmachine.com\/product\/10ml-20ml-oral-liquid-solutions-filling-and-capping-machine\/#breadcrumb\"},\"inLanguage\":\"fr-FR\",\"potentialAction\":[{\"@type\":\"ReadAction\",\"target\":[\"https:\/\/siderealmachine.com\/product\/10ml-20ml-oral-liquid-solutions-filling-and-capping-machine\/\"]}]},{\"@type\":\"ImageObject\",\"inLanguage\":\"fr-FR\",\"@id\":\"https:\/\/siderealmachine.com\/product\/10ml-20ml-oral-liquid-solutions-filling-and-capping-machine\/#primaryimage\",\"url\":\"https:\/\/siderealmachine.com\/wp-content\/uploads\/2025\/03\/Oral-liquid-solutions-filling-machine.jpg\",\"contentUrl\":\"https:\/\/siderealmachine.com\/wp-content\/uploads\/2025\/03\/Oral-liquid-solutions-filling-machine.jpg\",\"width\":1200,\"height\":1200},{\"@type\":\"BreadcrumbList\",\"@id\":\"https:\/\/siderealmachine.com\/product\/10ml-20ml-oral-liquid-solutions-filling-and-capping-machine\/#breadcrumb\",\"itemListElement\":[{\"@type\":\"ListItem\",\"position\":1,\"name\":\"Home\",\"item\":\"https:\/\/siderealmachine.com\/\"},{\"@type\":\"ListItem\",\"position\":2,\"name\":\"Products\",\"item\":\"https:\/\/siderealmachine.com\/products\/\"},{\"@type\":\"ListItem\",\"position\":3,\"name\":\"10ml-20ml Oral Liquid Solutions Filling and Capping Machine\"}]},{\"@type\":\"WebSite\",\"@id\":\"https:\/\/siderealmachine.com\/#website\",\"url\":\"https:\/\/siderealmachine.com\/\",\"name\":\"Sidereal Machine\",\"description\":\"\",\"publisher\":{\"@id\":\"https:\/\/siderealmachine.com\/#organization\"},\"potentialAction\":[{\"@type\":\"SearchAction\",\"target\":{\"@type\":\"EntryPoint\",\"urlTemplate\":\"https:\/\/siderealmachine.com\/?s={search_term_string}\"},\"query-input\":{\"@type\":\"PropertyValueSpecification\",\"valueRequired\":true,\"valueName\":\"search_term_string\"}}],\"inLanguage\":\"fr-FR\"},{\"@type\":\"Organization\",\"@id\":\"https:\/\/siderealmachine.com\/#organization\",\"name\":\"Sidereal Machine\",\"url\":\"https:\/\/siderealmachine.com\/\",\"logo\":{\"@type\":\"ImageObject\",\"inLanguage\":\"fr-FR\",\"@id\":\"https:\/\/siderealmachine.com\/#\/schema\/logo\/image\/\",\"url\":\"https:\/\/siderealmachine.com\/wp-content\/uploads\/2025\/11\/cropped-Sidereal-machine-2.png\",\"contentUrl\":\"https:\/\/siderealmachine.com\/wp-content\/uploads\/2025\/11\/cropped-Sidereal-machine-2.png\",\"width\":686,\"height\":663,\"caption\":\"Sidereal Machine\"},\"image\":{\"@id\":\"https:\/\/siderealmachine.com\/#\/schema\/logo\/image\/\"}}]}<\/script>\n<!-- \/ Yoast SEO plugin. -->","yoast_head_json":{"title":"10ml-20ml Oral Liquid Solutions Filling and Capping Machine - Sidereal Machine","description":"This Fully Automatic Oral Liquid Solutions\u00a0Filling and Capping Machine is specially designed for 10-20ML straight-tube oral liquid bottles.","robots":{"index":"index","follow":"follow","max-snippet":"max-snippet:-1","max-image-preview":"max-image-preview:large","max-video-preview":"max-video-preview:-1"},"canonical":"https:\/\/siderealmachine.com\/fr\/produit\/10ml-20ml-oral-liquid-solutions-filling-and-capping-machine\/","og_locale":"fr_FR","og_type":"article","og_title":"10ml-20ml Oral Liquid Solutions Filling and Capping Machine - Sidereal Machine","og_description":"This Fully Automatic Oral Liquid Solutions\u00a0Filling and Capping Machine is specially designed for 10-20ML straight-tube oral liquid bottles.","og_url":"https:\/\/siderealmachine.com\/fr\/produit\/10ml-20ml-oral-liquid-solutions-filling-and-capping-machine\/","og_site_name":"Sidereal Machine","article_modified_time":"2026-04-14T08:14:24+00:00","og_image":[{"width":1200,"height":1200,"url":"https:\/\/siderealmachine.com\/wp-content\/uploads\/2025\/03\/Oral-liquid-solutions-filling-machine.jpg","type":"image\/jpeg"}],"twitter_card":"summary_large_image","twitter_misc":{"Dur\u00e9e de lecture estim\u00e9e":"2 minutes"},"schema":{"@context":"https:\/\/schema.org","@graph":[{"@type":"WebPage","@id":"https:\/\/siderealmachine.com\/product\/10ml-20ml-oral-liquid-solutions-filling-and-capping-machine\/","url":"https:\/\/siderealmachine.com\/product\/10ml-20ml-oral-liquid-solutions-filling-and-capping-machine\/","name":"10ml-20ml Oral Liquid Solutions Filling and Capping Machine - Sidereal Machine","isPartOf":{"@id":"https:\/\/siderealmachine.com\/#website"},"primaryImageOfPage":{"@id":"https:\/\/siderealmachine.com\/product\/10ml-20ml-oral-liquid-solutions-filling-and-capping-machine\/#primaryimage"},"image":{"@id":"https:\/\/siderealmachine.com\/product\/10ml-20ml-oral-liquid-solutions-filling-and-capping-machine\/#primaryimage"},"thumbnailUrl":"https:\/\/siderealmachine.com\/wp-content\/uploads\/2025\/03\/Oral-liquid-solutions-filling-machine.jpg","datePublished":"2025-03-31T19:01:38+00:00","dateModified":"2026-04-14T08:14:24+00:00","description":"This Fully Automatic Oral Liquid Solutions\u00a0Filling and Capping Machine is specially designed for 10-20ML straight-tube oral liquid bottles.","breadcrumb":{"@id":"https:\/\/siderealmachine.com\/product\/10ml-20ml-oral-liquid-solutions-filling-and-capping-machine\/#breadcrumb"},"inLanguage":"fr-FR","potentialAction":[{"@type":"ReadAction","target":["https:\/\/siderealmachine.com\/product\/10ml-20ml-oral-liquid-solutions-filling-and-capping-machine\/"]}]},{"@type":"ImageObject","inLanguage":"fr-FR","@id":"https:\/\/siderealmachine.com\/product\/10ml-20ml-oral-liquid-solutions-filling-and-capping-machine\/#primaryimage","url":"https:\/\/siderealmachine.com\/wp-content\/uploads\/2025\/03\/Oral-liquid-solutions-filling-machine.jpg","contentUrl":"https:\/\/siderealmachine.com\/wp-content\/uploads\/2025\/03\/Oral-liquid-solutions-filling-machine.jpg","width":1200,"height":1200},{"@type":"BreadcrumbList","@id":"https:\/\/siderealmachine.com\/product\/10ml-20ml-oral-liquid-solutions-filling-and-capping-machine\/#breadcrumb","itemListElement":[{"@type":"ListItem","position":1,"name":"Home","item":"https:\/\/siderealmachine.com\/"},{"@type":"ListItem","position":2,"name":"Products","item":"https:\/\/siderealmachine.com\/products\/"},{"@type":"ListItem","position":3,"name":"10ml-20ml Oral Liquid Solutions Filling and Capping Machine"}]},{"@type":"WebSite","@id":"https:\/\/siderealmachine.com\/#website","url":"https:\/\/siderealmachine.com\/","name":"Sidereal Machine","description":"","publisher":{"@id":"https:\/\/siderealmachine.com\/#organization"},"potentialAction":[{"@type":"SearchAction","target":{"@type":"EntryPoint","urlTemplate":"https:\/\/siderealmachine.com\/?s={search_term_string}"},"query-input":{"@type":"PropertyValueSpecification","valueRequired":true,"valueName":"search_term_string"}}],"inLanguage":"fr-FR"},{"@type":"Organization","@id":"https:\/\/siderealmachine.com\/#organization","name":"Sidereal Machine","url":"https:\/\/siderealmachine.com\/","logo":{"@type":"ImageObject","inLanguage":"fr-FR","@id":"https:\/\/siderealmachine.com\/#\/schema\/logo\/image\/","url":"https:\/\/siderealmachine.com\/wp-content\/uploads\/2025\/11\/cropped-Sidereal-machine-2.png","contentUrl":"https:\/\/siderealmachine.com\/wp-content\/uploads\/2025\/11\/cropped-Sidereal-machine-2.png","width":686,"height":663,"caption":"Sidereal Machine"},"image":{"@id":"https:\/\/siderealmachine.com\/#\/schema\/logo\/image\/"}}]}},"_links":{"self":[{"href":"https:\/\/siderealmachine.com\/fr\/wp-json\/wp\/v2\/product\/1518","targetHints":{"allow":["GET"]}}],"collection":[{"href":"https:\/\/siderealmachine.com\/fr\/wp-json\/wp\/v2\/product"}],"about":[{"href":"https:\/\/siderealmachine.com\/fr\/wp-json\/wp\/v2\/types\/product"}],"wp:featuredmedia":[{"embeddable":true,"href":"https:\/\/siderealmachine.com\/fr\/wp-json\/wp\/v2\/media\/2147"}],"wp:attachment":[{"href":"https:\/\/siderealmachine.com\/fr\/wp-json\/wp\/v2\/media?parent=1518"}],"wp:term":[{"taxonomy":"product_brand","embeddable":true,"href":"https:\/\/siderealmachine.com\/fr\/wp-json\/wp\/v2\/product_brand?post=1518"},{"taxonomy":"product_cat","embeddable":true,"href":"https:\/\/siderealmachine.com\/fr\/wp-json\/wp\/v2\/product_cat?post=1518"},{"taxonomy":"product_tag","embeddable":true,"href":"https:\/\/siderealmachine.com\/fr\/wp-json\/wp\/v2\/product_tag?post=1518"}],"curies":[{"name":"wp","href":"https:\/\/api.w.org\/{rel}","templated":true}]}}