{"id":1535,"date":"2025-04-02T09:16:52","date_gmt":"2025-04-02T09:16:52","guid":{"rendered":"https:\/\/siderealmachine.com\/?post_type=product&#038;p=1535"},"modified":"2026-04-10T16:56:51","modified_gmt":"2026-04-10T16:56:51","slug":"eye-drops-filling-machine","status":"publish","type":"product","link":"https:\/\/siderealmachine.com\/fr\/produit\/eye-drops-filling-machine\/","title":{"rendered":"Eye Drops Filling Machine 2ml-30ml Bottle Plugging and Capping"},"content":{"rendered":"<p style=\"font-weight: 400;\">The Eye Drops Filling Plugging and Capping Machine adopts PLC touchscreen control and servo peristaltic pump filling. \u00a0It is mainly suitable for filling, plugging, and capping 2-30ML eye drops, nasal drops, ear drops, reagents, dyes and similar small-dose liquid products. \u00a0The eye drops filling machine is equipped with an imported cam splitter to provide precise positioning, ensuring high accuracy in filling, plugging, and capping. \u00a0Made of SUS304 and 316L stainless steel, it fully complies with the latest GMP sterile requested standards.<\/p>\n<h4 style=\"font-weight: 400;\"><strong>Caract\u00e9ristiques :<\/strong><\/h4>\n<ol>\n<li>Contr\u00f4le PLC avec \u00e9cran tactile pour une utilisation facile, plusieurs langues en option.<\/li>\n<li>Servo peristaltic pump filling with high accuracy, <span style=\"font-family: var(--global-body-font-family);\">vitesse r\u00e9glable<\/span>.<\/li>\n<li>Conception raisonnable, fonctionnement stable et entretien facile.<\/li>\n<li>Le r\u00e9partiteur \u00e0 cames de haute qualit\u00e9 assure une r\u00e9partition pr\u00e9cise et uniforme des postes de travail.<\/li>\n<li>Fabriqu\u00e9 en acier inoxydable SUS304 et 316L, enti\u00e8rement conforme aux derni\u00e8res normes GMP.<\/li>\n<li>Fonction d'arr\u00eat automatique lorsqu'aucune bouteille n'est d\u00e9tect\u00e9e ; le remplissage reprend automatiquement lorsque des bouteilles sont pr\u00e9sentes.<\/li>\n<li>Personnalisable<\/li>\n<li>Moules faciles \u00e0 remplacer, adapt\u00e9s \u00e0 diff\u00e9rentes capacit\u00e9s de production de bouteilles.<\/li>\n<\/ol>\n<h4><strong>Application<\/strong><strong>:<\/strong><\/h4>\n<p>Eye drops filling, ear drops, nasal drops, pet eye drops, external deworming drops, animals oral liquid, essence liquid, eyelash glue, eyelash growth liquid, scalp care solution, essential oil\/fragrance sample, anti-acne serum, repaire liquid, contact lens care solution, e-liquid, iodophor drops, skin test solution, tatoo colorants, tatoo ink, paint pigment, bearing lubricating oil drops, PH reagent, precision instrument oil, chemical reagent, metal identification solution, staining solution, cementing compound, liquid seasoning, nutritional drops, soldering flux, ink refill pack, color matching agent, latex paint pigment, etc. liquids filling.<\/p>\n<p>Workflow: (These functional machines are optional as per your remand)<\/p>\n<p><a href=\"https:\/\/siderealmachine.com\/fr\/produit\/automatic-bottle-unscrambler-machine-for-packaging-filling-line\/\">Bottle unscrambling<\/a>\u2014bottle washing\u2014liquid product filling\u2014<a href=\"https:\/\/siderealmachine.com\/fr\/produit\/automatic-capping-machine\/\">automatic stoppering&amp;capping<\/a>\u2014cap screwing\u2014<a href=\"https:\/\/siderealmachine.com\/fr\/produit\/induction-automatic-labeling-machine\/\">labeling<\/a>&amp;expiry date printing\u2014shrink sleeve packaging\u2014small box packaging\u2014bottle collecting<\/p>\n<p>&nbsp;<\/p>\n<p><img fetchpriority=\"high\" decoding=\"async\" class=\"alignnone wp-image-2552\" src=\"https:\/\/siderealmachine.com\/wp-content\/uploads\/2025\/04\/Eye-Drops-Bottle-Filling-Plugging-and-Capping-Machine-300x200.jpg\" alt=\"Eye Drops Bottle Filling Plugging and Capping Machine\" width=\"594\" height=\"396\" srcset=\"https:\/\/siderealmachine.com\/wp-content\/uploads\/2025\/04\/Eye-Drops-Bottle-Filling-Plugging-and-Capping-Machine-300x200.jpg 300w, https:\/\/siderealmachine.com\/wp-content\/uploads\/2025\/04\/Eye-Drops-Bottle-Filling-Plugging-and-Capping-Machine-1024x683.jpg 1024w, https:\/\/siderealmachine.com\/wp-content\/uploads\/2025\/04\/Eye-Drops-Bottle-Filling-Plugging-and-Capping-Machine-768x512.jpg 768w, https:\/\/siderealmachine.com\/wp-content\/uploads\/2025\/04\/Eye-Drops-Bottle-Filling-Plugging-and-Capping-Machine-18x12.jpg 18w, https:\/\/siderealmachine.com\/wp-content\/uploads\/2025\/04\/Eye-Drops-Bottle-Filling-Plugging-and-Capping-Machine-600x400.jpg 600w, https:\/\/siderealmachine.com\/wp-content\/uploads\/2025\/04\/Eye-Drops-Bottle-Filling-Plugging-and-Capping-Machine.jpg 1200w\" sizes=\"(max-width: 594px) 100vw, 594px\" \/><\/p>","protected":false},"excerpt":{"rendered":"<p style=\"font-weight: 400;\">Flacon applicable : 2ml-30ml<\/p>\n<p style=\"font-weight: 400;\">Capacit\u00e9 de production : 30-40 bouteilles\/min, 60-80 bouteilles\/min, peut \u00eatre ajust\u00e9e en fonction des besoins du client.<\/p>\n<p style=\"font-weight: 400;\">Tension : 220V 50Hz<\/p>\n<p style=\"font-weight: 400;\">Puissance : 2KW<\/p>\n<p style=\"font-weight: 400;\">Consommation d'air : 0,8-2m\u00b3\/h 0,3-0,8Mpa<\/p>\n<p style=\"font-weight: 400;\">Poids : 550KG<\/p>\n<p style=\"font-weight: 400;\">Dimensions : 2000*1250*1700mm<\/p>","protected":false},"featured_media":2148,"template":"","meta":{"_acf_changed":false,"inline_featured_image":false,"_kad_post_transparent":"default","_kad_post_title":"","_kad_post_layout":"default","_kad_post_sidebar_id":"","_kad_post_content_style":"default","_kad_post_vertical_padding":"default","_kad_post_feature":"","_kad_post_feature_position":"","_kad_post_header":false,"_kad_post_footer":false},"product_brand":[],"product_cat":[15,18],"product_tag":[],"class_list":{"0":"post-1535","1":"product","2":"type-product","3":"status-publish","4":"has-post-thumbnail","6":"product_cat-sidereal-machine-package-filling","7":"product_cat-skin-care-cosmetic-filling-machine","9":"first","10":"instock","11":"shipping-taxable","12":"product-type-simple","13":"entry","14":"content-bg","15":"loop-entry"},"acf":[],"yoast_head":"<!-- This site is optimized with the Yoast SEO plugin v24.5 - https:\/\/yoast.com\/wordpress\/plugins\/seo\/ -->\n<title>Eye Drops Filling Machine 2ml-30ml Bottle Plugging and Capping - Sidereal Machine<\/title>\n<meta name=\"description\" content=\"The Eye Drops Filling Machine adopts PLC touchscreen control and peristaltic pump filling. Full atumatic plugging and capping for production line.\" \/>\n<meta name=\"robots\" content=\"index, follow, max-snippet:-1, max-image-preview:large, max-video-preview:-1\" \/>\n<link rel=\"canonical\" href=\"https:\/\/siderealmachine.com\/fr\/produit\/eye-drops-filling-machine\/\" \/>\n<meta property=\"og:locale\" content=\"fr_FR\" \/>\n<meta property=\"og:type\" content=\"article\" \/>\n<meta property=\"og:title\" content=\"Eye Drops Filling Machine 2ml-30ml Bottle Plugging and Capping - Sidereal Machine\" \/>\n<meta property=\"og:description\" content=\"The Eye Drops Filling Machine adopts PLC touchscreen control and peristaltic pump filling. Full atumatic plugging and capping for production line.\" \/>\n<meta property=\"og:url\" content=\"https:\/\/siderealmachine.com\/fr\/produit\/eye-drops-filling-machine\/\" \/>\n<meta property=\"og:site_name\" content=\"Sidereal Machine\" \/>\n<meta property=\"article:modified_time\" content=\"2026-04-10T16:56:51+00:00\" \/>\n<meta property=\"og:image\" content=\"https:\/\/siderealmachine.com\/wp-content\/uploads\/2025\/04\/2ml-30ml-Eye-Drop-Bottle-Filling-Plugging-and-Capping-Machine-1.jpg\" \/>\n\t<meta property=\"og:image:width\" content=\"1200\" \/>\n\t<meta property=\"og:image:height\" content=\"1200\" \/>\n\t<meta property=\"og:image:type\" content=\"image\/jpeg\" \/>\n<meta name=\"twitter:card\" content=\"summary_large_image\" \/>\n<meta name=\"twitter:label1\" content=\"Dur\u00e9e de lecture estim\u00e9e\" \/>\n\t<meta name=\"twitter:data1\" content=\"2 minutes\" \/>\n<script type=\"application\/ld+json\" class=\"yoast-schema-graph\">{\"@context\":\"https:\/\/schema.org\",\"@graph\":[{\"@type\":\"WebPage\",\"@id\":\"https:\/\/siderealmachine.com\/product\/eye-drops-filling-machine\/\",\"url\":\"https:\/\/siderealmachine.com\/product\/eye-drops-filling-machine\/\",\"name\":\"Eye Drops Filling Machine 2ml-30ml Bottle Plugging and Capping - Sidereal Machine\",\"isPartOf\":{\"@id\":\"https:\/\/siderealmachine.com\/#website\"},\"primaryImageOfPage\":{\"@id\":\"https:\/\/siderealmachine.com\/product\/eye-drops-filling-machine\/#primaryimage\"},\"image\":{\"@id\":\"https:\/\/siderealmachine.com\/product\/eye-drops-filling-machine\/#primaryimage\"},\"thumbnailUrl\":\"https:\/\/siderealmachine.com\/wp-content\/uploads\/2025\/04\/2ml-30ml-Eye-Drop-Bottle-Filling-Plugging-and-Capping-Machine-1.jpg\",\"datePublished\":\"2025-04-02T09:16:52+00:00\",\"dateModified\":\"2026-04-10T16:56:51+00:00\",\"description\":\"The Eye Drops Filling Machine adopts PLC touchscreen control and peristaltic pump filling. Full atumatic plugging and capping for production line.\",\"breadcrumb\":{\"@id\":\"https:\/\/siderealmachine.com\/product\/eye-drops-filling-machine\/#breadcrumb\"},\"inLanguage\":\"fr-FR\",\"potentialAction\":[{\"@type\":\"ReadAction\",\"target\":[\"https:\/\/siderealmachine.com\/product\/eye-drops-filling-machine\/\"]}]},{\"@type\":\"ImageObject\",\"inLanguage\":\"fr-FR\",\"@id\":\"https:\/\/siderealmachine.com\/product\/eye-drops-filling-machine\/#primaryimage\",\"url\":\"https:\/\/siderealmachine.com\/wp-content\/uploads\/2025\/04\/2ml-30ml-Eye-Drop-Bottle-Filling-Plugging-and-Capping-Machine-1.jpg\",\"contentUrl\":\"https:\/\/siderealmachine.com\/wp-content\/uploads\/2025\/04\/2ml-30ml-Eye-Drop-Bottle-Filling-Plugging-and-Capping-Machine-1.jpg\",\"width\":1200,\"height\":1200},{\"@type\":\"BreadcrumbList\",\"@id\":\"https:\/\/siderealmachine.com\/product\/eye-drops-filling-machine\/#breadcrumb\",\"itemListElement\":[{\"@type\":\"ListItem\",\"position\":1,\"name\":\"Home\",\"item\":\"https:\/\/siderealmachine.com\/\"},{\"@type\":\"ListItem\",\"position\":2,\"name\":\"Products\",\"item\":\"https:\/\/siderealmachine.com\/products\/\"},{\"@type\":\"ListItem\",\"position\":3,\"name\":\"Eye Drops Filling Machine 2ml-30ml Bottle Plugging and Capping\"}]},{\"@type\":\"WebSite\",\"@id\":\"https:\/\/siderealmachine.com\/#website\",\"url\":\"https:\/\/siderealmachine.com\/\",\"name\":\"Sidereal Machine\",\"description\":\"\",\"publisher\":{\"@id\":\"https:\/\/siderealmachine.com\/#organization\"},\"potentialAction\":[{\"@type\":\"SearchAction\",\"target\":{\"@type\":\"EntryPoint\",\"urlTemplate\":\"https:\/\/siderealmachine.com\/?s={search_term_string}\"},\"query-input\":{\"@type\":\"PropertyValueSpecification\",\"valueRequired\":true,\"valueName\":\"search_term_string\"}}],\"inLanguage\":\"fr-FR\"},{\"@type\":\"Organization\",\"@id\":\"https:\/\/siderealmachine.com\/#organization\",\"name\":\"Sidereal Machine\",\"url\":\"https:\/\/siderealmachine.com\/\",\"logo\":{\"@type\":\"ImageObject\",\"inLanguage\":\"fr-FR\",\"@id\":\"https:\/\/siderealmachine.com\/#\/schema\/logo\/image\/\",\"url\":\"https:\/\/siderealmachine.com\/wp-content\/uploads\/2025\/11\/cropped-Sidereal-machine-2.png\",\"contentUrl\":\"https:\/\/siderealmachine.com\/wp-content\/uploads\/2025\/11\/cropped-Sidereal-machine-2.png\",\"width\":686,\"height\":663,\"caption\":\"Sidereal Machine\"},\"image\":{\"@id\":\"https:\/\/siderealmachine.com\/#\/schema\/logo\/image\/\"}}]}<\/script>\n<!-- \/ Yoast SEO plugin. -->","yoast_head_json":{"title":"Eye Drops Filling Machine 2ml-30ml Bottle Plugging and Capping - Sidereal Machine","description":"The Eye Drops Filling Machine adopts PLC touchscreen control and peristaltic pump filling. Full atumatic plugging and capping for production line.","robots":{"index":"index","follow":"follow","max-snippet":"max-snippet:-1","max-image-preview":"max-image-preview:large","max-video-preview":"max-video-preview:-1"},"canonical":"https:\/\/siderealmachine.com\/fr\/produit\/eye-drops-filling-machine\/","og_locale":"fr_FR","og_type":"article","og_title":"Eye Drops Filling Machine 2ml-30ml Bottle Plugging and Capping - Sidereal Machine","og_description":"The Eye Drops Filling Machine adopts PLC touchscreen control and peristaltic pump filling. Full atumatic plugging and capping for production line.","og_url":"https:\/\/siderealmachine.com\/fr\/produit\/eye-drops-filling-machine\/","og_site_name":"Sidereal Machine","article_modified_time":"2026-04-10T16:56:51+00:00","og_image":[{"width":1200,"height":1200,"url":"https:\/\/siderealmachine.com\/wp-content\/uploads\/2025\/04\/2ml-30ml-Eye-Drop-Bottle-Filling-Plugging-and-Capping-Machine-1.jpg","type":"image\/jpeg"}],"twitter_card":"summary_large_image","twitter_misc":{"Dur\u00e9e de lecture estim\u00e9e":"2 minutes"},"schema":{"@context":"https:\/\/schema.org","@graph":[{"@type":"WebPage","@id":"https:\/\/siderealmachine.com\/product\/eye-drops-filling-machine\/","url":"https:\/\/siderealmachine.com\/product\/eye-drops-filling-machine\/","name":"Eye Drops Filling Machine 2ml-30ml Bottle Plugging and Capping - Sidereal Machine","isPartOf":{"@id":"https:\/\/siderealmachine.com\/#website"},"primaryImageOfPage":{"@id":"https:\/\/siderealmachine.com\/product\/eye-drops-filling-machine\/#primaryimage"},"image":{"@id":"https:\/\/siderealmachine.com\/product\/eye-drops-filling-machine\/#primaryimage"},"thumbnailUrl":"https:\/\/siderealmachine.com\/wp-content\/uploads\/2025\/04\/2ml-30ml-Eye-Drop-Bottle-Filling-Plugging-and-Capping-Machine-1.jpg","datePublished":"2025-04-02T09:16:52+00:00","dateModified":"2026-04-10T16:56:51+00:00","description":"The Eye Drops Filling Machine adopts PLC touchscreen control and peristaltic pump filling. Full atumatic plugging and capping for production line.","breadcrumb":{"@id":"https:\/\/siderealmachine.com\/product\/eye-drops-filling-machine\/#breadcrumb"},"inLanguage":"fr-FR","potentialAction":[{"@type":"ReadAction","target":["https:\/\/siderealmachine.com\/product\/eye-drops-filling-machine\/"]}]},{"@type":"ImageObject","inLanguage":"fr-FR","@id":"https:\/\/siderealmachine.com\/product\/eye-drops-filling-machine\/#primaryimage","url":"https:\/\/siderealmachine.com\/wp-content\/uploads\/2025\/04\/2ml-30ml-Eye-Drop-Bottle-Filling-Plugging-and-Capping-Machine-1.jpg","contentUrl":"https:\/\/siderealmachine.com\/wp-content\/uploads\/2025\/04\/2ml-30ml-Eye-Drop-Bottle-Filling-Plugging-and-Capping-Machine-1.jpg","width":1200,"height":1200},{"@type":"BreadcrumbList","@id":"https:\/\/siderealmachine.com\/product\/eye-drops-filling-machine\/#breadcrumb","itemListElement":[{"@type":"ListItem","position":1,"name":"Home","item":"https:\/\/siderealmachine.com\/"},{"@type":"ListItem","position":2,"name":"Products","item":"https:\/\/siderealmachine.com\/products\/"},{"@type":"ListItem","position":3,"name":"Eye Drops Filling Machine 2ml-30ml Bottle Plugging and Capping"}]},{"@type":"WebSite","@id":"https:\/\/siderealmachine.com\/#website","url":"https:\/\/siderealmachine.com\/","name":"Sidereal Machine","description":"","publisher":{"@id":"https:\/\/siderealmachine.com\/#organization"},"potentialAction":[{"@type":"SearchAction","target":{"@type":"EntryPoint","urlTemplate":"https:\/\/siderealmachine.com\/?s={search_term_string}"},"query-input":{"@type":"PropertyValueSpecification","valueRequired":true,"valueName":"search_term_string"}}],"inLanguage":"fr-FR"},{"@type":"Organization","@id":"https:\/\/siderealmachine.com\/#organization","name":"Sidereal Machine","url":"https:\/\/siderealmachine.com\/","logo":{"@type":"ImageObject","inLanguage":"fr-FR","@id":"https:\/\/siderealmachine.com\/#\/schema\/logo\/image\/","url":"https:\/\/siderealmachine.com\/wp-content\/uploads\/2025\/11\/cropped-Sidereal-machine-2.png","contentUrl":"https:\/\/siderealmachine.com\/wp-content\/uploads\/2025\/11\/cropped-Sidereal-machine-2.png","width":686,"height":663,"caption":"Sidereal Machine"},"image":{"@id":"https:\/\/siderealmachine.com\/#\/schema\/logo\/image\/"}}]}},"_links":{"self":[{"href":"https:\/\/siderealmachine.com\/fr\/wp-json\/wp\/v2\/product\/1535","targetHints":{"allow":["GET"]}}],"collection":[{"href":"https:\/\/siderealmachine.com\/fr\/wp-json\/wp\/v2\/product"}],"about":[{"href":"https:\/\/siderealmachine.com\/fr\/wp-json\/wp\/v2\/types\/product"}],"wp:featuredmedia":[{"embeddable":true,"href":"https:\/\/siderealmachine.com\/fr\/wp-json\/wp\/v2\/media\/2148"}],"wp:attachment":[{"href":"https:\/\/siderealmachine.com\/fr\/wp-json\/wp\/v2\/media?parent=1535"}],"wp:term":[{"taxonomy":"product_brand","embeddable":true,"href":"https:\/\/siderealmachine.com\/fr\/wp-json\/wp\/v2\/product_brand?post=1535"},{"taxonomy":"product_cat","embeddable":true,"href":"https:\/\/siderealmachine.com\/fr\/wp-json\/wp\/v2\/product_cat?post=1535"},{"taxonomy":"product_tag","embeddable":true,"href":"https:\/\/siderealmachine.com\/fr\/wp-json\/wp\/v2\/product_tag?post=1535"}],"curies":[{"name":"wp","href":"https:\/\/api.w.org\/{rel}","templated":true}]}}