{"id":1539,"date":"2025-04-02T12:20:43","date_gmt":"2025-04-02T12:20:43","guid":{"rendered":"https:\/\/siderealmachine.com\/?post_type=product&#038;p=1539"},"modified":"2026-04-10T09:11:46","modified_gmt":"2026-04-10T09:11:46","slug":"nasal-spray-bottle-filling-machine","status":"publish","type":"product","link":"https:\/\/siderealmachine.com\/fr\/produit\/nasal-spray-bottle-filling-machine\/","title":{"rendered":"Nasal Spray Filling Machine"},"content":{"rendered":"<p style=\"font-weight: 400;\">The Nasal Spray Filling and Capping Machine is a fully automatic device designed by our own specifically for bottles with pipette nozzle spray heads. It features rotary plate positioning for filling, spray head placement, and capping, ensuring a high level of automation and eliminating the inconvenience of manual spray head placement. This nasal spray filling machine is a fully automatic device designed by our own specifically for bottles with pipette nozzle spray heads.machine utilizes a peristaltic pump for precise filling, guaranteeing high accuracy and accurate spray head positioning. It is an ideal filling solution for various spray products and is manufactured in full compliance with the latest GMP standards.<\/p>\n<h4 style=\"font-weight: 400;\"><strong>Caract\u00e9ristiques :<\/strong><\/h4>\n<ol>\n<li style=\"font-weight: 400;\">Tri et placement automatiques des t\u00eates de pulv\u00e9risation, rempla\u00e7ant le travail manuel et am\u00e9liorant l'efficacit\u00e9.<\/li>\n<li style=\"font-weight: 400;\">Contr\u00f4le PLC et remplissage par pompe p\u00e9ristaltique pour une grande pr\u00e9cision de remplissage, <span style=\"font-family: var(--global-body-font-family);\">jeu de langues multiples en option.<\/span><\/li>\n<li style=\"font-weight: 400;\">L'indexeur \u00e0 cames import\u00e9 assure une r\u00e9partition pr\u00e9cise et uniforme des postes de travail.<\/li>\n<li style=\"font-weight: 400;\">Bien con\u00e7u, fonctionnement stable et entretien facile.<\/li>\n<li style=\"font-weight: 400;\">Fabriqu\u00e9 en acier inoxydable SUS304 et 316L, enti\u00e8rement conforme aux derni\u00e8res normes GMP.<\/li>\n<li>Personnalisable<\/li>\n<li>Moules faciles \u00e0 remplacer, adapt\u00e9s \u00e0 diff\u00e9rentes capacit\u00e9s de production de bouteilles.<\/li>\n<\/ol>\n<h4 style=\"font-weight: 400;\"><strong>Application:<\/strong><\/h4>\n<p>Nasal spray, nasal cleaning solution, nasal irrigation solution, saline nasal spray, nasal vaccine spray, hormones for allergic rhinitis, nasal decongestants, nasal refreshing spray, moisturizing nasal spray, nasal fragrance, essential oil nasal spray, pet nasal care solution, etc. liquid filling.<\/p>\n<p style=\"font-weight: 400;\">Other matched equipments for filling lines: bottle feeder, <a href=\"https:\/\/siderealmachine.com\/fr\/produit\/automatic-bottle-unscrambler-machine-for-packaging-filling-line\/\">bottle unscrambler<\/a>, bottle washing, filling, capping, <a href=\"https:\/\/siderealmachine.com\/fr\/produit\/induction-automatic-labeling-machine\/\">labeling<\/a>, expire date printing, foil sealing, counting, bottle boxing, sterilizing dryer, etc.<\/p>\n<p>&nbsp;<\/p>","protected":false},"excerpt":{"rendered":"<p style=\"font-weight: 400;\">Bouteille applicable : 5-500ml<\/p>\n<p style=\"font-weight: 400;\">Capacit\u00e9 de production : 30-50 bouteilles\/min, peut \u00eatre ajust\u00e9e en fonction des besoins du client.<\/p>\n<p style=\"font-weight: 400;\">Tension : 220V\/50Hz<\/p>\n<p style=\"font-weight: 400;\">Puissance : 2KW<\/p>\n<p style=\"font-weight: 400;\">Consommation d'air : 0,8-2m\u00b3\/h 0,3-0,8Mpa<\/p>\n<p style=\"font-weight: 400;\">Poids : 520KG<\/p>\n<p style=\"font-weight: 400;\">Dimensions : 2000*1000*1600mm<\/p>","protected":false},"featured_media":2164,"template":"","meta":{"_acf_changed":false,"inline_featured_image":false,"_kad_post_transparent":"default","_kad_post_title":"","_kad_post_layout":"default","_kad_post_sidebar_id":"","_kad_post_content_style":"default","_kad_post_vertical_padding":"default","_kad_post_feature":"","_kad_post_feature_position":"","_kad_post_header":false,"_kad_post_footer":false},"product_brand":[],"product_cat":[15],"product_tag":[],"class_list":{"0":"post-1539","1":"product","2":"type-product","3":"status-publish","4":"has-post-thumbnail","6":"product_cat-sidereal-machine-package-filling","8":"first","9":"instock","10":"shipping-taxable","11":"product-type-simple","12":"entry","13":"content-bg","14":"loop-entry"},"acf":[],"yoast_head":"<!-- This site is optimized with the Yoast SEO plugin v24.5 - https:\/\/yoast.com\/wordpress\/plugins\/seo\/ -->\n<title>Nasal Spray Filling Machine - Sidereal Machine<\/title>\n<meta name=\"description\" content=\"The Nasal Spray Filling and Capping Machine is a fully automatic device designed by our own specifically for bottles with pipette nozzle spray heads.\" \/>\n<meta name=\"robots\" content=\"index, follow, max-snippet:-1, max-image-preview:large, max-video-preview:-1\" \/>\n<link rel=\"canonical\" href=\"https:\/\/siderealmachine.com\/fr\/produit\/nasal-spray-bottle-filling-machine\/\" \/>\n<meta property=\"og:locale\" content=\"fr_FR\" \/>\n<meta property=\"og:type\" content=\"article\" \/>\n<meta property=\"og:title\" content=\"Nasal Spray Filling Machine - Sidereal Machine\" \/>\n<meta property=\"og:description\" content=\"The Nasal Spray Filling and Capping Machine is a fully automatic device designed by our own specifically for bottles with pipette nozzle spray heads.\" \/>\n<meta property=\"og:url\" content=\"https:\/\/siderealmachine.com\/fr\/produit\/nasal-spray-bottle-filling-machine\/\" \/>\n<meta property=\"og:site_name\" content=\"Sidereal Machine\" \/>\n<meta property=\"article:modified_time\" content=\"2026-04-10T09:11:46+00:00\" \/>\n<meta property=\"og:image\" content=\"https:\/\/siderealmachine.com\/wp-content\/uploads\/2025\/04\/Nasal-Spray-Bottle-Filling-Machine.jpg\" \/>\n\t<meta property=\"og:image:width\" content=\"1200\" \/>\n\t<meta property=\"og:image:height\" content=\"1200\" \/>\n\t<meta property=\"og:image:type\" content=\"image\/jpeg\" \/>\n<meta name=\"twitter:card\" content=\"summary_large_image\" \/>\n<meta name=\"twitter:label1\" content=\"Dur\u00e9e de lecture estim\u00e9e\" \/>\n\t<meta name=\"twitter:data1\" content=\"2 minutes\" \/>\n<script type=\"application\/ld+json\" class=\"yoast-schema-graph\">{\"@context\":\"https:\/\/schema.org\",\"@graph\":[{\"@type\":\"WebPage\",\"@id\":\"https:\/\/siderealmachine.com\/product\/nasal-spray-bottle-filling-machine\/\",\"url\":\"https:\/\/siderealmachine.com\/product\/nasal-spray-bottle-filling-machine\/\",\"name\":\"Nasal Spray Filling Machine - Sidereal Machine\",\"isPartOf\":{\"@id\":\"https:\/\/siderealmachine.com\/#website\"},\"primaryImageOfPage\":{\"@id\":\"https:\/\/siderealmachine.com\/product\/nasal-spray-bottle-filling-machine\/#primaryimage\"},\"image\":{\"@id\":\"https:\/\/siderealmachine.com\/product\/nasal-spray-bottle-filling-machine\/#primaryimage\"},\"thumbnailUrl\":\"https:\/\/siderealmachine.com\/wp-content\/uploads\/2025\/04\/Nasal-Spray-Bottle-Filling-Machine.jpg\",\"datePublished\":\"2025-04-02T12:20:43+00:00\",\"dateModified\":\"2026-04-10T09:11:46+00:00\",\"description\":\"The Nasal Spray Filling and Capping Machine is a fully automatic device designed by our own specifically for bottles with pipette nozzle spray heads.\",\"breadcrumb\":{\"@id\":\"https:\/\/siderealmachine.com\/product\/nasal-spray-bottle-filling-machine\/#breadcrumb\"},\"inLanguage\":\"fr-FR\",\"potentialAction\":[{\"@type\":\"ReadAction\",\"target\":[\"https:\/\/siderealmachine.com\/product\/nasal-spray-bottle-filling-machine\/\"]}]},{\"@type\":\"ImageObject\",\"inLanguage\":\"fr-FR\",\"@id\":\"https:\/\/siderealmachine.com\/product\/nasal-spray-bottle-filling-machine\/#primaryimage\",\"url\":\"https:\/\/siderealmachine.com\/wp-content\/uploads\/2025\/04\/Nasal-Spray-Bottle-Filling-Machine.jpg\",\"contentUrl\":\"https:\/\/siderealmachine.com\/wp-content\/uploads\/2025\/04\/Nasal-Spray-Bottle-Filling-Machine.jpg\",\"width\":1200,\"height\":1200},{\"@type\":\"BreadcrumbList\",\"@id\":\"https:\/\/siderealmachine.com\/product\/nasal-spray-bottle-filling-machine\/#breadcrumb\",\"itemListElement\":[{\"@type\":\"ListItem\",\"position\":1,\"name\":\"Home\",\"item\":\"https:\/\/siderealmachine.com\/\"},{\"@type\":\"ListItem\",\"position\":2,\"name\":\"Products\",\"item\":\"https:\/\/siderealmachine.com\/products\/\"},{\"@type\":\"ListItem\",\"position\":3,\"name\":\"Nasal Spray Filling Machine\"}]},{\"@type\":\"WebSite\",\"@id\":\"https:\/\/siderealmachine.com\/#website\",\"url\":\"https:\/\/siderealmachine.com\/\",\"name\":\"Sidereal Machine\",\"description\":\"\",\"publisher\":{\"@id\":\"https:\/\/siderealmachine.com\/#organization\"},\"potentialAction\":[{\"@type\":\"SearchAction\",\"target\":{\"@type\":\"EntryPoint\",\"urlTemplate\":\"https:\/\/siderealmachine.com\/?s={search_term_string}\"},\"query-input\":{\"@type\":\"PropertyValueSpecification\",\"valueRequired\":true,\"valueName\":\"search_term_string\"}}],\"inLanguage\":\"fr-FR\"},{\"@type\":\"Organization\",\"@id\":\"https:\/\/siderealmachine.com\/#organization\",\"name\":\"Sidereal Machine\",\"url\":\"https:\/\/siderealmachine.com\/\",\"logo\":{\"@type\":\"ImageObject\",\"inLanguage\":\"fr-FR\",\"@id\":\"https:\/\/siderealmachine.com\/#\/schema\/logo\/image\/\",\"url\":\"https:\/\/siderealmachine.com\/wp-content\/uploads\/2025\/11\/cropped-Sidereal-machine-2.png\",\"contentUrl\":\"https:\/\/siderealmachine.com\/wp-content\/uploads\/2025\/11\/cropped-Sidereal-machine-2.png\",\"width\":686,\"height\":663,\"caption\":\"Sidereal Machine\"},\"image\":{\"@id\":\"https:\/\/siderealmachine.com\/#\/schema\/logo\/image\/\"}}]}<\/script>\n<!-- \/ Yoast SEO plugin. -->","yoast_head_json":{"title":"Nasal Spray Filling Machine - Sidereal Machine","description":"The Nasal Spray Filling and Capping Machine is a fully automatic device designed by our own specifically for bottles with pipette nozzle spray heads.","robots":{"index":"index","follow":"follow","max-snippet":"max-snippet:-1","max-image-preview":"max-image-preview:large","max-video-preview":"max-video-preview:-1"},"canonical":"https:\/\/siderealmachine.com\/fr\/produit\/nasal-spray-bottle-filling-machine\/","og_locale":"fr_FR","og_type":"article","og_title":"Nasal Spray Filling Machine - Sidereal Machine","og_description":"The Nasal Spray Filling and Capping Machine is a fully automatic device designed by our own specifically for bottles with pipette nozzle spray heads.","og_url":"https:\/\/siderealmachine.com\/fr\/produit\/nasal-spray-bottle-filling-machine\/","og_site_name":"Sidereal Machine","article_modified_time":"2026-04-10T09:11:46+00:00","og_image":[{"width":1200,"height":1200,"url":"https:\/\/siderealmachine.com\/wp-content\/uploads\/2025\/04\/Nasal-Spray-Bottle-Filling-Machine.jpg","type":"image\/jpeg"}],"twitter_card":"summary_large_image","twitter_misc":{"Dur\u00e9e de lecture estim\u00e9e":"2 minutes"},"schema":{"@context":"https:\/\/schema.org","@graph":[{"@type":"WebPage","@id":"https:\/\/siderealmachine.com\/product\/nasal-spray-bottle-filling-machine\/","url":"https:\/\/siderealmachine.com\/product\/nasal-spray-bottle-filling-machine\/","name":"Nasal Spray Filling Machine - Sidereal Machine","isPartOf":{"@id":"https:\/\/siderealmachine.com\/#website"},"primaryImageOfPage":{"@id":"https:\/\/siderealmachine.com\/product\/nasal-spray-bottle-filling-machine\/#primaryimage"},"image":{"@id":"https:\/\/siderealmachine.com\/product\/nasal-spray-bottle-filling-machine\/#primaryimage"},"thumbnailUrl":"https:\/\/siderealmachine.com\/wp-content\/uploads\/2025\/04\/Nasal-Spray-Bottle-Filling-Machine.jpg","datePublished":"2025-04-02T12:20:43+00:00","dateModified":"2026-04-10T09:11:46+00:00","description":"The Nasal Spray Filling and Capping Machine is a fully automatic device designed by our own specifically for bottles with pipette nozzle spray heads.","breadcrumb":{"@id":"https:\/\/siderealmachine.com\/product\/nasal-spray-bottle-filling-machine\/#breadcrumb"},"inLanguage":"fr-FR","potentialAction":[{"@type":"ReadAction","target":["https:\/\/siderealmachine.com\/product\/nasal-spray-bottle-filling-machine\/"]}]},{"@type":"ImageObject","inLanguage":"fr-FR","@id":"https:\/\/siderealmachine.com\/product\/nasal-spray-bottle-filling-machine\/#primaryimage","url":"https:\/\/siderealmachine.com\/wp-content\/uploads\/2025\/04\/Nasal-Spray-Bottle-Filling-Machine.jpg","contentUrl":"https:\/\/siderealmachine.com\/wp-content\/uploads\/2025\/04\/Nasal-Spray-Bottle-Filling-Machine.jpg","width":1200,"height":1200},{"@type":"BreadcrumbList","@id":"https:\/\/siderealmachine.com\/product\/nasal-spray-bottle-filling-machine\/#breadcrumb","itemListElement":[{"@type":"ListItem","position":1,"name":"Home","item":"https:\/\/siderealmachine.com\/"},{"@type":"ListItem","position":2,"name":"Products","item":"https:\/\/siderealmachine.com\/products\/"},{"@type":"ListItem","position":3,"name":"Nasal Spray Filling Machine"}]},{"@type":"WebSite","@id":"https:\/\/siderealmachine.com\/#website","url":"https:\/\/siderealmachine.com\/","name":"Sidereal Machine","description":"","publisher":{"@id":"https:\/\/siderealmachine.com\/#organization"},"potentialAction":[{"@type":"SearchAction","target":{"@type":"EntryPoint","urlTemplate":"https:\/\/siderealmachine.com\/?s={search_term_string}"},"query-input":{"@type":"PropertyValueSpecification","valueRequired":true,"valueName":"search_term_string"}}],"inLanguage":"fr-FR"},{"@type":"Organization","@id":"https:\/\/siderealmachine.com\/#organization","name":"Sidereal Machine","url":"https:\/\/siderealmachine.com\/","logo":{"@type":"ImageObject","inLanguage":"fr-FR","@id":"https:\/\/siderealmachine.com\/#\/schema\/logo\/image\/","url":"https:\/\/siderealmachine.com\/wp-content\/uploads\/2025\/11\/cropped-Sidereal-machine-2.png","contentUrl":"https:\/\/siderealmachine.com\/wp-content\/uploads\/2025\/11\/cropped-Sidereal-machine-2.png","width":686,"height":663,"caption":"Sidereal Machine"},"image":{"@id":"https:\/\/siderealmachine.com\/#\/schema\/logo\/image\/"}}]}},"_links":{"self":[{"href":"https:\/\/siderealmachine.com\/fr\/wp-json\/wp\/v2\/product\/1539","targetHints":{"allow":["GET"]}}],"collection":[{"href":"https:\/\/siderealmachine.com\/fr\/wp-json\/wp\/v2\/product"}],"about":[{"href":"https:\/\/siderealmachine.com\/fr\/wp-json\/wp\/v2\/types\/product"}],"wp:featuredmedia":[{"embeddable":true,"href":"https:\/\/siderealmachine.com\/fr\/wp-json\/wp\/v2\/media\/2164"}],"wp:attachment":[{"href":"https:\/\/siderealmachine.com\/fr\/wp-json\/wp\/v2\/media?parent=1539"}],"wp:term":[{"taxonomy":"product_brand","embeddable":true,"href":"https:\/\/siderealmachine.com\/fr\/wp-json\/wp\/v2\/product_brand?post=1539"},{"taxonomy":"product_cat","embeddable":true,"href":"https:\/\/siderealmachine.com\/fr\/wp-json\/wp\/v2\/product_cat?post=1539"},{"taxonomy":"product_tag","embeddable":true,"href":"https:\/\/siderealmachine.com\/fr\/wp-json\/wp\/v2\/product_tag?post=1539"}],"curies":[{"name":"wp","href":"https:\/\/api.w.org\/{rel}","templated":true}]}}