{"id":1729,"date":"2025-04-10T08:16:49","date_gmt":"2025-04-10T08:16:49","guid":{"rendered":"https:\/\/siderealmachine.com\/?post_type=product&#038;p=1729"},"modified":"2026-02-28T19:28:41","modified_gmt":"2026-02-28T19:28:41","slug":"bottle-feeder-for-automatic-package-filling-machine","status":"publish","type":"product","link":"https:\/\/siderealmachine.com\/fr\/produit\/bottle-feeder-for-automatic-package-filling-machine\/","title":{"rendered":"Bottle Feeder for Automatic Filling Machine"},"content":{"rendered":"<p style=\"font-weight: 400;\">The automatic bottle feeder is automatic turntable type bottle feeder\/collection table equipment of the liquid and powder filling production line. It is used to automatically and orderly transport empty bottles (such as plastic bottles, glass bottles, jars etc.) to the filling station of the filling machine, achieving seamless connection with the filling machine production line. Its core function is to enhance production efficiency, reduce manual intervention and ensure the stability of the filling process. It is widely used in industries such as beverages, daily chemicals, pharmaceuticals and edible oil.<\/p>\n<h4>Caract\u00e9ristiques :<\/h4>\n<ol>\n<li>Organise et alimente automatiquement les bouteilles en plastique ou en verre de diff\u00e9rentes formes et tailles.<\/li>\n<li>Permet l'alimentation continue de grands volumes de bouteilles, am\u00e9liorant ainsi l'efficacit\u00e9 de la ligne de production.<\/li>\n<li>Peut \u00eatre personnalis\u00e9 pour s'adapter \u00e0 diff\u00e9rents diam\u00e8tres et hauteurs de bouteilles.<\/li>\n<li>Fabriqu\u00e9 en acier inoxydable SUS304 et 316L, conforme aux normes GMP et facile \u00e0 nettoyer.<\/li>\n<li>Encombrement r\u00e9duit, facile \u00e0 int\u00e9grer dans les lignes de remplissage et d'emballage existantes.<\/li>\n<\/ol>\n<p>Other matched equipments for filling lines: bottle feeder, bottle unscrambler, bottle washing, <a href=\"https:\/\/siderealmachine.com\/fr\/produit\/full-automatic-liquid-filling-production-line\/\">filling<\/a>, capping, labeling, expire date printing, foil sealing, counting, bottle boxing, sterilizing dryer, etc.<\/p>\n<p><img fetchpriority=\"high\" decoding=\"async\" class=\"alignnone wp-image-2561\" src=\"https:\/\/siderealmachine.com\/wp-content\/uploads\/2026\/02\/Automatic-bottle-Feeder-machine-3-300x225.jpg\" alt=\"Bottle Feeder for Automatic Filling Machine\" width=\"608\" height=\"456\" srcset=\"https:\/\/siderealmachine.com\/wp-content\/uploads\/2026\/02\/Automatic-bottle-Feeder-machine-3-300x225.jpg 300w, https:\/\/siderealmachine.com\/wp-content\/uploads\/2026\/02\/Automatic-bottle-Feeder-machine-3-1024x768.jpg 1024w, https:\/\/siderealmachine.com\/wp-content\/uploads\/2026\/02\/Automatic-bottle-Feeder-machine-3-768x576.jpg 768w, https:\/\/siderealmachine.com\/wp-content\/uploads\/2026\/02\/Automatic-bottle-Feeder-machine-3-1536x1152.jpg 1536w, https:\/\/siderealmachine.com\/wp-content\/uploads\/2026\/02\/Automatic-bottle-Feeder-machine-3-2048x1536.jpg 2048w, https:\/\/siderealmachine.com\/wp-content\/uploads\/2026\/02\/Automatic-bottle-Feeder-machine-3-16x12.jpg 16w, https:\/\/siderealmachine.com\/wp-content\/uploads\/2026\/02\/Automatic-bottle-Feeder-machine-3-600x450.jpg 600w\" sizes=\"(max-width: 608px) 100vw, 608px\" \/><\/p>","protected":false},"excerpt":{"rendered":"<p>The automatic bottle feeder is automatic turntable type bottle feeder\/collection table equipment of the liquid and powder filling production line. It is used to automatically and orderly transport empty bottles (such as plastic bottles, glass bottles, jars etc.) to the filling station of the filling machine, achieving seamless connection with the filling machine production line&#8230;.<\/p>","protected":false},"featured_media":2560,"template":"","meta":{"_acf_changed":false,"inline_featured_image":false,"_kad_post_transparent":"default","_kad_post_title":"","_kad_post_layout":"default","_kad_post_sidebar_id":"","_kad_post_content_style":"default","_kad_post_vertical_padding":"default","_kad_post_feature":"","_kad_post_feature_position":"","_kad_post_header":false,"_kad_post_footer":false},"product_brand":[],"product_cat":[20],"product_tag":[],"class_list":{"0":"post-1729","1":"product","2":"type-product","3":"status-publish","4":"has-post-thumbnail","6":"product_cat-related-machines","8":"first","9":"instock","10":"shipping-taxable","11":"product-type-simple","12":"entry","13":"content-bg","14":"loop-entry"},"acf":[],"yoast_head":"<!-- This site is optimized with the Yoast SEO plugin v24.5 - https:\/\/yoast.com\/wordpress\/plugins\/seo\/ -->\n<title>Bottle Feeder for Automatic Filling Machine - Sidereal Machine<\/title>\n<meta name=\"description\" content=\"The automatic bottle feeder is automatic turntable type bottle feeder\/collection table equipment of the liquid and powder filling production line.\" \/>\n<meta name=\"robots\" content=\"index, follow, max-snippet:-1, max-image-preview:large, max-video-preview:-1\" \/>\n<link rel=\"canonical\" href=\"https:\/\/siderealmachine.com\/fr\/produit\/bottle-feeder-for-automatic-package-filling-machine\/\" \/>\n<meta property=\"og:locale\" content=\"fr_FR\" \/>\n<meta property=\"og:type\" content=\"article\" \/>\n<meta property=\"og:title\" content=\"Bottle Feeder for Automatic Filling Machine - Sidereal Machine\" \/>\n<meta property=\"og:description\" content=\"The automatic bottle feeder is automatic turntable type bottle feeder\/collection table equipment of the liquid and powder filling production line.\" \/>\n<meta property=\"og:url\" content=\"https:\/\/siderealmachine.com\/fr\/produit\/bottle-feeder-for-automatic-package-filling-machine\/\" \/>\n<meta property=\"og:site_name\" content=\"Sidereal Machine\" \/>\n<meta property=\"article:modified_time\" content=\"2026-02-28T19:28:41+00:00\" \/>\n<meta property=\"og:image\" content=\"https:\/\/siderealmachine.com\/wp-content\/uploads\/2026\/02\/Automatic-Bottle-Feeder-Machine-for-Package-Filling-Machine.jpg\" \/>\n\t<meta property=\"og:image:width\" content=\"1200\" \/>\n\t<meta property=\"og:image:height\" content=\"1200\" \/>\n\t<meta property=\"og:image:type\" content=\"image\/jpeg\" \/>\n<meta name=\"twitter:card\" content=\"summary_large_image\" \/>\n<meta name=\"twitter:label1\" content=\"Dur\u00e9e de lecture estim\u00e9e\" \/>\n\t<meta name=\"twitter:data1\" content=\"2 minutes\" \/>\n<script type=\"application\/ld+json\" class=\"yoast-schema-graph\">{\"@context\":\"https:\/\/schema.org\",\"@graph\":[{\"@type\":\"WebPage\",\"@id\":\"https:\/\/siderealmachine.com\/product\/bottle-feeder-for-automatic-package-filling-machine\/\",\"url\":\"https:\/\/siderealmachine.com\/product\/bottle-feeder-for-automatic-package-filling-machine\/\",\"name\":\"Bottle Feeder for Automatic Filling Machine - Sidereal Machine\",\"isPartOf\":{\"@id\":\"https:\/\/siderealmachine.com\/#website\"},\"primaryImageOfPage\":{\"@id\":\"https:\/\/siderealmachine.com\/product\/bottle-feeder-for-automatic-package-filling-machine\/#primaryimage\"},\"image\":{\"@id\":\"https:\/\/siderealmachine.com\/product\/bottle-feeder-for-automatic-package-filling-machine\/#primaryimage\"},\"thumbnailUrl\":\"https:\/\/siderealmachine.com\/wp-content\/uploads\/2026\/02\/Automatic-Bottle-Feeder-Machine-for-Package-Filling-Machine.jpg\",\"datePublished\":\"2025-04-10T08:16:49+00:00\",\"dateModified\":\"2026-02-28T19:28:41+00:00\",\"description\":\"The automatic bottle feeder is automatic turntable type bottle feeder\/collection table equipment of the liquid and powder filling production line.\",\"breadcrumb\":{\"@id\":\"https:\/\/siderealmachine.com\/product\/bottle-feeder-for-automatic-package-filling-machine\/#breadcrumb\"},\"inLanguage\":\"fr-FR\",\"potentialAction\":[{\"@type\":\"ReadAction\",\"target\":[\"https:\/\/siderealmachine.com\/product\/bottle-feeder-for-automatic-package-filling-machine\/\"]}]},{\"@type\":\"ImageObject\",\"inLanguage\":\"fr-FR\",\"@id\":\"https:\/\/siderealmachine.com\/product\/bottle-feeder-for-automatic-package-filling-machine\/#primaryimage\",\"url\":\"https:\/\/siderealmachine.com\/wp-content\/uploads\/2026\/02\/Automatic-Bottle-Feeder-Machine-for-Package-Filling-Machine.jpg\",\"contentUrl\":\"https:\/\/siderealmachine.com\/wp-content\/uploads\/2026\/02\/Automatic-Bottle-Feeder-Machine-for-Package-Filling-Machine.jpg\",\"width\":1200,\"height\":1200},{\"@type\":\"BreadcrumbList\",\"@id\":\"https:\/\/siderealmachine.com\/product\/bottle-feeder-for-automatic-package-filling-machine\/#breadcrumb\",\"itemListElement\":[{\"@type\":\"ListItem\",\"position\":1,\"name\":\"Home\",\"item\":\"https:\/\/siderealmachine.com\/\"},{\"@type\":\"ListItem\",\"position\":2,\"name\":\"Products\",\"item\":\"https:\/\/siderealmachine.com\/products\/\"},{\"@type\":\"ListItem\",\"position\":3,\"name\":\"Bottle Feeder for Automatic Filling Machine\"}]},{\"@type\":\"WebSite\",\"@id\":\"https:\/\/siderealmachine.com\/#website\",\"url\":\"https:\/\/siderealmachine.com\/\",\"name\":\"Sidereal Machine\",\"description\":\"\",\"publisher\":{\"@id\":\"https:\/\/siderealmachine.com\/#organization\"},\"potentialAction\":[{\"@type\":\"SearchAction\",\"target\":{\"@type\":\"EntryPoint\",\"urlTemplate\":\"https:\/\/siderealmachine.com\/?s={search_term_string}\"},\"query-input\":{\"@type\":\"PropertyValueSpecification\",\"valueRequired\":true,\"valueName\":\"search_term_string\"}}],\"inLanguage\":\"fr-FR\"},{\"@type\":\"Organization\",\"@id\":\"https:\/\/siderealmachine.com\/#organization\",\"name\":\"Sidereal Machine\",\"url\":\"https:\/\/siderealmachine.com\/\",\"logo\":{\"@type\":\"ImageObject\",\"inLanguage\":\"fr-FR\",\"@id\":\"https:\/\/siderealmachine.com\/#\/schema\/logo\/image\/\",\"url\":\"https:\/\/siderealmachine.com\/wp-content\/uploads\/2025\/11\/cropped-Sidereal-machine-2.png\",\"contentUrl\":\"https:\/\/siderealmachine.com\/wp-content\/uploads\/2025\/11\/cropped-Sidereal-machine-2.png\",\"width\":686,\"height\":663,\"caption\":\"Sidereal Machine\"},\"image\":{\"@id\":\"https:\/\/siderealmachine.com\/#\/schema\/logo\/image\/\"}}]}<\/script>\n<!-- \/ Yoast SEO plugin. -->","yoast_head_json":{"title":"Bottle Feeder for Automatic Filling Machine - Sidereal Machine","description":"The automatic bottle feeder is automatic turntable type bottle feeder\/collection table equipment of the liquid and powder filling production line.","robots":{"index":"index","follow":"follow","max-snippet":"max-snippet:-1","max-image-preview":"max-image-preview:large","max-video-preview":"max-video-preview:-1"},"canonical":"https:\/\/siderealmachine.com\/fr\/produit\/bottle-feeder-for-automatic-package-filling-machine\/","og_locale":"fr_FR","og_type":"article","og_title":"Bottle Feeder for Automatic Filling Machine - Sidereal Machine","og_description":"The automatic bottle feeder is automatic turntable type bottle feeder\/collection table equipment of the liquid and powder filling production line.","og_url":"https:\/\/siderealmachine.com\/fr\/produit\/bottle-feeder-for-automatic-package-filling-machine\/","og_site_name":"Sidereal Machine","article_modified_time":"2026-02-28T19:28:41+00:00","og_image":[{"width":1200,"height":1200,"url":"https:\/\/siderealmachine.com\/wp-content\/uploads\/2026\/02\/Automatic-Bottle-Feeder-Machine-for-Package-Filling-Machine.jpg","type":"image\/jpeg"}],"twitter_card":"summary_large_image","twitter_misc":{"Dur\u00e9e de lecture estim\u00e9e":"2 minutes"},"schema":{"@context":"https:\/\/schema.org","@graph":[{"@type":"WebPage","@id":"https:\/\/siderealmachine.com\/product\/bottle-feeder-for-automatic-package-filling-machine\/","url":"https:\/\/siderealmachine.com\/product\/bottle-feeder-for-automatic-package-filling-machine\/","name":"Bottle Feeder for Automatic Filling Machine - Sidereal Machine","isPartOf":{"@id":"https:\/\/siderealmachine.com\/#website"},"primaryImageOfPage":{"@id":"https:\/\/siderealmachine.com\/product\/bottle-feeder-for-automatic-package-filling-machine\/#primaryimage"},"image":{"@id":"https:\/\/siderealmachine.com\/product\/bottle-feeder-for-automatic-package-filling-machine\/#primaryimage"},"thumbnailUrl":"https:\/\/siderealmachine.com\/wp-content\/uploads\/2026\/02\/Automatic-Bottle-Feeder-Machine-for-Package-Filling-Machine.jpg","datePublished":"2025-04-10T08:16:49+00:00","dateModified":"2026-02-28T19:28:41+00:00","description":"The automatic bottle feeder is automatic turntable type bottle feeder\/collection table equipment of the liquid and powder filling production line.","breadcrumb":{"@id":"https:\/\/siderealmachine.com\/product\/bottle-feeder-for-automatic-package-filling-machine\/#breadcrumb"},"inLanguage":"fr-FR","potentialAction":[{"@type":"ReadAction","target":["https:\/\/siderealmachine.com\/product\/bottle-feeder-for-automatic-package-filling-machine\/"]}]},{"@type":"ImageObject","inLanguage":"fr-FR","@id":"https:\/\/siderealmachine.com\/product\/bottle-feeder-for-automatic-package-filling-machine\/#primaryimage","url":"https:\/\/siderealmachine.com\/wp-content\/uploads\/2026\/02\/Automatic-Bottle-Feeder-Machine-for-Package-Filling-Machine.jpg","contentUrl":"https:\/\/siderealmachine.com\/wp-content\/uploads\/2026\/02\/Automatic-Bottle-Feeder-Machine-for-Package-Filling-Machine.jpg","width":1200,"height":1200},{"@type":"BreadcrumbList","@id":"https:\/\/siderealmachine.com\/product\/bottle-feeder-for-automatic-package-filling-machine\/#breadcrumb","itemListElement":[{"@type":"ListItem","position":1,"name":"Home","item":"https:\/\/siderealmachine.com\/"},{"@type":"ListItem","position":2,"name":"Products","item":"https:\/\/siderealmachine.com\/products\/"},{"@type":"ListItem","position":3,"name":"Bottle Feeder for Automatic Filling Machine"}]},{"@type":"WebSite","@id":"https:\/\/siderealmachine.com\/#website","url":"https:\/\/siderealmachine.com\/","name":"Sidereal Machine","description":"","publisher":{"@id":"https:\/\/siderealmachine.com\/#organization"},"potentialAction":[{"@type":"SearchAction","target":{"@type":"EntryPoint","urlTemplate":"https:\/\/siderealmachine.com\/?s={search_term_string}"},"query-input":{"@type":"PropertyValueSpecification","valueRequired":true,"valueName":"search_term_string"}}],"inLanguage":"fr-FR"},{"@type":"Organization","@id":"https:\/\/siderealmachine.com\/#organization","name":"Sidereal Machine","url":"https:\/\/siderealmachine.com\/","logo":{"@type":"ImageObject","inLanguage":"fr-FR","@id":"https:\/\/siderealmachine.com\/#\/schema\/logo\/image\/","url":"https:\/\/siderealmachine.com\/wp-content\/uploads\/2025\/11\/cropped-Sidereal-machine-2.png","contentUrl":"https:\/\/siderealmachine.com\/wp-content\/uploads\/2025\/11\/cropped-Sidereal-machine-2.png","width":686,"height":663,"caption":"Sidereal Machine"},"image":{"@id":"https:\/\/siderealmachine.com\/#\/schema\/logo\/image\/"}}]}},"_links":{"self":[{"href":"https:\/\/siderealmachine.com\/fr\/wp-json\/wp\/v2\/product\/1729","targetHints":{"allow":["GET"]}}],"collection":[{"href":"https:\/\/siderealmachine.com\/fr\/wp-json\/wp\/v2\/product"}],"about":[{"href":"https:\/\/siderealmachine.com\/fr\/wp-json\/wp\/v2\/types\/product"}],"wp:featuredmedia":[{"embeddable":true,"href":"https:\/\/siderealmachine.com\/fr\/wp-json\/wp\/v2\/media\/2560"}],"wp:attachment":[{"href":"https:\/\/siderealmachine.com\/fr\/wp-json\/wp\/v2\/media?parent=1729"}],"wp:term":[{"taxonomy":"product_brand","embeddable":true,"href":"https:\/\/siderealmachine.com\/fr\/wp-json\/wp\/v2\/product_brand?post=1729"},{"taxonomy":"product_cat","embeddable":true,"href":"https:\/\/siderealmachine.com\/fr\/wp-json\/wp\/v2\/product_cat?post=1729"},{"taxonomy":"product_tag","embeddable":true,"href":"https:\/\/siderealmachine.com\/fr\/wp-json\/wp\/v2\/product_tag?post=1729"}],"curies":[{"name":"wp","href":"https:\/\/api.w.org\/{rel}","templated":true}]}}