{"id":1760,"date":"2025-04-14T10:50:01","date_gmt":"2025-04-14T10:50:01","guid":{"rendered":"https:\/\/siderealmachine.com\/?post_type=product&#038;p=1760"},"modified":"2026-02-28T19:22:33","modified_gmt":"2026-02-28T19:22:33","slug":"automatic-induction-aluminum-foil-sealing-machine","status":"publish","type":"product","link":"https:\/\/siderealmachine.com\/fr\/produit\/automatic-induction-aluminum-foil-sealing-machine\/","title":{"rendered":"Automatic Induction Aluminum Foil Sealing Machine"},"content":{"rendered":"<p style=\"font-weight: 400;\">The automatic induction aluminum foil sealing machine is specifically designed for non-contact, efficient and hygienic aluminum foil sealing of the mouths of plastic bottles, glass bottles and other containers at the end of the filling production line. \u00a0\u00a0This equipment adopts the principle of induction heating and can achieve the instantaneous fusion of aluminum foil films without touching the bottle mouth, forming a sealing layer with excellent air tightness. The foil sealing machine can seamlessly integrated into filling and packaging lines. It is widely used in industries such as pharmaceuticals, food and beverage, cosmetics, chemicals, and nutraceuticals.<\/p>\n<h4>Caract\u00e9ristiques :<\/h4>\n<ol>\n<li>Panneau de commande convivial pour le r\u00e9glage et la surveillance des param\u00e8tres en temps r\u00e9el, y compris la temp\u00e9rature de scellage, la puissance et la vitesse du convoyeur.<\/li>\n<li><span style=\"font-family: var(--global-body-font-family);\">Pas de bouchon, pas de d\u00e9tection de scellage.     Les capteurs In d\u00e9tectent les bouchons manquants ou les r\u00e9cipients mal align\u00e9s, ce qui garantit que seules les bouteilles correctement bouch\u00e9es sont scell\u00e9es.<\/span><\/li>\n<li><span style=\"font-family: var(--global-body-font-family);\">Hauteur et vitesse du convoyeur r\u00e9glables Compatible avec diff\u00e9rentes hauteurs de bouteilles et diff\u00e9rents types de conteneurs gr\u00e2ce \u00e0 un r\u00e9glage facile.<\/span><\/li>\n<li><span style=\"font-family: var(--global-body-font-family);\">La feuille d'aluminium chauffe et fait fondre la couche thermoscell\u00e9e int\u00e9rieure, qui fusionne parfaitement avec le goulot de la bouteille sous pression, la t\u00eate d'induction se r\u00e9initialise et les bouteilles sortent apr\u00e8s avoir \u00e9t\u00e9 scell\u00e9es.<\/span><\/li>\n<li><span style=\"font-family: var(--global-body-font-family);\">Respecter les exigences de la certification BPF<\/span><\/li>\n<\/ol>\n<p style=\"font-weight: 400;\">Other matched equipments for filling lines: bottle feeder, bottle unscrambler, bottle washing, <a href=\"https:\/\/siderealmachine.com\/fr\/produit\/full-automatic-liquid-filling-production-line\/\">filling<\/a>, capping, labeling, expire date printing, foil sealing, counting, bottle boxing, sterilizing dryer, etc.<\/p>\n<h4 style=\"font-weight: 400;\"><strong><span style=\"font-family: var(--global-body-font-family);\">Industrie concern\u00e9e<\/span><\/strong><\/h4>\n<p style=\"font-weight: 400;\">Produits pharmaceutiques (sirops, vitamines, liquides)<br \/>\nAliments et boissons (sauces, jus, huiles)<br \/>\nProduits cosm\u00e9tiques (cr\u00e8mes, lotions, gels)<br \/>\nEmballages chimiques (produits de nettoyage, huiles)<br \/>\nCompl\u00e9ments de sant\u00e9 (poudres, boissons, g\u00e9lules)<\/p>\n<p>&nbsp;<\/p>","protected":false},"excerpt":{"rendered":"<p>The automatic induction aluminum foil sealing machine is specifically designed for non-contact, efficient and hygienic aluminum foil sealing of the mouths of plastic bottles, glass bottles and other containers at the end of the filling production line. \u00a0\u00a0This equipment adopts the principle of induction heating and can achieve the instantaneous fusion of aluminum foil films&#8230;<\/p>","protected":false},"featured_media":1769,"template":"","meta":{"_acf_changed":false,"inline_featured_image":false,"_kad_post_transparent":"default","_kad_post_title":"","_kad_post_layout":"default","_kad_post_sidebar_id":"","_kad_post_content_style":"default","_kad_post_vertical_padding":"default","_kad_post_feature":"","_kad_post_feature_position":"","_kad_post_header":false,"_kad_post_footer":false},"product_brand":[],"product_cat":[20],"product_tag":[],"class_list":{"0":"post-1760","1":"product","2":"type-product","3":"status-publish","4":"has-post-thumbnail","6":"product_cat-related-machines","8":"first","9":"instock","10":"shipping-taxable","11":"product-type-simple","12":"entry","13":"content-bg","14":"loop-entry"},"acf":[],"yoast_head":"<!-- This site is optimized with the Yoast SEO plugin v24.5 - https:\/\/yoast.com\/wordpress\/plugins\/seo\/ -->\n<title>Automatic Induction Aluminum Foil Sealing Machine - Sidereal Machine<\/title>\n<meta name=\"description\" content=\"The automatic induction aluminum foil sealing machine is specifically designed for non-contact, efficient and hygienic aluminum foil sealing of the mouths\" \/>\n<meta name=\"robots\" content=\"index, follow, max-snippet:-1, max-image-preview:large, max-video-preview:-1\" \/>\n<link rel=\"canonical\" href=\"https:\/\/siderealmachine.com\/fr\/produit\/automatic-induction-aluminum-foil-sealing-machine\/\" \/>\n<meta property=\"og:locale\" content=\"fr_FR\" \/>\n<meta property=\"og:type\" content=\"article\" \/>\n<meta property=\"og:title\" content=\"Automatic Induction Aluminum Foil Sealing Machine - Sidereal Machine\" \/>\n<meta property=\"og:description\" content=\"The automatic induction aluminum foil sealing machine is specifically designed for non-contact, efficient and hygienic aluminum foil sealing of the mouths\" \/>\n<meta property=\"og:url\" content=\"https:\/\/siderealmachine.com\/fr\/produit\/automatic-induction-aluminum-foil-sealing-machine\/\" \/>\n<meta property=\"og:site_name\" content=\"Sidereal Machine\" \/>\n<meta property=\"article:modified_time\" content=\"2026-02-28T19:22:33+00:00\" \/>\n<meta property=\"og:image\" content=\"https:\/\/siderealmachine.com\/wp-content\/uploads\/2025\/04\/Automatic-Induction-Aluminum-Foil-Sealer-1.jpg\" \/>\n\t<meta property=\"og:image:width\" content=\"1200\" \/>\n\t<meta property=\"og:image:height\" content=\"1200\" \/>\n\t<meta property=\"og:image:type\" content=\"image\/jpeg\" \/>\n<meta name=\"twitter:card\" content=\"summary_large_image\" \/>\n<meta name=\"twitter:label1\" content=\"Dur\u00e9e de lecture estim\u00e9e\" \/>\n\t<meta name=\"twitter:data1\" content=\"2 minutes\" \/>\n<script type=\"application\/ld+json\" class=\"yoast-schema-graph\">{\"@context\":\"https:\/\/schema.org\",\"@graph\":[{\"@type\":\"WebPage\",\"@id\":\"https:\/\/siderealmachine.com\/product\/automatic-induction-aluminum-foil-sealing-machine\/\",\"url\":\"https:\/\/siderealmachine.com\/product\/automatic-induction-aluminum-foil-sealing-machine\/\",\"name\":\"Automatic Induction Aluminum Foil Sealing Machine - Sidereal Machine\",\"isPartOf\":{\"@id\":\"https:\/\/siderealmachine.com\/#website\"},\"primaryImageOfPage\":{\"@id\":\"https:\/\/siderealmachine.com\/product\/automatic-induction-aluminum-foil-sealing-machine\/#primaryimage\"},\"image\":{\"@id\":\"https:\/\/siderealmachine.com\/product\/automatic-induction-aluminum-foil-sealing-machine\/#primaryimage\"},\"thumbnailUrl\":\"https:\/\/siderealmachine.com\/wp-content\/uploads\/2025\/04\/Automatic-Induction-Aluminum-Foil-Sealer-1.jpg\",\"datePublished\":\"2025-04-14T10:50:01+00:00\",\"dateModified\":\"2026-02-28T19:22:33+00:00\",\"description\":\"The automatic induction aluminum foil sealing machine is specifically designed for non-contact, efficient and hygienic aluminum foil sealing of the mouths\",\"breadcrumb\":{\"@id\":\"https:\/\/siderealmachine.com\/product\/automatic-induction-aluminum-foil-sealing-machine\/#breadcrumb\"},\"inLanguage\":\"fr-FR\",\"potentialAction\":[{\"@type\":\"ReadAction\",\"target\":[\"https:\/\/siderealmachine.com\/product\/automatic-induction-aluminum-foil-sealing-machine\/\"]}]},{\"@type\":\"ImageObject\",\"inLanguage\":\"fr-FR\",\"@id\":\"https:\/\/siderealmachine.com\/product\/automatic-induction-aluminum-foil-sealing-machine\/#primaryimage\",\"url\":\"https:\/\/siderealmachine.com\/wp-content\/uploads\/2025\/04\/Automatic-Induction-Aluminum-Foil-Sealer-1.jpg\",\"contentUrl\":\"https:\/\/siderealmachine.com\/wp-content\/uploads\/2025\/04\/Automatic-Induction-Aluminum-Foil-Sealer-1.jpg\",\"width\":1200,\"height\":1200},{\"@type\":\"BreadcrumbList\",\"@id\":\"https:\/\/siderealmachine.com\/product\/automatic-induction-aluminum-foil-sealing-machine\/#breadcrumb\",\"itemListElement\":[{\"@type\":\"ListItem\",\"position\":1,\"name\":\"Home\",\"item\":\"https:\/\/siderealmachine.com\/\"},{\"@type\":\"ListItem\",\"position\":2,\"name\":\"Products\",\"item\":\"https:\/\/siderealmachine.com\/products\/\"},{\"@type\":\"ListItem\",\"position\":3,\"name\":\"Automatic Induction Aluminum Foil Sealing Machine\"}]},{\"@type\":\"WebSite\",\"@id\":\"https:\/\/siderealmachine.com\/#website\",\"url\":\"https:\/\/siderealmachine.com\/\",\"name\":\"Sidereal Machine\",\"description\":\"\",\"publisher\":{\"@id\":\"https:\/\/siderealmachine.com\/#organization\"},\"potentialAction\":[{\"@type\":\"SearchAction\",\"target\":{\"@type\":\"EntryPoint\",\"urlTemplate\":\"https:\/\/siderealmachine.com\/?s={search_term_string}\"},\"query-input\":{\"@type\":\"PropertyValueSpecification\",\"valueRequired\":true,\"valueName\":\"search_term_string\"}}],\"inLanguage\":\"fr-FR\"},{\"@type\":\"Organization\",\"@id\":\"https:\/\/siderealmachine.com\/#organization\",\"name\":\"Sidereal Machine\",\"url\":\"https:\/\/siderealmachine.com\/\",\"logo\":{\"@type\":\"ImageObject\",\"inLanguage\":\"fr-FR\",\"@id\":\"https:\/\/siderealmachine.com\/#\/schema\/logo\/image\/\",\"url\":\"https:\/\/siderealmachine.com\/wp-content\/uploads\/2025\/11\/cropped-Sidereal-machine-2.png\",\"contentUrl\":\"https:\/\/siderealmachine.com\/wp-content\/uploads\/2025\/11\/cropped-Sidereal-machine-2.png\",\"width\":686,\"height\":663,\"caption\":\"Sidereal Machine\"},\"image\":{\"@id\":\"https:\/\/siderealmachine.com\/#\/schema\/logo\/image\/\"}}]}<\/script>\n<!-- \/ Yoast SEO plugin. -->","yoast_head_json":{"title":"Automatic Induction Aluminum Foil Sealing Machine - Sidereal Machine","description":"The automatic induction aluminum foil sealing machine is specifically designed for non-contact, efficient and hygienic aluminum foil sealing of the mouths","robots":{"index":"index","follow":"follow","max-snippet":"max-snippet:-1","max-image-preview":"max-image-preview:large","max-video-preview":"max-video-preview:-1"},"canonical":"https:\/\/siderealmachine.com\/fr\/produit\/automatic-induction-aluminum-foil-sealing-machine\/","og_locale":"fr_FR","og_type":"article","og_title":"Automatic Induction Aluminum Foil Sealing Machine - Sidereal Machine","og_description":"The automatic induction aluminum foil sealing machine is specifically designed for non-contact, efficient and hygienic aluminum foil sealing of the mouths","og_url":"https:\/\/siderealmachine.com\/fr\/produit\/automatic-induction-aluminum-foil-sealing-machine\/","og_site_name":"Sidereal Machine","article_modified_time":"2026-02-28T19:22:33+00:00","og_image":[{"width":1200,"height":1200,"url":"https:\/\/siderealmachine.com\/wp-content\/uploads\/2025\/04\/Automatic-Induction-Aluminum-Foil-Sealer-1.jpg","type":"image\/jpeg"}],"twitter_card":"summary_large_image","twitter_misc":{"Dur\u00e9e de lecture estim\u00e9e":"2 minutes"},"schema":{"@context":"https:\/\/schema.org","@graph":[{"@type":"WebPage","@id":"https:\/\/siderealmachine.com\/product\/automatic-induction-aluminum-foil-sealing-machine\/","url":"https:\/\/siderealmachine.com\/product\/automatic-induction-aluminum-foil-sealing-machine\/","name":"Automatic Induction Aluminum Foil Sealing Machine - Sidereal Machine","isPartOf":{"@id":"https:\/\/siderealmachine.com\/#website"},"primaryImageOfPage":{"@id":"https:\/\/siderealmachine.com\/product\/automatic-induction-aluminum-foil-sealing-machine\/#primaryimage"},"image":{"@id":"https:\/\/siderealmachine.com\/product\/automatic-induction-aluminum-foil-sealing-machine\/#primaryimage"},"thumbnailUrl":"https:\/\/siderealmachine.com\/wp-content\/uploads\/2025\/04\/Automatic-Induction-Aluminum-Foil-Sealer-1.jpg","datePublished":"2025-04-14T10:50:01+00:00","dateModified":"2026-02-28T19:22:33+00:00","description":"The automatic induction aluminum foil sealing machine is specifically designed for non-contact, efficient and hygienic aluminum foil sealing of the mouths","breadcrumb":{"@id":"https:\/\/siderealmachine.com\/product\/automatic-induction-aluminum-foil-sealing-machine\/#breadcrumb"},"inLanguage":"fr-FR","potentialAction":[{"@type":"ReadAction","target":["https:\/\/siderealmachine.com\/product\/automatic-induction-aluminum-foil-sealing-machine\/"]}]},{"@type":"ImageObject","inLanguage":"fr-FR","@id":"https:\/\/siderealmachine.com\/product\/automatic-induction-aluminum-foil-sealing-machine\/#primaryimage","url":"https:\/\/siderealmachine.com\/wp-content\/uploads\/2025\/04\/Automatic-Induction-Aluminum-Foil-Sealer-1.jpg","contentUrl":"https:\/\/siderealmachine.com\/wp-content\/uploads\/2025\/04\/Automatic-Induction-Aluminum-Foil-Sealer-1.jpg","width":1200,"height":1200},{"@type":"BreadcrumbList","@id":"https:\/\/siderealmachine.com\/product\/automatic-induction-aluminum-foil-sealing-machine\/#breadcrumb","itemListElement":[{"@type":"ListItem","position":1,"name":"Home","item":"https:\/\/siderealmachine.com\/"},{"@type":"ListItem","position":2,"name":"Products","item":"https:\/\/siderealmachine.com\/products\/"},{"@type":"ListItem","position":3,"name":"Automatic Induction Aluminum Foil Sealing Machine"}]},{"@type":"WebSite","@id":"https:\/\/siderealmachine.com\/#website","url":"https:\/\/siderealmachine.com\/","name":"Sidereal Machine","description":"","publisher":{"@id":"https:\/\/siderealmachine.com\/#organization"},"potentialAction":[{"@type":"SearchAction","target":{"@type":"EntryPoint","urlTemplate":"https:\/\/siderealmachine.com\/?s={search_term_string}"},"query-input":{"@type":"PropertyValueSpecification","valueRequired":true,"valueName":"search_term_string"}}],"inLanguage":"fr-FR"},{"@type":"Organization","@id":"https:\/\/siderealmachine.com\/#organization","name":"Sidereal Machine","url":"https:\/\/siderealmachine.com\/","logo":{"@type":"ImageObject","inLanguage":"fr-FR","@id":"https:\/\/siderealmachine.com\/#\/schema\/logo\/image\/","url":"https:\/\/siderealmachine.com\/wp-content\/uploads\/2025\/11\/cropped-Sidereal-machine-2.png","contentUrl":"https:\/\/siderealmachine.com\/wp-content\/uploads\/2025\/11\/cropped-Sidereal-machine-2.png","width":686,"height":663,"caption":"Sidereal Machine"},"image":{"@id":"https:\/\/siderealmachine.com\/#\/schema\/logo\/image\/"}}]}},"_links":{"self":[{"href":"https:\/\/siderealmachine.com\/fr\/wp-json\/wp\/v2\/product\/1760","targetHints":{"allow":["GET"]}}],"collection":[{"href":"https:\/\/siderealmachine.com\/fr\/wp-json\/wp\/v2\/product"}],"about":[{"href":"https:\/\/siderealmachine.com\/fr\/wp-json\/wp\/v2\/types\/product"}],"wp:featuredmedia":[{"embeddable":true,"href":"https:\/\/siderealmachine.com\/fr\/wp-json\/wp\/v2\/media\/1769"}],"wp:attachment":[{"href":"https:\/\/siderealmachine.com\/fr\/wp-json\/wp\/v2\/media?parent=1760"}],"wp:term":[{"taxonomy":"product_brand","embeddable":true,"href":"https:\/\/siderealmachine.com\/fr\/wp-json\/wp\/v2\/product_brand?post=1760"},{"taxonomy":"product_cat","embeddable":true,"href":"https:\/\/siderealmachine.com\/fr\/wp-json\/wp\/v2\/product_cat?post=1760"},{"taxonomy":"product_tag","embeddable":true,"href":"https:\/\/siderealmachine.com\/fr\/wp-json\/wp\/v2\/product_tag?post=1760"}],"curies":[{"name":"wp","href":"https:\/\/api.w.org\/{rel}","templated":true}]}}