{"id":665,"date":"2025-03-03T18:05:53","date_gmt":"2025-03-03T18:05:53","guid":{"rendered":"https:\/\/siderealmachine.com\/?post_type=product&#038;p=665"},"modified":"2026-04-10T08:02:46","modified_gmt":"2026-04-10T08:02:46","slug":"essential-oil-bottle-filling-machine","status":"publish","type":"product","link":"https:\/\/siderealmachine.com\/fr\/produit\/essential-oil-bottle-filling-machine\/","title":{"rendered":"Essential Oil glass dropper bottle Filling Machine"},"content":{"rendered":"<p style=\"font-weight: 400;\">The Essential Oil Filling and Capping Machine is designed for filling small-dose liquids ranging from 2-30ml, such as nail polish, essential oils, perfumes, and makeup removers. It features PLC touchscreen control and a peristaltic pump filling system, ensuring high filling accuracy with an automatic cleaning function. The processes of filling, stopper placement, cap placement, and capping are all completed within an imported cam indexer, ensuring high precision and stable operation.<\/p>\n<h4 style=\"font-weight: 400;\"><strong>Caract\u00e9ristiques :<\/strong><\/h4>\n<ol>\n<li>Remplacement facile des pi\u00e8ces gr\u00e2ce \u00e0 une fonction de nettoyage automatique.<\/li>\n<li>Contr\u00f4le par \u00e9cran tactile PLC, <span style=\"font-family: var(--global-body-font-family);\">jeu de langues multiples en option.<\/span><\/li>\n<li>Arr\u00eat automatique lorsqu'aucune bouteille n'est d\u00e9tect\u00e9e et d\u00e9marrage automatique lorsque des bouteilles sont pr\u00e9sentes.<\/li>\n<li>L'indexeur \u00e0 came de haute qualit\u00e9 assure une division pr\u00e9cise du poste de travail pour un remplissage, un bouchage, un placement de bouchon et un capsulage stables.<\/li>\n<li>Structure bien con\u00e7ue pour un fonctionnement souple et stable.<\/li>\n<li>Personnalisable<\/li>\n<li>Moules faciles \u00e0 remplacer, adapt\u00e9s \u00e0 diff\u00e9rentes capacit\u00e9s de production de bouteilles.<\/li>\n<li>Fabriqu\u00e9 en acier inoxydable SUS304 et 316L, conforme aux normes GMP les plus r\u00e9centes.<\/li>\n<\/ol>\n<h4><strong>Application<\/strong><strong>:<\/strong><\/h4>\n<p>Essential oils, aromatherapy essential oils, single-ingredient essential oils such as lavender, tea tree, rose, and mint, jojoba oil, sweet almond oil essential oils, facial essence oils, hair care essential oils, scalp care lotion, cosmetic\/skin care base liquids, acne-removing solution, fragrance essential oils, perfume essences, herbal tinctures, oil e-liquid, vaporizer liquid, plant extract nutrient liquids, medical essential oils, diagnostic reagents, blood type reagents, laboratory reagents, edible essential oils, baking flavor extracts, complementary food oils, vitamin drops, plant extract solutions, experimental liquids, pet drops, nutritionals, medicinal oils, ear care lotion, pet deworming medicine, small-dose liquids for precision instruments such as lubricants and soldering agents, etc.liquids filling.<\/p>\n<p style=\"font-weight: 400;\">Other matched equipments for essential oil filling machine: <a href=\"https:\/\/siderealmachine.com\/fr\/produit\/bottle-feeder-for-automatic-package-filling-machine\/\">bottle feeder<\/a>, bottle unscrambler, <a href=\"https:\/\/siderealmachine.com\/fr\/produit\/bottle-washing-machine-and-drying-machine\/\">bottle washing<\/a>, filling, <a href=\"https:\/\/siderealmachine.com\/fr\/produit\/automatic-capping-machine\/\">capping<\/a>, <a href=\"https:\/\/siderealmachine.com\/fr\/produit\/induction-automatic-labeling-machine\/\">labeling<\/a>, expire date printing, foil sealing, counting, bottle boxing, sterilizing dryer, etc.<\/p>\n<p>&nbsp;<\/p>","protected":false},"excerpt":{"rendered":"<p style=\"font-weight: 400;\">Flacon applicable : 2-30ml<\/p>\n<p style=\"font-weight: 400;\">Capacit\u00e9 de production : 30-50 bouteilles\/min 60-80 bouteilles\/min, peut \u00eatre ajust\u00e9e selon les besoins du client.<\/p>\n<p style=\"font-weight: 400;\">Tension : 220V 50Hz<\/p>\n<p style=\"font-weight: 400;\">Puissance : 1,5KW<\/p>\n<p style=\"font-weight: 400;\">Consommation d'air : 0,8-2m\u00b3\/h 0,3-0,8Mpa<\/p>\n<p style=\"font-weight: 400;\">Poids : 500KG<\/p>\n<p style=\"font-weight: 400;\">Dimensions : 2000*1250*1600mm<\/p>","protected":false},"featured_media":2155,"template":"","meta":{"_acf_changed":false,"inline_featured_image":false,"_kad_post_transparent":"default","_kad_post_title":"","_kad_post_layout":"default","_kad_post_sidebar_id":"","_kad_post_content_style":"default","_kad_post_vertical_padding":"default","_kad_post_feature":"","_kad_post_feature_position":"","_kad_post_header":false,"_kad_post_footer":false},"product_brand":[],"product_cat":[15,18],"product_tag":[],"class_list":{"0":"post-665","1":"product","2":"type-product","3":"status-publish","4":"has-post-thumbnail","6":"product_cat-sidereal-machine-package-filling","7":"product_cat-skin-care-cosmetic-filling-machine","9":"first","10":"instock","11":"shipping-taxable","12":"product-type-simple","13":"entry","14":"content-bg","15":"loop-entry"},"acf":[],"yoast_head":"<!-- This site is optimized with the Yoast SEO plugin v24.5 - https:\/\/yoast.com\/wordpress\/plugins\/seo\/ -->\n<title>Essential Oil glass dropper bottle Filling Machine - Sidereal Machine<\/title>\n<meta name=\"description\" content=\"The Essential Oil Filling and Capping Machine is designed for filling small-dose liquids ranging from 2-30ml, such as nail polish, essential oils\" \/>\n<meta name=\"robots\" content=\"index, follow, max-snippet:-1, max-image-preview:large, max-video-preview:-1\" \/>\n<link rel=\"canonical\" href=\"https:\/\/siderealmachine.com\/fr\/produit\/essential-oil-bottle-filling-machine\/\" \/>\n<meta property=\"og:locale\" content=\"fr_FR\" \/>\n<meta property=\"og:type\" content=\"article\" \/>\n<meta property=\"og:title\" content=\"Essential Oil glass dropper bottle Filling Machine - Sidereal Machine\" \/>\n<meta property=\"og:description\" content=\"The Essential Oil Filling and Capping Machine is designed for filling small-dose liquids ranging from 2-30ml, such as nail polish, essential oils\" \/>\n<meta property=\"og:url\" content=\"https:\/\/siderealmachine.com\/fr\/produit\/essential-oil-bottle-filling-machine\/\" \/>\n<meta property=\"og:site_name\" content=\"Sidereal Machine\" \/>\n<meta property=\"article:modified_time\" content=\"2026-04-10T08:02:46+00:00\" \/>\n<meta property=\"og:image\" content=\"https:\/\/siderealmachine.com\/wp-content\/uploads\/2025\/03\/Essential-oil-filling-machine.jpg\" \/>\n\t<meta property=\"og:image:width\" content=\"1200\" \/>\n\t<meta property=\"og:image:height\" content=\"1200\" \/>\n\t<meta property=\"og:image:type\" content=\"image\/jpeg\" \/>\n<meta name=\"twitter:card\" content=\"summary_large_image\" \/>\n<meta name=\"twitter:label1\" content=\"Dur\u00e9e de lecture estim\u00e9e\" \/>\n\t<meta name=\"twitter:data1\" content=\"2 minutes\" \/>\n<script type=\"application\/ld+json\" class=\"yoast-schema-graph\">{\"@context\":\"https:\/\/schema.org\",\"@graph\":[{\"@type\":\"WebPage\",\"@id\":\"https:\/\/siderealmachine.com\/product\/essential-oil-bottle-filling-machine\/\",\"url\":\"https:\/\/siderealmachine.com\/product\/essential-oil-bottle-filling-machine\/\",\"name\":\"Essential Oil glass dropper bottle Filling Machine - Sidereal Machine\",\"isPartOf\":{\"@id\":\"https:\/\/siderealmachine.com\/#website\"},\"primaryImageOfPage\":{\"@id\":\"https:\/\/siderealmachine.com\/product\/essential-oil-bottle-filling-machine\/#primaryimage\"},\"image\":{\"@id\":\"https:\/\/siderealmachine.com\/product\/essential-oil-bottle-filling-machine\/#primaryimage\"},\"thumbnailUrl\":\"https:\/\/siderealmachine.com\/wp-content\/uploads\/2025\/03\/Essential-oil-filling-machine.jpg\",\"datePublished\":\"2025-03-03T18:05:53+00:00\",\"dateModified\":\"2026-04-10T08:02:46+00:00\",\"description\":\"The Essential Oil Filling and Capping Machine is designed for filling small-dose liquids ranging from 2-30ml, such as nail polish, essential oils\",\"breadcrumb\":{\"@id\":\"https:\/\/siderealmachine.com\/product\/essential-oil-bottle-filling-machine\/#breadcrumb\"},\"inLanguage\":\"fr-FR\",\"potentialAction\":[{\"@type\":\"ReadAction\",\"target\":[\"https:\/\/siderealmachine.com\/product\/essential-oil-bottle-filling-machine\/\"]}]},{\"@type\":\"ImageObject\",\"inLanguage\":\"fr-FR\",\"@id\":\"https:\/\/siderealmachine.com\/product\/essential-oil-bottle-filling-machine\/#primaryimage\",\"url\":\"https:\/\/siderealmachine.com\/wp-content\/uploads\/2025\/03\/Essential-oil-filling-machine.jpg\",\"contentUrl\":\"https:\/\/siderealmachine.com\/wp-content\/uploads\/2025\/03\/Essential-oil-filling-machine.jpg\",\"width\":1200,\"height\":1200},{\"@type\":\"BreadcrumbList\",\"@id\":\"https:\/\/siderealmachine.com\/product\/essential-oil-bottle-filling-machine\/#breadcrumb\",\"itemListElement\":[{\"@type\":\"ListItem\",\"position\":1,\"name\":\"Home\",\"item\":\"https:\/\/siderealmachine.com\/\"},{\"@type\":\"ListItem\",\"position\":2,\"name\":\"Products\",\"item\":\"https:\/\/siderealmachine.com\/products\/\"},{\"@type\":\"ListItem\",\"position\":3,\"name\":\"Essential Oil glass dropper bottle Filling Machine\"}]},{\"@type\":\"WebSite\",\"@id\":\"https:\/\/siderealmachine.com\/#website\",\"url\":\"https:\/\/siderealmachine.com\/\",\"name\":\"Sidereal Machine\",\"description\":\"\",\"publisher\":{\"@id\":\"https:\/\/siderealmachine.com\/#organization\"},\"potentialAction\":[{\"@type\":\"SearchAction\",\"target\":{\"@type\":\"EntryPoint\",\"urlTemplate\":\"https:\/\/siderealmachine.com\/?s={search_term_string}\"},\"query-input\":{\"@type\":\"PropertyValueSpecification\",\"valueRequired\":true,\"valueName\":\"search_term_string\"}}],\"inLanguage\":\"fr-FR\"},{\"@type\":\"Organization\",\"@id\":\"https:\/\/siderealmachine.com\/#organization\",\"name\":\"Sidereal Machine\",\"url\":\"https:\/\/siderealmachine.com\/\",\"logo\":{\"@type\":\"ImageObject\",\"inLanguage\":\"fr-FR\",\"@id\":\"https:\/\/siderealmachine.com\/#\/schema\/logo\/image\/\",\"url\":\"https:\/\/siderealmachine.com\/wp-content\/uploads\/2025\/11\/cropped-Sidereal-machine-2.png\",\"contentUrl\":\"https:\/\/siderealmachine.com\/wp-content\/uploads\/2025\/11\/cropped-Sidereal-machine-2.png\",\"width\":686,\"height\":663,\"caption\":\"Sidereal Machine\"},\"image\":{\"@id\":\"https:\/\/siderealmachine.com\/#\/schema\/logo\/image\/\"}}]}<\/script>\n<!-- \/ Yoast SEO plugin. -->","yoast_head_json":{"title":"Essential Oil glass dropper bottle Filling Machine - Sidereal Machine","description":"The Essential Oil Filling and Capping Machine is designed for filling small-dose liquids ranging from 2-30ml, such as nail polish, essential oils","robots":{"index":"index","follow":"follow","max-snippet":"max-snippet:-1","max-image-preview":"max-image-preview:large","max-video-preview":"max-video-preview:-1"},"canonical":"https:\/\/siderealmachine.com\/fr\/produit\/essential-oil-bottle-filling-machine\/","og_locale":"fr_FR","og_type":"article","og_title":"Essential Oil glass dropper bottle Filling Machine - Sidereal Machine","og_description":"The Essential Oil Filling and Capping Machine is designed for filling small-dose liquids ranging from 2-30ml, such as nail polish, essential oils","og_url":"https:\/\/siderealmachine.com\/fr\/produit\/essential-oil-bottle-filling-machine\/","og_site_name":"Sidereal Machine","article_modified_time":"2026-04-10T08:02:46+00:00","og_image":[{"width":1200,"height":1200,"url":"https:\/\/siderealmachine.com\/wp-content\/uploads\/2025\/03\/Essential-oil-filling-machine.jpg","type":"image\/jpeg"}],"twitter_card":"summary_large_image","twitter_misc":{"Dur\u00e9e de lecture estim\u00e9e":"2 minutes"},"schema":{"@context":"https:\/\/schema.org","@graph":[{"@type":"WebPage","@id":"https:\/\/siderealmachine.com\/product\/essential-oil-bottle-filling-machine\/","url":"https:\/\/siderealmachine.com\/product\/essential-oil-bottle-filling-machine\/","name":"Essential Oil glass dropper bottle Filling Machine - Sidereal Machine","isPartOf":{"@id":"https:\/\/siderealmachine.com\/#website"},"primaryImageOfPage":{"@id":"https:\/\/siderealmachine.com\/product\/essential-oil-bottle-filling-machine\/#primaryimage"},"image":{"@id":"https:\/\/siderealmachine.com\/product\/essential-oil-bottle-filling-machine\/#primaryimage"},"thumbnailUrl":"https:\/\/siderealmachine.com\/wp-content\/uploads\/2025\/03\/Essential-oil-filling-machine.jpg","datePublished":"2025-03-03T18:05:53+00:00","dateModified":"2026-04-10T08:02:46+00:00","description":"The Essential Oil Filling and Capping Machine is designed for filling small-dose liquids ranging from 2-30ml, such as nail polish, essential oils","breadcrumb":{"@id":"https:\/\/siderealmachine.com\/product\/essential-oil-bottle-filling-machine\/#breadcrumb"},"inLanguage":"fr-FR","potentialAction":[{"@type":"ReadAction","target":["https:\/\/siderealmachine.com\/product\/essential-oil-bottle-filling-machine\/"]}]},{"@type":"ImageObject","inLanguage":"fr-FR","@id":"https:\/\/siderealmachine.com\/product\/essential-oil-bottle-filling-machine\/#primaryimage","url":"https:\/\/siderealmachine.com\/wp-content\/uploads\/2025\/03\/Essential-oil-filling-machine.jpg","contentUrl":"https:\/\/siderealmachine.com\/wp-content\/uploads\/2025\/03\/Essential-oil-filling-machine.jpg","width":1200,"height":1200},{"@type":"BreadcrumbList","@id":"https:\/\/siderealmachine.com\/product\/essential-oil-bottle-filling-machine\/#breadcrumb","itemListElement":[{"@type":"ListItem","position":1,"name":"Home","item":"https:\/\/siderealmachine.com\/"},{"@type":"ListItem","position":2,"name":"Products","item":"https:\/\/siderealmachine.com\/products\/"},{"@type":"ListItem","position":3,"name":"Essential Oil glass dropper bottle Filling Machine"}]},{"@type":"WebSite","@id":"https:\/\/siderealmachine.com\/#website","url":"https:\/\/siderealmachine.com\/","name":"Sidereal Machine","description":"","publisher":{"@id":"https:\/\/siderealmachine.com\/#organization"},"potentialAction":[{"@type":"SearchAction","target":{"@type":"EntryPoint","urlTemplate":"https:\/\/siderealmachine.com\/?s={search_term_string}"},"query-input":{"@type":"PropertyValueSpecification","valueRequired":true,"valueName":"search_term_string"}}],"inLanguage":"fr-FR"},{"@type":"Organization","@id":"https:\/\/siderealmachine.com\/#organization","name":"Sidereal Machine","url":"https:\/\/siderealmachine.com\/","logo":{"@type":"ImageObject","inLanguage":"fr-FR","@id":"https:\/\/siderealmachine.com\/#\/schema\/logo\/image\/","url":"https:\/\/siderealmachine.com\/wp-content\/uploads\/2025\/11\/cropped-Sidereal-machine-2.png","contentUrl":"https:\/\/siderealmachine.com\/wp-content\/uploads\/2025\/11\/cropped-Sidereal-machine-2.png","width":686,"height":663,"caption":"Sidereal Machine"},"image":{"@id":"https:\/\/siderealmachine.com\/#\/schema\/logo\/image\/"}}]}},"_links":{"self":[{"href":"https:\/\/siderealmachine.com\/fr\/wp-json\/wp\/v2\/product\/665","targetHints":{"allow":["GET"]}}],"collection":[{"href":"https:\/\/siderealmachine.com\/fr\/wp-json\/wp\/v2\/product"}],"about":[{"href":"https:\/\/siderealmachine.com\/fr\/wp-json\/wp\/v2\/types\/product"}],"wp:featuredmedia":[{"embeddable":true,"href":"https:\/\/siderealmachine.com\/fr\/wp-json\/wp\/v2\/media\/2155"}],"wp:attachment":[{"href":"https:\/\/siderealmachine.com\/fr\/wp-json\/wp\/v2\/media?parent=665"}],"wp:term":[{"taxonomy":"product_brand","embeddable":true,"href":"https:\/\/siderealmachine.com\/fr\/wp-json\/wp\/v2\/product_brand?post=665"},{"taxonomy":"product_cat","embeddable":true,"href":"https:\/\/siderealmachine.com\/fr\/wp-json\/wp\/v2\/product_cat?post=665"},{"taxonomy":"product_tag","embeddable":true,"href":"https:\/\/siderealmachine.com\/fr\/wp-json\/wp\/v2\/product_tag?post=665"}],"curies":[{"name":"wp","href":"https:\/\/api.w.org\/{rel}","templated":true}]}}