{"id":670,"date":"2025-03-03T19:37:21","date_gmt":"2025-03-03T19:37:21","guid":{"rendered":"https:\/\/siderealmachine.com\/?post_type=product&#038;p=670"},"modified":"2026-04-14T09:55:55","modified_gmt":"2026-04-14T09:55:55","slug":"oral-solution-filling-capping-machine","status":"publish","type":"product","link":"https:\/\/siderealmachine.com\/fr\/produit\/oral-solution-filling-capping-machine\/","title":{"rendered":"Machine de remplissage de flacons de solution orale 30ml-150ml"},"content":{"rendered":"<p style=\"font-weight: 400;\">The Oral Solution Filling and Capping Machine is designed for bottled liquids of 30ML and above. This packaging bottles filling machine features rotary positioning for cap placement and capping, with an electromagnetic vibration system for cap feeding, ensuring stable operation and a well-structured design. It is widely used in the pharmaceutical, food, chemical, health products, and pesticide industries. It is manufactured in full compliance with the latest GMP standards.<\/p>\n<h4 style=\"font-weight: 400;\"><strong>Caract\u00e9ristiques :<\/strong><\/h4>\n<ol>\n<li>Contr\u00f4le PLC avec \u00e9cran tactile pour une utilisation facile, plusieurs langues en option.<\/li>\n<li>Remplissage et bouchage int\u00e9gr\u00e9s, avec une structure bien con\u00e7ue.<\/li>\n<li>Fonction d'arr\u00eat automatique lorsqu'aucune bouteille n'est d\u00e9tect\u00e9e ; le remplissage reprend automatiquement lorsque des bouteilles sont pr\u00e9sentes, ce qui r\u00e9duit le taux de casse des bouteilles.<\/li>\n<li>Bouchage enti\u00e8rement automatique, utilisant un syst\u00e8me de roulement \u00e0 quatre fils pour assurer un scellage s\u00fbr et esth\u00e9tique.<\/li>\n<li>Conception raisonnable pour un fonctionnement stable.<\/li>\n<li>Alimentation en bouchons par vibration \u00e9lectromagn\u00e9tique avec mise en place automatique des bouchons.<\/li>\n<li>Fabriqu\u00e9 en acier inoxydable SUS304 et 316L, enti\u00e8rement conforme aux derni\u00e8res normes GMP.<\/li>\n<li>Personnalisable<\/li>\n<li>Moules faciles \u00e0 remplacer, adapt\u00e9s \u00e0 diff\u00e9rentes capacit\u00e9s de production de bouteilles.<\/li>\n<\/ol>\n<h4 style=\"font-weight: 400;\"><strong>Application:<\/strong><\/h4>\n<p>Oral liquids, syrups, medical mouthwashes, pet\/animal oral medications, juices, concentrated fruit drinks, skin care essences, essential oils, medical reagents, chemical reagents, etc. liquid filling.<\/p>\n<p>Other matched equipments for the oral solution filling capping production machine: <a href=\"https:\/\/siderealmachine.com\/fr\/produit\/bottle-feeder-for-automatic-package-filling-machine\/\">bottle feeder<\/a>, <a href=\"https:\/\/siderealmachine.com\/fr\/produit\/bottle-washing-machine-and-drying-machine\/\">bottle washing<\/a>, <a href=\"https:\/\/siderealmachine.com\/fr\/produit\/induction-automatic-labeling-machine\/\">labeling<\/a>, expire date printing, foil sealing, counting, bottle boxing, sterilizing dryer,etc.<\/p>\n<p>&nbsp;<\/p>","protected":false},"excerpt":{"rendered":"<p style=\"font-weight: 400;\">Flacon applicable : 30ml-150ml<\/p>\n<p style=\"font-weight: 400;\">Capacit\u00e9 de production : 30-50 bouteilles\/min, 60-80 bouteilles\/min, peut \u00eatre ajust\u00e9e en fonction des besoins du client.<\/p>\n<p style=\"font-weight: 400;\">Pr\u00e9cision de remplissage : \u226598%<\/p>\n<p style=\"font-weight: 400;\">Tension : 220V 50Hz<\/p>\n<p style=\"font-weight: 400;\">Puissance : 2KW<\/p>\n<p style=\"font-weight: 400;\">Consommation d'air : 0,8-2m\u00b3\/h 0,3-0,8Mpa<\/p>\n<p style=\"font-weight: 400;\">Poids : 500KG<\/p>\n<p style=\"font-weight: 400;\">Dimensions : 2000*1250*1700mm<\/p>","protected":false},"featured_media":2150,"template":"","meta":{"_acf_changed":false,"inline_featured_image":false,"_kad_post_transparent":"default","_kad_post_title":"","_kad_post_layout":"default","_kad_post_sidebar_id":"","_kad_post_content_style":"default","_kad_post_vertical_padding":"default","_kad_post_feature":"","_kad_post_feature_position":"","_kad_post_header":false,"_kad_post_footer":false},"product_brand":[],"product_cat":[15,19],"product_tag":[],"class_list":{"0":"post-670","1":"product","2":"type-product","3":"status-publish","4":"has-post-thumbnail","6":"product_cat-sidereal-machine-package-filling","7":"product_cat-food-beverage-filling-machine","9":"first","10":"instock","11":"shipping-taxable","12":"product-type-simple","13":"entry","14":"content-bg","15":"loop-entry"},"acf":[],"yoast_head":"<!-- This site is optimized with the Yoast SEO plugin v24.5 - https:\/\/yoast.com\/wordpress\/plugins\/seo\/ -->\n<title>30ml-150ml Oral Solution Packaging Bottles Filling Machine - Sidereal Machine<\/title>\n<meta name=\"description\" content=\"The Oral Solution Filling Capping Machine is designed for bottled liquids of 30ML and above. It features rotary positioning for cap placement and capping\" \/>\n<meta name=\"robots\" content=\"index, follow, max-snippet:-1, max-image-preview:large, max-video-preview:-1\" \/>\n<link rel=\"canonical\" href=\"https:\/\/siderealmachine.com\/fr\/produit\/oral-solution-filling-capping-machine\/\" \/>\n<meta property=\"og:locale\" content=\"fr_FR\" \/>\n<meta property=\"og:type\" content=\"article\" \/>\n<meta property=\"og:title\" content=\"30ml-150ml Oral Solution Packaging Bottles Filling Machine - Sidereal Machine\" \/>\n<meta property=\"og:description\" content=\"The Oral Solution Filling Capping Machine is designed for bottled liquids of 30ML and above. It features rotary positioning for cap placement and capping\" \/>\n<meta property=\"og:url\" content=\"https:\/\/siderealmachine.com\/fr\/produit\/oral-solution-filling-capping-machine\/\" \/>\n<meta property=\"og:site_name\" content=\"Sidereal Machine\" \/>\n<meta property=\"article:modified_time\" content=\"2026-04-14T09:55:55+00:00\" \/>\n<meta property=\"og:image\" content=\"https:\/\/siderealmachine.com\/wp-content\/uploads\/2025\/03\/Automatic-Oral-Solution-Fruit-Syrup-Juice-Enzyme-Bottles-Filling-Machine-5.jpg\" \/>\n\t<meta property=\"og:image:width\" content=\"1200\" \/>\n\t<meta property=\"og:image:height\" content=\"1200\" \/>\n\t<meta property=\"og:image:type\" content=\"image\/jpeg\" \/>\n<meta name=\"twitter:card\" content=\"summary_large_image\" \/>\n<meta name=\"twitter:label1\" content=\"Dur\u00e9e de lecture estim\u00e9e\" \/>\n\t<meta name=\"twitter:data1\" content=\"2 minutes\" \/>\n<script type=\"application\/ld+json\" class=\"yoast-schema-graph\">{\"@context\":\"https:\/\/schema.org\",\"@graph\":[{\"@type\":\"WebPage\",\"@id\":\"https:\/\/siderealmachine.com\/product\/oral-solution-filling-capping-machine\/\",\"url\":\"https:\/\/siderealmachine.com\/product\/oral-solution-filling-capping-machine\/\",\"name\":\"30ml-150ml Oral Solution Packaging Bottles Filling Machine - Sidereal Machine\",\"isPartOf\":{\"@id\":\"https:\/\/siderealmachine.com\/#website\"},\"primaryImageOfPage\":{\"@id\":\"https:\/\/siderealmachine.com\/product\/oral-solution-filling-capping-machine\/#primaryimage\"},\"image\":{\"@id\":\"https:\/\/siderealmachine.com\/product\/oral-solution-filling-capping-machine\/#primaryimage\"},\"thumbnailUrl\":\"https:\/\/siderealmachine.com\/wp-content\/uploads\/2025\/03\/Automatic-Oral-Solution-Fruit-Syrup-Juice-Enzyme-Bottles-Filling-Machine-5.jpg\",\"datePublished\":\"2025-03-03T19:37:21+00:00\",\"dateModified\":\"2026-04-14T09:55:55+00:00\",\"description\":\"The Oral Solution Filling Capping Machine is designed for bottled liquids of 30ML and above. It features rotary positioning for cap placement and capping\",\"breadcrumb\":{\"@id\":\"https:\/\/siderealmachine.com\/product\/oral-solution-filling-capping-machine\/#breadcrumb\"},\"inLanguage\":\"fr-FR\",\"potentialAction\":[{\"@type\":\"ReadAction\",\"target\":[\"https:\/\/siderealmachine.com\/product\/oral-solution-filling-capping-machine\/\"]}]},{\"@type\":\"ImageObject\",\"inLanguage\":\"fr-FR\",\"@id\":\"https:\/\/siderealmachine.com\/product\/oral-solution-filling-capping-machine\/#primaryimage\",\"url\":\"https:\/\/siderealmachine.com\/wp-content\/uploads\/2025\/03\/Automatic-Oral-Solution-Fruit-Syrup-Juice-Enzyme-Bottles-Filling-Machine-5.jpg\",\"contentUrl\":\"https:\/\/siderealmachine.com\/wp-content\/uploads\/2025\/03\/Automatic-Oral-Solution-Fruit-Syrup-Juice-Enzyme-Bottles-Filling-Machine-5.jpg\",\"width\":1200,\"height\":1200},{\"@type\":\"BreadcrumbList\",\"@id\":\"https:\/\/siderealmachine.com\/product\/oral-solution-filling-capping-machine\/#breadcrumb\",\"itemListElement\":[{\"@type\":\"ListItem\",\"position\":1,\"name\":\"Home\",\"item\":\"https:\/\/siderealmachine.com\/\"},{\"@type\":\"ListItem\",\"position\":2,\"name\":\"Products\",\"item\":\"https:\/\/siderealmachine.com\/products\/\"},{\"@type\":\"ListItem\",\"position\":3,\"name\":\"30ml-150ml Oral Solution Packaging Bottles Filling Machine\"}]},{\"@type\":\"WebSite\",\"@id\":\"https:\/\/siderealmachine.com\/#website\",\"url\":\"https:\/\/siderealmachine.com\/\",\"name\":\"Sidereal Machine\",\"description\":\"\",\"publisher\":{\"@id\":\"https:\/\/siderealmachine.com\/#organization\"},\"potentialAction\":[{\"@type\":\"SearchAction\",\"target\":{\"@type\":\"EntryPoint\",\"urlTemplate\":\"https:\/\/siderealmachine.com\/?s={search_term_string}\"},\"query-input\":{\"@type\":\"PropertyValueSpecification\",\"valueRequired\":true,\"valueName\":\"search_term_string\"}}],\"inLanguage\":\"fr-FR\"},{\"@type\":\"Organization\",\"@id\":\"https:\/\/siderealmachine.com\/#organization\",\"name\":\"Sidereal Machine\",\"url\":\"https:\/\/siderealmachine.com\/\",\"logo\":{\"@type\":\"ImageObject\",\"inLanguage\":\"fr-FR\",\"@id\":\"https:\/\/siderealmachine.com\/#\/schema\/logo\/image\/\",\"url\":\"https:\/\/siderealmachine.com\/wp-content\/uploads\/2025\/11\/cropped-Sidereal-machine-2.png\",\"contentUrl\":\"https:\/\/siderealmachine.com\/wp-content\/uploads\/2025\/11\/cropped-Sidereal-machine-2.png\",\"width\":686,\"height\":663,\"caption\":\"Sidereal Machine\"},\"image\":{\"@id\":\"https:\/\/siderealmachine.com\/#\/schema\/logo\/image\/\"}}]}<\/script>\n<!-- \/ Yoast SEO plugin. -->","yoast_head_json":{"title":"30ml-150ml Oral Solution Packaging Bottles Filling Machine - Sidereal Machine","description":"The Oral Solution Filling Capping Machine is designed for bottled liquids of 30ML and above. It features rotary positioning for cap placement and capping","robots":{"index":"index","follow":"follow","max-snippet":"max-snippet:-1","max-image-preview":"max-image-preview:large","max-video-preview":"max-video-preview:-1"},"canonical":"https:\/\/siderealmachine.com\/fr\/produit\/oral-solution-filling-capping-machine\/","og_locale":"fr_FR","og_type":"article","og_title":"30ml-150ml Oral Solution Packaging Bottles Filling Machine - Sidereal Machine","og_description":"The Oral Solution Filling Capping Machine is designed for bottled liquids of 30ML and above. It features rotary positioning for cap placement and capping","og_url":"https:\/\/siderealmachine.com\/fr\/produit\/oral-solution-filling-capping-machine\/","og_site_name":"Sidereal Machine","article_modified_time":"2026-04-14T09:55:55+00:00","og_image":[{"width":1200,"height":1200,"url":"https:\/\/siderealmachine.com\/wp-content\/uploads\/2025\/03\/Automatic-Oral-Solution-Fruit-Syrup-Juice-Enzyme-Bottles-Filling-Machine-5.jpg","type":"image\/jpeg"}],"twitter_card":"summary_large_image","twitter_misc":{"Dur\u00e9e de lecture estim\u00e9e":"2 minutes"},"schema":{"@context":"https:\/\/schema.org","@graph":[{"@type":"WebPage","@id":"https:\/\/siderealmachine.com\/product\/oral-solution-filling-capping-machine\/","url":"https:\/\/siderealmachine.com\/product\/oral-solution-filling-capping-machine\/","name":"30ml-150ml Oral Solution Packaging Bottles Filling Machine - Sidereal Machine","isPartOf":{"@id":"https:\/\/siderealmachine.com\/#website"},"primaryImageOfPage":{"@id":"https:\/\/siderealmachine.com\/product\/oral-solution-filling-capping-machine\/#primaryimage"},"image":{"@id":"https:\/\/siderealmachine.com\/product\/oral-solution-filling-capping-machine\/#primaryimage"},"thumbnailUrl":"https:\/\/siderealmachine.com\/wp-content\/uploads\/2025\/03\/Automatic-Oral-Solution-Fruit-Syrup-Juice-Enzyme-Bottles-Filling-Machine-5.jpg","datePublished":"2025-03-03T19:37:21+00:00","dateModified":"2026-04-14T09:55:55+00:00","description":"The Oral Solution Filling Capping Machine is designed for bottled liquids of 30ML and above. It features rotary positioning for cap placement and capping","breadcrumb":{"@id":"https:\/\/siderealmachine.com\/product\/oral-solution-filling-capping-machine\/#breadcrumb"},"inLanguage":"fr-FR","potentialAction":[{"@type":"ReadAction","target":["https:\/\/siderealmachine.com\/product\/oral-solution-filling-capping-machine\/"]}]},{"@type":"ImageObject","inLanguage":"fr-FR","@id":"https:\/\/siderealmachine.com\/product\/oral-solution-filling-capping-machine\/#primaryimage","url":"https:\/\/siderealmachine.com\/wp-content\/uploads\/2025\/03\/Automatic-Oral-Solution-Fruit-Syrup-Juice-Enzyme-Bottles-Filling-Machine-5.jpg","contentUrl":"https:\/\/siderealmachine.com\/wp-content\/uploads\/2025\/03\/Automatic-Oral-Solution-Fruit-Syrup-Juice-Enzyme-Bottles-Filling-Machine-5.jpg","width":1200,"height":1200},{"@type":"BreadcrumbList","@id":"https:\/\/siderealmachine.com\/product\/oral-solution-filling-capping-machine\/#breadcrumb","itemListElement":[{"@type":"ListItem","position":1,"name":"Home","item":"https:\/\/siderealmachine.com\/"},{"@type":"ListItem","position":2,"name":"Products","item":"https:\/\/siderealmachine.com\/products\/"},{"@type":"ListItem","position":3,"name":"30ml-150ml Oral Solution Packaging Bottles Filling Machine"}]},{"@type":"WebSite","@id":"https:\/\/siderealmachine.com\/#website","url":"https:\/\/siderealmachine.com\/","name":"Sidereal Machine","description":"","publisher":{"@id":"https:\/\/siderealmachine.com\/#organization"},"potentialAction":[{"@type":"SearchAction","target":{"@type":"EntryPoint","urlTemplate":"https:\/\/siderealmachine.com\/?s={search_term_string}"},"query-input":{"@type":"PropertyValueSpecification","valueRequired":true,"valueName":"search_term_string"}}],"inLanguage":"fr-FR"},{"@type":"Organization","@id":"https:\/\/siderealmachine.com\/#organization","name":"Sidereal Machine","url":"https:\/\/siderealmachine.com\/","logo":{"@type":"ImageObject","inLanguage":"fr-FR","@id":"https:\/\/siderealmachine.com\/#\/schema\/logo\/image\/","url":"https:\/\/siderealmachine.com\/wp-content\/uploads\/2025\/11\/cropped-Sidereal-machine-2.png","contentUrl":"https:\/\/siderealmachine.com\/wp-content\/uploads\/2025\/11\/cropped-Sidereal-machine-2.png","width":686,"height":663,"caption":"Sidereal Machine"},"image":{"@id":"https:\/\/siderealmachine.com\/#\/schema\/logo\/image\/"}}]}},"_links":{"self":[{"href":"https:\/\/siderealmachine.com\/fr\/wp-json\/wp\/v2\/product\/670","targetHints":{"allow":["GET"]}}],"collection":[{"href":"https:\/\/siderealmachine.com\/fr\/wp-json\/wp\/v2\/product"}],"about":[{"href":"https:\/\/siderealmachine.com\/fr\/wp-json\/wp\/v2\/types\/product"}],"wp:featuredmedia":[{"embeddable":true,"href":"https:\/\/siderealmachine.com\/fr\/wp-json\/wp\/v2\/media\/2150"}],"wp:attachment":[{"href":"https:\/\/siderealmachine.com\/fr\/wp-json\/wp\/v2\/media?parent=670"}],"wp:term":[{"taxonomy":"product_brand","embeddable":true,"href":"https:\/\/siderealmachine.com\/fr\/wp-json\/wp\/v2\/product_brand?post=670"},{"taxonomy":"product_cat","embeddable":true,"href":"https:\/\/siderealmachine.com\/fr\/wp-json\/wp\/v2\/product_cat?post=670"},{"taxonomy":"product_tag","embeddable":true,"href":"https:\/\/siderealmachine.com\/fr\/wp-json\/wp\/v2\/product_tag?post=670"}],"curies":[{"name":"wp","href":"https:\/\/api.w.org\/{rel}","templated":true}]}}